{"id":454,"date":"2024-09-23T11:33:40","date_gmt":"2024-09-23T03:33:40","guid":{"rendered":"https:\/\/www.reefb.com\/?page_id=454"},"modified":"2025-07-23T12:20:27","modified_gmt":"2025-07-23T04:20:27","slug":"contact-us","status":"publish","type":"page","link":"https:\/\/www.reefb.com\/pt\/contact-us\/","title":{"rendered":"Contactar-nos"},"content":{"rendered":"<div data-elementor-type=\"wp-page\" data-elementor-id=\"454\" class=\"elementor elementor-454\" data-elementor-post-type=\"page\">\n\t\t\t\t<div class=\"elementor-element elementor-element-20c5d46 e-con-full elementor-hidden-desktop elementor-hidden-tablet elementor-hidden-mobile e-flex e-con e-parent\" data-id=\"20c5d46\" data-element_type=\"container\">\n\t\t\t\t<div class=\"elementor-element elementor-element-9eec91d elementor-widget elementor-widget-heading\" data-id=\"9eec91d\" data-element_type=\"widget\" data-widget_type=\"heading.default\">\n\t\t\t\t<div class=\"elementor-widget-container\">\n\t\t\t<h2 class=\"elementor-heading-title elementor-size-default\">Entrar em contacto<\/h2>\t\t<\/div>\n\t\t\t\t<\/div>\n\t\t\t\t<div class=\"elementor-element elementor-element-829684d elementor-widget-divider--view-line elementor-widget elementor-widget-divider\" data-id=\"829684d\" data-element_type=\"widget\" data-widget_type=\"divider.default\">\n\t\t\t\t<div class=\"elementor-widget-container\">\n\t\t\t\t\t<div class=\"elementor-divider\">\n\t\t\t<span class=\"elementor-divider-separator\">\n\t\t\t\t\t\t<\/span>\n\t\t<\/div>\n\t\t\t\t<\/div>\n\t\t\t\t<\/div>\n\t\t\t\t<div class=\"elementor-element elementor-element-166ac41 elementor-button-align-start Page_ContactForm elementor-widget elementor-widget-form\" data-id=\"166ac41\" data-element_type=\"widget\" data-settings=\"{&quot;step_next_label&quot;:&quot;Next&quot;,&quot;step_previous_label&quot;:&quot;Previous&quot;,&quot;button_width&quot;:&quot;100&quot;,&quot;step_type&quot;:&quot;number_text&quot;,&quot;step_icon_shape&quot;:&quot;circle&quot;}\" data-widget_type=\"form.default\">\n\t\t\t\t<div class=\"elementor-widget-container\">\n\t\t\t\t\t<form class=\"elementor-form\" method=\"post\" name=\"New Form\" action=\"\">\n\t\t\t<input type=\"hidden\" name=\"post_id\" value=\"454\"\/>\n\t\t\t<input type=\"hidden\" name=\"form_id\" value=\"166ac41\"\/>\n\t\t\t<input type=\"hidden\" name=\"referer_title\" value=\"REEFB\" \/>\n\n\t\t\t\n\t\t\t<div class=\"elementor-form-fields-wrapper elementor-labels-above\">\n\t\t\t\t\t\t\t\t<div class=\"elementor-field-type-text elementor-field-group elementor-column elementor-field-group-field_c976ea2 elementor-col-100 elementor-field-required elementor-mark-required\">\n\t\t\t\t\t\t\t\t\t\t\t\t<label for=\"form-field-field_c976ea2\" class=\"elementor-field-label\">\n\t\t\t\t\t\t\t\tApelido\t\t\t\t\t\t\t<\/label>\n\t\t\t\t\t\t\t\t\t\t\t\t\t\t<input size=\"1\" type=\"text\" name=\"form_fields[field_c976ea2]\" id=\"form-field-field_c976ea2\" class=\"elementor-field elementor-size-sm  elementor-field-textual\" required=\"required\" aria-required=\"true\">\n\t\t\t\t\t\t\t\t\t\t\t<\/div>\n\t\t\t\t\t\t\t\t<div class=\"elementor-field-type-text elementor-field-group elementor-column elementor-field-group-field_a4bcc6d elementor-col-100 elementor-field-required elementor-mark-required\">\n\t\t\t\t\t\t\t\t\t\t\t\t<label for=\"form-field-field_a4bcc6d\" class=\"elementor-field-label\">\n\t\t\t\t\t\t\t\tNome pr\u00f3prio\t\t\t\t\t\t\t<\/label>\n\t\t\t\t\t\t\t\t\t\t\t\t\t\t<input size=\"1\" type=\"text\" name=\"form_fields[field_a4bcc6d]\" id=\"form-field-field_a4bcc6d\" class=\"elementor-field elementor-size-sm  elementor-field-textual\" required=\"required\" aria-required=\"true\">\n\t\t\t\t\t\t\t\t\t\t\t<\/div>\n\t\t\t\t\t\t\t\t<div class=\"elementor-field-type-select elementor-field-group elementor-column elementor-field-group-name elementor-col-100 elementor-field-required elementor-mark-required\">\n\t\t\t\t\t\t\t\t\t\t\t\t<label for=\"form-field-name\" class=\"elementor-field-label\">\n\t\t\t\t\t\t\t\tPa\u00eds ou localiza\u00e7\u00e3o\t\t\t\t\t\t\t<\/label>\n\t\t\t\t\t\t\t\t<div class=\"elementor-field elementor-select-wrapper remove-before\">\n\t\t\t<div class=\"select-caret-down-wrapper\">\n\t\t\t\t<svg aria-hidden=\"true\" class=\"e-font-icon-svg e-eicon-caret-down\" viewbox=\"0 0 571.4 571.4\" xmlns=\"http:\/\/www.w3.org\/2000\/svg\"><path d=\"M571 393Q571 407 561 418L311 668Q300 679 286 679T261 668L11 418Q0 407 0 393T11 368 36 357H536Q550 357 561 368T571 393Z\"><\/path><\/svg>\t\t\t<\/div>\n\t\t\t<select name=\"form_fields[name]\" id=\"form-field-name\" class=\"elementor-field-textual elementor-size-sm\" required=\"required\" aria-required=\"true\">\n\t\t\t\t\t\t\t\t\t<option value=\"Afghanistan\">Afeganist\u00e3o<\/option>\n\t\t\t\t\t\t\t\t\t<option value=\"Albania\">Alb\u00e2nia<\/option>\n\t\t\t\t\t\t\t\t\t<option value=\"Algeria\">Arg\u00e9lia<\/option>\n\t\t\t\t\t\t\t\t\t<option value=\"Andorra\">Andorra<\/option>\n\t\t\t\t\t\t\t\t\t<option value=\"Angola\">Angola<\/option>\n\t\t\t\t\t\t\t\t\t<option value=\"Antigua and Barbuda\">Ant\u00edgua e Barbuda<\/option>\n\t\t\t\t\t\t\t\t\t<option value=\"Argentina\">Argentina<\/option>\n\t\t\t\t\t\t\t\t\t<option value=\"Armenia\">Arm\u00e9nia<\/option>\n\t\t\t\t\t\t\t\t\t<option value=\"Australia\">Austr\u00e1lia<\/option>\n\t\t\t\t\t\t\t\t\t<option value=\"Austria\">\u00c1ustria<\/option>\n\t\t\t\t\t\t\t\t\t<option value=\"Azerbaijan\">Azerbaij\u00e3o<\/option>\n\t\t\t\t\t\t\t\t\t<option value=\"Bahamas\">Bahamas<\/option>\n\t\t\t\t\t\t\t\t\t<option value=\"Bahrain\">Bar\u00e9m<\/option>\n\t\t\t\t\t\t\t\t\t<option value=\"Bangladesh\">Bangladesh<\/option>\n\t\t\t\t\t\t\t\t\t<option value=\"Barbados\">Barbados<\/option>\n\t\t\t\t\t\t\t\t\t<option value=\"Belarus\">Bielorr\u00fassia<\/option>\n\t\t\t\t\t\t\t\t\t<option value=\"Belgium\">B\u00e9lgica<\/option>\n\t\t\t\t\t\t\t\t\t<option value=\"Belize\">Belize<\/option>\n\t\t\t\t\t\t\t\t\t<option value=\"Benin\">Benim<\/option>\n\t\t\t\t\t\t\t\t\t<option value=\"Bhutan\">But\u00e3o<\/option>\n\t\t\t\t\t\t\t\t\t<option value=\"Bolivia\">Bol\u00edvia<\/option>\n\t\t\t\t\t\t\t\t\t<option value=\"Bosnia and Herzegovina\">B\u00f3snia e Herzegovina<\/option>\n\t\t\t\t\t\t\t\t\t<option value=\"Botswana\">Botsuana<\/option>\n\t\t\t\t\t\t\t\t\t<option value=\"Brazil\">Brasil<\/option>\n\t\t\t\t\t\t\t\t\t<option value=\"Brunei\">Brunei<\/option>\n\t\t\t\t\t\t\t\t\t<option value=\"Bulgaria\">Bulg\u00e1ria<\/option>\n\t\t\t\t\t\t\t\t\t<option value=\"Burkina Faso\">Burquina Faso<\/option>\n\t\t\t\t\t\t\t\t\t<option value=\"Burundi\">Burundi<\/option>\n\t\t\t\t\t\t\t\t\t<option value=\"Cabo Verde\">Cabo Verde<\/option>\n\t\t\t\t\t\t\t\t\t<option value=\"Cambodia\">Camboja<\/option>\n\t\t\t\t\t\t\t\t\t<option value=\"Cameroon\">Camar\u00f5es<\/option>\n\t\t\t\t\t\t\t\t\t<option value=\"Canada\">Canad\u00e1<\/option>\n\t\t\t\t\t\t\t\t\t<option value=\"Central African Republic\">Rep\u00fablica Centro-Africana<\/option>\n\t\t\t\t\t\t\t\t\t<option value=\"Chad\">Chade<\/option>\n\t\t\t\t\t\t\t\t\t<option value=\"Chile\">Chile<\/option>\n\t\t\t\t\t\t\t\t\t<option value=\"China\">China<\/option>\n\t\t\t\t\t\t\t\t\t<option value=\"Colombia\">Col\u00f4mbia<\/option>\n\t\t\t\t\t\t\t\t\t<option value=\"Comoros\">Comores<\/option>\n\t\t\t\t\t\t\t\t\t<option value=\"Congo (Congo-Brazzaville)\">Congo (Congo-Brazzaville)<\/option>\n\t\t\t\t\t\t\t\t\t<option value=\"Costa Rica\">Costa Rica<\/option>\n\t\t\t\t\t\t\t\t\t<option value=\"Croatia\">Cro\u00e1cia<\/option>\n\t\t\t\t\t\t\t\t\t<option value=\"Cuba\">Cuba<\/option>\n\t\t\t\t\t\t\t\t\t<option value=\"Cyprus\">Chipre<\/option>\n\t\t\t\t\t\t\t\t\t<option value=\"Czechia\">Rep\u00fablica Checa<\/option>\n\t\t\t\t\t\t\t\t\t<option value=\"Denmark\">Dinamarca<\/option>\n\t\t\t\t\t\t\t\t\t<option value=\"Djibouti\">Jibuti<\/option>\n\t\t\t\t\t\t\t\t\t<option value=\"Dominica\">Dom\u00ednica<\/option>\n\t\t\t\t\t\t\t\t\t<option value=\"Dominican Republic\">Rep\u00fablica Dominicana<\/option>\n\t\t\t\t\t\t\t\t\t<option value=\"Ecuador\">Equador<\/option>\n\t\t\t\t\t\t\t\t\t<option value=\"Egypt\">Egito<\/option>\n\t\t\t\t\t\t\t\t\t<option value=\"El Salvador\">El Salvador<\/option>\n\t\t\t\t\t\t\t\t\t<option value=\"Equatorial Guinea\">Guin\u00e9 Equatorial<\/option>\n\t\t\t\t\t\t\t\t\t<option value=\"Eritrea\">Eritreia<\/option>\n\t\t\t\t\t\t\t\t\t<option value=\"Estonia\">Est\u00f3nia<\/option>\n\t\t\t\t\t\t\t\t\t<option value=\"Eswatini\">Eswatini<\/option>\n\t\t\t\t\t\t\t\t\t<option value=\"Ethiopia\">Eti\u00f3pia<\/option>\n\t\t\t\t\t\t\t\t\t<option value=\"Fiji\">Fiji<\/option>\n\t\t\t\t\t\t\t\t\t<option value=\"Finland\">Finl\u00e2ndia<\/option>\n\t\t\t\t\t\t\t\t\t<option value=\"France\">Fran\u00e7a<\/option>\n\t\t\t\t\t\t\t\t\t<option value=\"Gabon\">Gab\u00e3o<\/option>\n\t\t\t\t\t\t\t\t\t<option value=\"Gambia\">G\u00e2mbia<\/option>\n\t\t\t\t\t\t\t\t\t<option value=\"Georgia\">Ge\u00f3rgia<\/option>\n\t\t\t\t\t\t\t\t\t<option value=\"Germany\">Alemanha<\/option>\n\t\t\t\t\t\t\t\t\t<option value=\"Ghana\">Gana<\/option>\n\t\t\t\t\t\t\t\t\t<option value=\"Greece\">Gr\u00e9cia<\/option>\n\t\t\t\t\t\t\t\t\t<option value=\"Grenada\">Granada<\/option>\n\t\t\t\t\t\t\t\t\t<option value=\"Guatemala\">Guatemala<\/option>\n\t\t\t\t\t\t\t\t\t<option value=\"Guinea\">Guin\u00e9<\/option>\n\t\t\t\t\t\t\t\t\t<option value=\"Guinea-Bissau\">Guin\u00e9-Bissau<\/option>\n\t\t\t\t\t\t\t\t\t<option value=\"Guyana\">Guiana<\/option>\n\t\t\t\t\t\t\t\t\t<option value=\"Haiti\">Haiti<\/option>\n\t\t\t\t\t\t\t\t\t<option value=\"Honduras\">Honduras<\/option>\n\t\t\t\t\t\t\t\t\t<option value=\"Hungary\">Hungria<\/option>\n\t\t\t\t\t\t\t\t\t<option value=\"Iceland\">Isl\u00e2ndia<\/option>\n\t\t\t\t\t\t\t\t\t<option value=\"India\">\u00cdndia<\/option>\n\t\t\t\t\t\t\t\t\t<option value=\"Indonesia\">Indon\u00e9sia<\/option>\n\t\t\t\t\t\t\t\t\t<option value=\"Iran\">Ir\u00e3o<\/option>\n\t\t\t\t\t\t\t\t\t<option value=\"Iraq\">Iraque<\/option>\n\t\t\t\t\t\t\t\t\t<option value=\"Ireland\">Irlanda<\/option>\n\t\t\t\t\t\t\t\t\t<option value=\"Israel\">Israel<\/option>\n\t\t\t\t\t\t\t\t\t<option value=\"Italy\">It\u00e1lia<\/option>\n\t\t\t\t\t\t\t\t\t<option value=\"Jamaica\">Jamaica<\/option>\n\t\t\t\t\t\t\t\t\t<option value=\"Japan\">Jap\u00e3o<\/option>\n\t\t\t\t\t\t\t\t\t<option value=\"Jordan\">Jord\u00e2nia<\/option>\n\t\t\t\t\t\t\t\t\t<option value=\"Kazakhstan\">Cazaquist\u00e3o<\/option>\n\t\t\t\t\t\t\t\t\t<option value=\"Kenya\">Qu\u00e9nia<\/option>\n\t\t\t\t\t\t\t\t\t<option value=\"Kiribati\">Kiribati<\/option>\n\t\t\t\t\t\t\t\t\t<option value=\"Korea (North)\">Coreia (do Norte)<\/option>\n\t\t\t\t\t\t\t\t\t<option value=\"Korea (South)\">Coreia (Sul)<\/option>\n\t\t\t\t\t\t\t\t\t<option value=\"Kuwait\">Kuwait<\/option>\n\t\t\t\t\t\t\t\t\t<option value=\"Kyrgyzstan\">Quirguizist\u00e3o<\/option>\n\t\t\t\t\t\t\t\t\t<option value=\"Laos\">Laos<\/option>\n\t\t\t\t\t\t\t\t\t<option value=\"Latvia\">Let\u00f3nia<\/option>\n\t\t\t\t\t\t\t\t\t<option value=\"Lebanon\">L\u00edbano<\/option>\n\t\t\t\t\t\t\t\t\t<option value=\"Lesotho\">Lesoto<\/option>\n\t\t\t\t\t\t\t\t\t<option value=\"Liberia\">Lib\u00e9ria<\/option>\n\t\t\t\t\t\t\t\t\t<option value=\"Libya\">L\u00edbia<\/option>\n\t\t\t\t\t\t\t\t\t<option value=\"Liechtenstein\">Liechtenstein<\/option>\n\t\t\t\t\t\t\t\t\t<option value=\"Lithuania\">Litu\u00e2nia<\/option>\n\t\t\t\t\t\t\t\t\t<option value=\"Luxembourg\">Luxemburgo<\/option>\n\t\t\t\t\t\t\t\t\t<option value=\"Madagascar\">Madag\u00e1scar<\/option>\n\t\t\t\t\t\t\t\t\t<option value=\"Malawi\">Malawi<\/option>\n\t\t\t\t\t\t\t\t\t<option value=\"Malaysia\">Mal\u00e1sia<\/option>\n\t\t\t\t\t\t\t\t\t<option value=\"Maldives\">Maldivas<\/option>\n\t\t\t\t\t\t\t\t\t<option value=\"Mali\">Mali<\/option>\n\t\t\t\t\t\t\t\t\t<option value=\"Malta\">Malta<\/option>\n\t\t\t\t\t\t\t\t\t<option value=\"Marshall Islands\">Ilhas Marshall<\/option>\n\t\t\t\t\t\t\t\t\t<option value=\"Mauritania\">Maurit\u00e2nia<\/option>\n\t\t\t\t\t\t\t\t\t<option value=\"Mauritius\">Maur\u00edcia<\/option>\n\t\t\t\t\t\t\t\t\t<option value=\"Mexico\">M\u00e9xico<\/option>\n\t\t\t\t\t\t\t\t\t<option value=\"Micronesia\">Micron\u00e9sia<\/option>\n\t\t\t\t\t\t\t\t\t<option value=\"Moldova\">Mold\u00e1via<\/option>\n\t\t\t\t\t\t\t\t\t<option value=\"Monaco\">M\u00f3naco<\/option>\n\t\t\t\t\t\t\t\t\t<option value=\"Mongolia\">Mong\u00f3lia<\/option>\n\t\t\t\t\t\t\t\t\t<option value=\"Montenegro\">Montenegro<\/option>\n\t\t\t\t\t\t\t\t\t<option value=\"Morocco\">Marrocos<\/option>\n\t\t\t\t\t\t\t\t\t<option value=\"Mozambique\">Mo\u00e7ambique<\/option>\n\t\t\t\t\t\t\t\t\t<option value=\"Myanmar\">Myanmar<\/option>\n\t\t\t\t\t\t\t\t\t<option value=\"Namibia\">Nam\u00edbia<\/option>\n\t\t\t\t\t\t\t\t\t<option value=\"Nauru\">Nauru<\/option>\n\t\t\t\t\t\t\t\t\t<option value=\"Nepal\">Nepal<\/option>\n\t\t\t\t\t\t\t\t\t<option value=\"Netherlands\">Pa\u00edses Baixos<\/option>\n\t\t\t\t\t\t\t\t\t<option value=\"New Zealand\">Nova Zel\u00e2ndia<\/option>\n\t\t\t\t\t\t\t\t\t<option value=\"Nicaragua\">Nicar\u00e1gua<\/option>\n\t\t\t\t\t\t\t\t\t<option value=\"Niger\">N\u00edger<\/option>\n\t\t\t\t\t\t\t\t\t<option value=\"Nigeria\">Nig\u00e9ria<\/option>\n\t\t\t\t\t\t\t\t\t<option value=\"North Macedonia\">Maced\u00f3nia do Norte<\/option>\n\t\t\t\t\t\t\t\t\t<option value=\"Norway\">Noruega<\/option>\n\t\t\t\t\t\t\t\t\t<option value=\"Oman\">Om\u00e3<\/option>\n\t\t\t\t\t\t\t\t\t<option value=\"Pakistan\">Paquist\u00e3o<\/option>\n\t\t\t\t\t\t\t\t\t<option value=\"Palau\">Palau<\/option>\n\t\t\t\t\t\t\t\t\t<option value=\"Palestine State\">Estado da Palestina<\/option>\n\t\t\t\t\t\t\t\t\t<option value=\"Panama\">Panam\u00e1<\/option>\n\t\t\t\t\t\t\t\t\t<option value=\"Papua New Guinea\">Papua Nova Guin\u00e9<\/option>\n\t\t\t\t\t\t\t\t\t<option value=\"Paraguay\">Paraguai<\/option>\n\t\t\t\t\t\t\t\t\t<option value=\"Peru\">Peru<\/option>\n\t\t\t\t\t\t\t\t\t<option value=\"Philippines\">Filipinas<\/option>\n\t\t\t\t\t\t\t\t\t<option value=\"Poland\">Pol\u00f3nia<\/option>\n\t\t\t\t\t\t\t\t\t<option value=\"Portugal\">Portugal<\/option>\n\t\t\t\t\t\t\t\t\t<option value=\"Qatar\">Qatar<\/option>\n\t\t\t\t\t\t\t\t\t<option value=\"Romania\">Rom\u00e9nia<\/option>\n\t\t\t\t\t\t\t\t\t<option value=\"Russia\">R\u00fassia<\/option>\n\t\t\t\t\t\t\t\t\t<option value=\"Rwanda\">Ruanda<\/option>\n\t\t\t\t\t\t\t\t\t<option value=\"Saint Kitts and Nevis\">S\u00e3o Crist\u00f3v\u00e3o e Nevis<\/option>\n\t\t\t\t\t\t\t\t\t<option value=\"Saint Lucia\">Santa L\u00facia<\/option>\n\t\t\t\t\t\t\t\t\t<option value=\"Saint Vincent and the Grenadines\">S\u00e3o Vicente e Granadinas<\/option>\n\t\t\t\t\t\t\t\t\t<option value=\"Samoa\">Samoa<\/option>\n\t\t\t\t\t\t\t\t\t<option value=\"San Marino\">S\u00e3o Marinho<\/option>\n\t\t\t\t\t\t\t\t\t<option value=\"Sao Tome and Principe\">S\u00e3o Tom\u00e9 e Pr\u00edncipe<\/option>\n\t\t\t\t\t\t\t\t\t<option value=\"Saudi Arabia\">Ar\u00e1bia Saudita<\/option>\n\t\t\t\t\t\t\t\t\t<option value=\"Senegal\">Senegal<\/option>\n\t\t\t\t\t\t\t\t\t<option value=\"Serbia\">S\u00e9rvia<\/option>\n\t\t\t\t\t\t\t\t\t<option value=\"Seychelles\">Seychelles<\/option>\n\t\t\t\t\t\t\t\t\t<option value=\"Sierra Leone\">Serra Leoa<\/option>\n\t\t\t\t\t\t\t\t\t<option value=\"Singapore\">Singapura<\/option>\n\t\t\t\t\t\t\t\t\t<option value=\"Slovakia\">Eslov\u00e1quia<\/option>\n\t\t\t\t\t\t\t\t\t<option value=\"Slovenia\">Eslov\u00e9nia<\/option>\n\t\t\t\t\t\t\t\t\t<option value=\"Solomon Islands\">Ilhas Salom\u00e3o<\/option>\n\t\t\t\t\t\t\t\t\t<option value=\"Somalia\">Som\u00e1lia<\/option>\n\t\t\t\t\t\t\t\t\t<option value=\"South Africa\">\u00c1frica do Sul<\/option>\n\t\t\t\t\t\t\t\t\t<option value=\"South Sudan\">Sud\u00e3o do Sul<\/option>\n\t\t\t\t\t\t\t\t\t<option value=\"Spain\">Espanha<\/option>\n\t\t\t\t\t\t\t\t\t<option value=\"Sri Lanka\">Sri Lanka<\/option>\n\t\t\t\t\t\t\t\t\t<option value=\"Sudan\">Sud\u00e3o<\/option>\n\t\t\t\t\t\t\t\t\t<option value=\"Suriname\">Suriname<\/option>\n\t\t\t\t\t\t\t\t\t<option value=\"Sweden\">Su\u00e9cia<\/option>\n\t\t\t\t\t\t\t\t\t<option value=\"Switzerland\">Su\u00ed\u00e7a<\/option>\n\t\t\t\t\t\t\t\t\t<option value=\"Syria\">S\u00edria<\/option>\n\t\t\t\t\t\t\t\t\t<option value=\"Taiwan\">Taiwan<\/option>\n\t\t\t\t\t\t\t\t\t<option value=\"Tajikistan\">Tajiquist\u00e3o<\/option>\n\t\t\t\t\t\t\t\t\t<option value=\"Tanzania\">Tanz\u00e2nia<\/option>\n\t\t\t\t\t\t\t\t\t<option value=\"Thailand\">Tail\u00e2ndia<\/option>\n\t\t\t\t\t\t\t\t\t<option value=\"Timor-Leste\">Timor-Leste<\/option>\n\t\t\t\t\t\t\t\t\t<option value=\"Togo\">Togo<\/option>\n\t\t\t\t\t\t\t\t\t<option value=\"Tonga\">Tonga<\/option>\n\t\t\t\t\t\t\t\t\t<option value=\"Trinidad and Tobago\">Trinidad e Tobago<\/option>\n\t\t\t\t\t\t\t\t\t<option value=\"Tunisia\">Tun\u00edsia<\/option>\n\t\t\t\t\t\t\t\t\t<option value=\"Turkey\">Turquia<\/option>\n\t\t\t\t\t\t\t\t\t<option value=\"Turkmenistan\">Turquemenist\u00e3o<\/option>\n\t\t\t\t\t\t\t\t\t<option value=\"Tuvalu\">Tuvalu<\/option>\n\t\t\t\t\t\t\t\t\t<option value=\"Uganda\">Uganda<\/option>\n\t\t\t\t\t\t\t\t\t<option value=\"Ukraine\">Ucr\u00e2nia<\/option>\n\t\t\t\t\t\t\t\t\t<option value=\"United Arab Emirates\">Emirados \u00c1rabes Unidos<\/option>\n\t\t\t\t\t\t\t\t\t<option value=\"United Kingdom\">Reino Unido<\/option>\n\t\t\t\t\t\t\t\t\t<option value=\"United States\">Estados Unidos<\/option>\n\t\t\t\t\t\t\t\t\t<option value=\"Uruguay\">Uruguai<\/option>\n\t\t\t\t\t\t\t\t\t<option value=\"Uzbekistan\">Uzbequist\u00e3o<\/option>\n\t\t\t\t\t\t\t\t\t<option value=\"Vanuatu\">Vanuatu<\/option>\n\t\t\t\t\t\t\t\t\t<option value=\"Vatican City\">Cidade do Vaticano<\/option>\n\t\t\t\t\t\t\t\t\t<option value=\"Venezuela\">Venezuela<\/option>\n\t\t\t\t\t\t\t\t\t<option value=\"Vietnam\">Vietname<\/option>\n\t\t\t\t\t\t\t\t\t<option value=\"Yemen\">I\u00e9men<\/option>\n\t\t\t\t\t\t\t\t\t<option value=\"Zambia\">Z\u00e2mbia<\/option>\n\t\t\t\t\t\t\t\t\t<option value=\"Zimbabwe\">Zimbabu\u00e9<\/option>\n\t\t\t\t\t\t\t<\/select>\n\t\t<\/div>\n\t\t\t\t\t\t<\/div>\n\t\t\t\t\t\t\t\t<div class=\"elementor-field-type-email elementor-field-group elementor-column elementor-field-group-email elementor-col-100 elementor-field-required elementor-mark-required\">\n\t\t\t\t\t\t\t\t\t\t\t\t<label for=\"form-field-email\" class=\"elementor-field-label\">\n\t\t\t\t\t\t\t\tCorreio eletr\u00f3nico\t\t\t\t\t\t\t<\/label>\n\t\t\t\t\t\t\t\t\t\t\t\t\t\t<input size=\"1\" type=\"email\" name=\"form_fields[email]\" id=\"form-field-email\" class=\"elementor-field elementor-size-sm  elementor-field-textual\" required=\"required\" aria-required=\"true\">\n\t\t\t\t\t\t\t\t\t\t\t<\/div>\n\t\t\t\t\t\t\t\t<div class=\"elementor-field-type-textarea elementor-field-group elementor-column elementor-field-group-message elementor-col-100 elementor-field-required elementor-mark-required\">\n\t\t\t\t\t\t\t\t\t\t\t\t<label for=\"form-field-message\" class=\"elementor-field-label\">\n\t\t\t\t\t\t\t\tMensagem\t\t\t\t\t\t\t<\/label>\n\t\t\t\t\t\t<textarea class=\"elementor-field-textual elementor-field  elementor-size-sm\" name=\"form_fields[message]\" id=\"form-field-message\" rows=\"4\" required=\"required\" aria-required=\"true\"><\/textarea>\t\t\t\t<\/div>\n\t\t\t\t\t\t\t\t<div class=\"elementor-field-type-text\">\n\t\t\t\t\t<input size=\"1\" type=\"text\" name=\"form_fields[field_d2fe486]\" id=\"form-field-field_d2fe486\" class=\"elementor-field elementor-size-sm\" style=\"display:none !important;\">\t\t\t\t<\/div>\n\t\t\t\t\t\t\t\t<div class=\"elementor-field-group elementor-column elementor-field-type-submit elementor-col-100 e-form__buttons\">\n\t\t\t\t\t<button class=\"elementor-button elementor-size-sm\" type=\"submit\">\n\t\t\t\t\t\t<span class=\"elementor-button-content-wrapper\">\n\t\t\t\t\t\t\t\t\t\t\t\t\t\t\t\t\t\t\t\t\t\t<span class=\"elementor-button-text\">ENVIAR CORREIO<\/span>\n\t\t\t\t\t\t\t\t\t\t\t\t\t<\/span>\n\t\t\t\t\t<\/button>\n\t\t\t\t<\/div>\n\t\t\t<\/div>\n\t\t<input type=\"hidden\" name=\"trp-form-language\" value=\"pt\"\/><\/form>\n\t\t\t\t<\/div>\n\t\t\t\t<\/div>\n\t\t\t\t<\/div>\n\t\t<div class=\"elementor-element elementor-element-527cfa9 e-flex e-con-boxed e-con e-parent\" data-id=\"527cfa9\" data-element_type=\"container\">\n\t\t\t\t\t<div class=\"e-con-inner\">\n\t\t\t\t<div class=\"elementor-element elementor-element-46ab8ae elementor-widget elementor-widget-heading\" data-id=\"46ab8ae\" data-element_type=\"widget\" data-widget_type=\"heading.default\">\n\t\t\t\t<div class=\"elementor-widget-container\">\n\t\t\t<h2 class=\"elementor-heading-title elementor-size-default\"><h2 data-elementor-setting-key=\"title\" data-pen-placeholder=\"\u5728\u6b64\u8f93\u5165...\" style=\"font-style: normal;font-weight: 600;font-family: Roboto, sans-serif;font-size: 30px;text-transform: uppercase\">Entrar em contacto<span style=\"font-family: Roboto, sans-serif;font-size: 24px;font-style: normal;font-weight: 600;text-transform: none\"><\/span><\/h2><\/h2>\t\t<\/div>\n\t\t\t\t<\/div>\n\t\t\t\t<div class=\"elementor-element elementor-element-b40cdf9 color-scheme-inherit text-left elementor-widget elementor-widget-text-editor\" data-id=\"b40cdf9\" data-element_type=\"widget\" data-widget_type=\"text-editor.default\">\n\t\t\t\t<div class=\"elementor-widget-container\">\n\t\t\t\t\t\t\t<p>Obrigado pelo seu interesse em REEF B.<br \/>Se tiver alguma quest\u00e3o sobre produtos ou pedidos de parceria, n\u00e3o hesite em contactar-nos por correio eletr\u00f3nico.<\/p>\t\t\t\t\t\t<\/div>\n\t\t\t\t<\/div>\n\t\t\t\t<div class=\"elementor-element elementor-element-35df055 elementor-widget elementor-widget-html\" data-id=\"35df055\" data-element_type=\"widget\" data-widget_type=\"html.default\">\n\t\t\t\t<div class=\"elementor-widget-container\">\n\t\t\t<p style=\"font-size: 16px;\">\n  <strong>Correio eletr\u00f3nico:<\/strong>\n  <span id=\"email\"><\/span>\n<\/p>\n\n<script>\n  const u = 'support';\n  const d = 'reefb.com';\n  document.getElementById('email').innerHTML =\n    `<a href=\"mailto:${u}@${d}\">${u}@${d}<\/a>`;\n<\/script>\n\t\t<\/div>\n\t\t\t\t<\/div>\n\t\t\t\t\t<\/div>\n\t\t\t\t<\/div>\n\t\t\t\t<\/div>","protected":false},"excerpt":{"rendered":"<p>Entre em contacto Entre em contacto Obrigado pelo seu interesse na REEF B. Se tiver alguma quest\u00e3o sobre produtos ou<\/p>","protected":false},"author":1,"featured_media":0,"parent":0,"menu_order":0,"comment_status":"closed","ping_status":"closed","template":"","meta":{"_acf_changed":false,"footnotes":""},"class_list":["post-454","page","type-page","status-publish","hentry"],"acf":[],"yoast_head":"<!-- This site is optimized with the Yoast SEO plugin v20.11 - https:\/\/yoast.com\/wordpress\/plugins\/seo\/ -->\n<title>Contact Us - REEFB<\/title>\n<meta name=\"robots\" content=\"index, follow, max-snippet:-1, max-image-preview:large, max-video-preview:-1\" \/>\n<link rel=\"canonical\" href=\"https:\/\/www.reefb.com\/pt\/contact-us\/\" \/>\n<meta property=\"og:locale\" content=\"pt_PT\" \/>\n<meta property=\"og:type\" content=\"article\" \/>\n<meta property=\"og:title\" content=\"Contact Us - REEFB\" \/>\n<meta property=\"og:description\" content=\"Get In Touch Get In Touch Thank you for your interest in REEF B.If you have any product inquiries or\" \/>\n<meta property=\"og:url\" content=\"https:\/\/www.reefb.com\/pt\/contact-us\/\" \/>\n<meta property=\"og:site_name\" content=\"REEFB\" \/>\n<meta property=\"article:modified_time\" content=\"2025-07-23T04:20:27+00:00\" \/>\n<meta name=\"twitter:card\" content=\"summary_large_image\" \/>\n<meta name=\"twitter:label1\" content=\"Tempo estimado de leitura\" \/>\n\t<meta name=\"twitter:data1\" content=\"2 minutos\" \/>\n<script type=\"application\/ld+json\" class=\"yoast-schema-graph\">{\"@context\":\"https:\/\/schema.org\",\"@graph\":[{\"@type\":\"WebPage\",\"@id\":\"https:\/\/www.reefb.com\/contact-us\/\",\"url\":\"https:\/\/www.reefb.com\/contact-us\/\",\"name\":\"Contact Us - REEFB\",\"isPartOf\":{\"@id\":\"https:\/\/www.reefb.com\/#website\"},\"datePublished\":\"2024-09-23T03:33:40+00:00\",\"dateModified\":\"2025-07-23T04:20:27+00:00\",\"breadcrumb\":{\"@id\":\"https:\/\/www.reefb.com\/contact-us\/#breadcrumb\"},\"inLanguage\":\"pt-PT\",\"potentialAction\":[{\"@type\":\"ReadAction\",\"target\":[\"https:\/\/www.reefb.com\/contact-us\/\"]}]},{\"@type\":\"BreadcrumbList\",\"@id\":\"https:\/\/www.reefb.com\/contact-us\/#breadcrumb\",\"itemListElement\":[{\"@type\":\"ListItem\",\"position\":1,\"name\":\"\u9996\u9875\",\"item\":\"https:\/\/www.reefb.com\/\"},{\"@type\":\"ListItem\",\"position\":2,\"name\":\"Contact Us\"}]},{\"@type\":\"WebSite\",\"@id\":\"https:\/\/www.reefb.com\/#website\",\"url\":\"https:\/\/www.reefb.com\/\",\"name\":\"REEFB\",\"description\":\"\",\"potentialAction\":[{\"@type\":\"SearchAction\",\"target\":{\"@type\":\"EntryPoint\",\"urlTemplate\":\"https:\/\/www.reefb.com\/?s={search_term_string}\"},\"query-input\":\"required name=search_term_string\"}],\"inLanguage\":\"pt-PT\"}]}<\/script>\n<!-- \/ Yoast SEO plugin. -->","yoast_head_json":{"title":"Contact Us - REEFB","robots":{"index":"index","follow":"follow","max-snippet":"max-snippet:-1","max-image-preview":"max-image-preview:large","max-video-preview":"max-video-preview:-1"},"canonical":"https:\/\/www.reefb.com\/pt\/contact-us\/","og_locale":"pt_PT","og_type":"article","og_title":"Contact Us - REEFB","og_description":"Get In Touch Get In Touch Thank you for your interest in REEF B.If you have any product inquiries or","og_url":"https:\/\/www.reefb.com\/pt\/contact-us\/","og_site_name":"REEFB","article_modified_time":"2025-07-23T04:20:27+00:00","twitter_card":"summary_large_image","twitter_misc":{"Tempo estimado de leitura":"2 minutos"},"schema":{"@context":"https:\/\/schema.org","@graph":[{"@type":"WebPage","@id":"https:\/\/www.reefb.com\/contact-us\/","url":"https:\/\/www.reefb.com\/contact-us\/","name":"Contact Us - REEFB","isPartOf":{"@id":"https:\/\/www.reefb.com\/#website"},"datePublished":"2024-09-23T03:33:40+00:00","dateModified":"2025-07-23T04:20:27+00:00","breadcrumb":{"@id":"https:\/\/www.reefb.com\/contact-us\/#breadcrumb"},"inLanguage":"pt-PT","potentialAction":[{"@type":"ReadAction","target":["https:\/\/www.reefb.com\/contact-us\/"]}]},{"@type":"BreadcrumbList","@id":"https:\/\/www.reefb.com\/contact-us\/#breadcrumb","itemListElement":[{"@type":"ListItem","position":1,"name":"\u9996\u9875","item":"https:\/\/www.reefb.com\/"},{"@type":"ListItem","position":2,"name":"Contact Us"}]},{"@type":"WebSite","@id":"https:\/\/www.reefb.com\/#website","url":"https:\/\/www.reefb.com\/","name":"REEFB","description":"","potentialAction":[{"@type":"SearchAction","target":{"@type":"EntryPoint","urlTemplate":"https:\/\/www.reefb.com\/?s={search_term_string}"},"query-input":"required name=search_term_string"}],"inLanguage":"pt-PT"}]}},"_links":{"self":[{"href":"https:\/\/www.reefb.com\/pt\/wp-json\/wp\/v2\/pages\/454","targetHints":{"allow":["GET"]}}],"collection":[{"href":"https:\/\/www.reefb.com\/pt\/wp-json\/wp\/v2\/pages"}],"about":[{"href":"https:\/\/www.reefb.com\/pt\/wp-json\/wp\/v2\/types\/page"}],"author":[{"embeddable":true,"href":"https:\/\/www.reefb.com\/pt\/wp-json\/wp\/v2\/users\/1"}],"replies":[{"embeddable":true,"href":"https:\/\/www.reefb.com\/pt\/wp-json\/wp\/v2\/comments?post=454"}],"version-history":[{"count":48,"href":"https:\/\/www.reefb.com\/pt\/wp-json\/wp\/v2\/pages\/454\/revisions"}],"predecessor-version":[{"id":3753,"href":"https:\/\/www.reefb.com\/pt\/wp-json\/wp\/v2\/pages\/454\/revisions\/3753"}],"wp:attachment":[{"href":"https:\/\/www.reefb.com\/pt\/wp-json\/wp\/v2\/media?parent=454"}],"curies":[{"name":"wp","href":"https:\/\/api.w.org\/{rel}","templated":true}]}}