{"id":1749,"date":"2024-10-24T21:24:16","date_gmt":"2024-10-24T13:24:16","guid":{"rendered":"https:\/\/www.reefb.com\/?page_id=1749"},"modified":"2024-10-25T16:24:27","modified_gmt":"2024-10-25T08:24:27","slug":"privacy-legal-policy","status":"publish","type":"page","link":"https:\/\/www.reefb.com\/pt\/privacy-legal-policy\/","title":{"rendered":"Pol\u00edtica de privacidade e jur\u00eddica"},"content":{"rendered":"<div data-elementor-type=\"wp-page\" data-elementor-id=\"1749\" class=\"elementor elementor-1749\" data-elementor-post-type=\"page\">\n\t\t\t\t<div class=\"elementor-element elementor-element-f0f8469 e-flex e-con-boxed e-con e-parent\" data-id=\"f0f8469\" data-element_type=\"container\" data-settings=\"{&quot;background_background&quot;:&quot;classic&quot;}\">\n\t\t\t\t\t<div class=\"e-con-inner\">\n\t\t\t\t\t<\/div>\n\t\t\t\t<\/div>\n\t\t<div class=\"elementor-element elementor-element-97f2538 e-flex e-con-boxed e-con e-parent\" data-id=\"97f2538\" data-element_type=\"container\">\n\t\t\t\t\t<div class=\"e-con-inner\">\n\t\t\t\t<div class=\"elementor-element elementor-element-7793b38 color-scheme-inherit text-left elementor-widget elementor-widget-text-editor\" data-id=\"7793b38\" data-element_type=\"widget\" data-widget_type=\"text-editor.default\">\n\t\t\t\t<div class=\"elementor-widget-container\">\n\t\t\t\t\t\t\t<h2>Pol\u00edtica de privacidade e jur\u00eddica<\/h2><p>\u00daltima atualiza\u00e7\u00e3o: 10 de outubro de 2024<\/p><p>Bem-vindo \u00e0 REEF B Co., Ltd. (\"n\u00f3s\", \"nosso\", \"nos\"). Comprometemo-nos a proteger a sua privacidade e a garantir a seguran\u00e7a dos seus dados pessoais. Esta Pol\u00edtica de Privacidade e Legalidade explica como recolhemos, utilizamos e protegemos as suas informa\u00e7\u00f5es pessoais quando utiliza o nosso s\u00edtio Web [URL do seu s\u00edtio Web] (o \"S\u00edtio\") e os seus direitos relativamente aos seus dados pessoais.<\/p><ol><li>Recolha de dados<\/li><\/ol><p>Recolhemos v\u00e1rios tipos de informa\u00e7\u00f5es suas, incluindo:<\/p><ul><li><b><\/b>Informa\u00e7\u00f5es pessoais: O seu nome, endere\u00e7o de correio eletr\u00f3nico, n\u00famero de telefone, detalhes de pagamento e outros identificadores quando os fornece voluntariamente atrav\u00e9s de formul\u00e1rios ou durante o processo de pagamento.<\/li><li><b><\/b>Dados de utiliza\u00e7\u00e3o: informa\u00e7\u00f5es sobre a sua intera\u00e7\u00e3o com o nosso Web site, tais como endere\u00e7o IP, tipo de browser, informa\u00e7\u00f5es sobre o dispositivo, p\u00e1ginas de refer\u00eancia\/sa\u00edda e tempo passado no Web site.<\/li><\/ul><ol start=\"2\"><li>Utiliza\u00e7\u00e3o das suas informa\u00e7\u00f5es<\/li><\/ol><p>Utilizamos os seus dados para os seguintes fins:<\/p><ul><li>Para fornecer, operar e manter os nossos servi\u00e7os.<\/li><li>Para melhorar, personalizar e expandir o nosso Site.<\/li><li>Para comunicar consigo, diretamente ou atrav\u00e9s de um dos nossos parceiros.<\/li><li>Para processar as suas transac\u00e7\u00f5es e gerir as suas encomendas.<\/li><li>Para cumprimento de obriga\u00e7\u00f5es legais e resolu\u00e7\u00e3o de lit\u00edgios.<\/li><li>Para fins de marketing, com o seu consentimento, enviando-lhe material promocional.<\/li><\/ul><ol start=\"3\"><li>Cookies e tecnologias de rastreio<\/li><\/ol><p>Utilizamos cookies, web beacons e tecnologias de rastreio semelhantes para recolher informa\u00e7\u00f5es sobre a sua atividade no nosso Site. Os cookies ajudam-nos a compreender o comportamento do utilizador e a melhorar os nossos servi\u00e7os.<\/p><p>Pode optar por desativar os cookies atrav\u00e9s das defini\u00e7\u00f5es do seu browser, mas isso pode limitar a funcionalidade do S\u00edtio.<\/p><ol start=\"4\"><li>Partilha das suas informa\u00e7\u00f5es<\/li><\/ol><p>N\u00e3o vendemos nem alugamos as suas informa\u00e7\u00f5es pessoais a terceiros. No entanto, podemos partilhar os seus dados com terceiros de confian\u00e7a, incluindo:<\/p><ul><li><b><\/b>Fornecedores de servi\u00e7os: Podemos partilhar as suas informa\u00e7\u00f5es com fornecedores que ajudam nas opera\u00e7\u00f5es do s\u00edtio Web, no processamento de pagamentos e noutros servi\u00e7os.<\/li><li><b><\/b>Conformidade legal: Se exigido por lei ou se acreditarmos que tal a\u00e7\u00e3o \u00e9 necess\u00e1ria para cumprir obriga\u00e7\u00f5es legais, podemos divulgar as suas informa\u00e7\u00f5es \u00e0s autoridades.<\/li><li><b><\/b>Transfer\u00eancias de neg\u00f3cios: Em caso de fus\u00f5es, aquisi\u00e7\u00f5es ou vendas de activos, os seus dados podem ser transferidos para o novo propriet\u00e1rio.<\/li><\/ul><ol start=\"5\"><li>Seguran\u00e7a dos dados<\/li><\/ol><p>Levamos a s\u00e9rio a seguran\u00e7a das suas informa\u00e7\u00f5es pessoais. Utilizamos medidas t\u00e9cnicas e organizacionais adequadas para proteger os seus dados contra acesso n\u00e3o autorizado, perda ou utiliza\u00e7\u00e3o indevida.<\/p><p>No entanto, nenhum m\u00e9todo de transmiss\u00e3o atrav\u00e9s da Internet ou de armazenamento eletr\u00f3nico \u00e9 100% seguro e n\u00e3o podemos garantir uma seguran\u00e7a absoluta.<\/p><ol start=\"6\"><li>Os seus direitos<\/li><\/ol><p>Tem os seguintes direitos relativamente aos seus dados pessoais:<\/p><ul><li><b><\/b>Acesso: Pode solicitar o acesso aos dados pessoais que temos sobre si.<\/li><li><b><\/b>Corre\u00e7\u00e3o: Tem o direito de solicitar a corre\u00e7\u00e3o de dados inexactos ou incompletos.<\/li><li><b><\/b>Apagamento: Pode solicitar o apagamento dos seus dados pessoais, salvo excep\u00e7\u00f5es legais.<\/li><li><b><\/b>Restri\u00e7\u00e3o do processamento: Pode pedir-nos para limitar a utiliza\u00e7\u00e3o das suas informa\u00e7\u00f5es pessoais.<\/li><li><b><\/b>Portabilidade dos dados: Pode solicitar uma c\u00f3pia dos seus dados num formato estruturado, comummente utilizado e leg\u00edvel por m\u00e1quina.<\/li><\/ul><p>Para exercer qualquer um destes direitos, contacte-nos atrav\u00e9s de [O seu e-mail de contacto].<\/p><ol start=\"7\"><li>Aviso legal<\/li><\/ol><p>O conte\u00fado fornecido no nosso S\u00edtio destina-se apenas a fins informativos. Embora fa\u00e7amos todos os esfor\u00e7os para fornecer informa\u00e7\u00f5es exactas e actualizadas, n\u00e3o damos quaisquer garantias, expressas ou impl\u00edcitas, relativamente \u00e0 exatid\u00e3o, fiabilidade ou integridade do conte\u00fado.<\/p><ol start=\"8\"><li>Liga\u00e7\u00f5es de terceiros<\/li><\/ol><p>O nosso S\u00edtio pode conter liga\u00e7\u00f5es a s\u00edtios Web ou servi\u00e7os de terceiros. N\u00e3o somos respons\u00e1veis pelas pr\u00e1ticas de privacidade, conte\u00fado ou servi\u00e7os desses terceiros. Aconselhamo-lo a ler as pol\u00edticas de privacidade de todos os s\u00edtios Web ligados.<\/p><ol start=\"9\"><li>Altera\u00e7\u00f5es a esta pol\u00edtica<\/li><\/ol><p>Reservamo-nos o direito de atualizar ou modificar esta Pol\u00edtica Legal e de Privacidade em qualquer altura. Quaisquer altera\u00e7\u00f5es entrar\u00e3o em vigor imediatamente ap\u00f3s a publica\u00e7\u00e3o da vers\u00e3o revista no nosso Site. A sua utiliza\u00e7\u00e3o continuada do Site ap\u00f3s a publica\u00e7\u00e3o das altera\u00e7\u00f5es significa a sua aceita\u00e7\u00e3o de tais altera\u00e7\u00f5es.<\/p><ol start=\"10\"><li>Informa\u00e7\u00f5es de contacto<\/li><\/ol><p>Se tiver alguma quest\u00e3o ou d\u00favida sobre esta Pol\u00edtica de Privacidade e Jur\u00eddica ou sobre as nossas pr\u00e1ticas relativamente aos seus dados pessoais, contacte-nos atrav\u00e9s de<\/p><p>REEF B Co., Ltd.<br \/>No. 138, Sec. 1, Zhonghua Rd., East Dist., Hsinchu City 300 , Taiwan<br \/>Correio eletr\u00f3nico: support@reefb.com<br \/>Telefone: 886-3-5533869<\/p>\t\t\t\t\t\t<\/div>\n\t\t\t\t<\/div>\n\t\t\t\t\t<\/div>\n\t\t\t\t<\/div>\n\t\t\t\t<\/div>","protected":false},"excerpt":{"rendered":"<p>Pol\u00edtica de Privacidade e Legalidade \u00daltima atualiza\u00e7\u00e3o: 10 de outubro de 2024 Bem-vindo \u00e0 REEF B Co., Ltd. (\"n\u00f3s\", \"nosso\", \"nos\"). N\u00f3s somos<\/p>","protected":false},"author":1,"featured_media":0,"parent":0,"menu_order":0,"comment_status":"closed","ping_status":"closed","template":"","meta":{"_acf_changed":false,"footnotes":""},"class_list":["post-1749","page","type-page","status-publish","hentry"],"acf":[],"yoast_head":"<!-- This site is optimized with the Yoast SEO plugin v20.11 - https:\/\/yoast.com\/wordpress\/plugins\/seo\/ -->\n<title>Privacy &amp; Legal Policy - REEFB<\/title>\n<meta name=\"robots\" content=\"index, follow, max-snippet:-1, max-image-preview:large, max-video-preview:-1\" \/>\n<link rel=\"canonical\" href=\"https:\/\/www.reefb.com\/pt\/privacy-legal-policy\/\" \/>\n<meta property=\"og:locale\" content=\"pt_PT\" \/>\n<meta property=\"og:type\" content=\"article\" \/>\n<meta property=\"og:title\" content=\"Privacy &amp; Legal Policy - REEFB\" \/>\n<meta property=\"og:description\" content=\"Privacy &amp; Legal Policy Last Updated: October 10, 2024 Welcome to REEF B Co., Ltd. (\u201cwe\u201d, \u201cour\u201d, \u201cus\u201d). We are\" \/>\n<meta property=\"og:url\" content=\"https:\/\/www.reefb.com\/pt\/privacy-legal-policy\/\" \/>\n<meta property=\"og:site_name\" content=\"REEFB\" \/>\n<meta property=\"article:modified_time\" content=\"2024-10-25T08:24:27+00:00\" \/>\n<meta name=\"twitter:card\" content=\"summary_large_image\" \/>\n<meta name=\"twitter:label1\" content=\"Tempo estimado de leitura\" \/>\n\t<meta name=\"twitter:data1\" content=\"3 minutos\" \/>\n<script type=\"application\/ld+json\" class=\"yoast-schema-graph\">{\"@context\":\"https:\/\/schema.org\",\"@graph\":[{\"@type\":\"WebPage\",\"@id\":\"https:\/\/www.reefb.com\/privacy-legal-policy\/\",\"url\":\"https:\/\/www.reefb.com\/privacy-legal-policy\/\",\"name\":\"Privacy & Legal Policy - REEFB\",\"isPartOf\":{\"@id\":\"https:\/\/www.reefb.com\/#website\"},\"datePublished\":\"2024-10-24T13:24:16+00:00\",\"dateModified\":\"2024-10-25T08:24:27+00:00\",\"breadcrumb\":{\"@id\":\"https:\/\/www.reefb.com\/privacy-legal-policy\/#breadcrumb\"},\"inLanguage\":\"pt-PT\",\"potentialAction\":[{\"@type\":\"ReadAction\",\"target\":[\"https:\/\/www.reefb.com\/privacy-legal-policy\/\"]}]},{\"@type\":\"BreadcrumbList\",\"@id\":\"https:\/\/www.reefb.com\/privacy-legal-policy\/#breadcrumb\",\"itemListElement\":[{\"@type\":\"ListItem\",\"position\":1,\"name\":\"\u9996\u9875\",\"item\":\"https:\/\/www.reefb.com\/\"},{\"@type\":\"ListItem\",\"position\":2,\"name\":\"Privacy &#038; Legal Policy\"}]},{\"@type\":\"WebSite\",\"@id\":\"https:\/\/www.reefb.com\/#website\",\"url\":\"https:\/\/www.reefb.com\/\",\"name\":\"REEFB\",\"description\":\"\",\"potentialAction\":[{\"@type\":\"SearchAction\",\"target\":{\"@type\":\"EntryPoint\",\"urlTemplate\":\"https:\/\/www.reefb.com\/?s={search_term_string}\"},\"query-input\":\"required name=search_term_string\"}],\"inLanguage\":\"pt-PT\"}]}<\/script>\n<!-- \/ Yoast SEO plugin. -->","yoast_head_json":{"title":"Privacy & Legal Policy - REEFB","robots":{"index":"index","follow":"follow","max-snippet":"max-snippet:-1","max-image-preview":"max-image-preview:large","max-video-preview":"max-video-preview:-1"},"canonical":"https:\/\/www.reefb.com\/pt\/privacy-legal-policy\/","og_locale":"pt_PT","og_type":"article","og_title":"Privacy & Legal Policy - REEFB","og_description":"Privacy &amp; Legal Policy Last Updated: October 10, 2024 Welcome to REEF B Co., Ltd. (\u201cwe\u201d, \u201cour\u201d, \u201cus\u201d). We are","og_url":"https:\/\/www.reefb.com\/pt\/privacy-legal-policy\/","og_site_name":"REEFB","article_modified_time":"2024-10-25T08:24:27+00:00","twitter_card":"summary_large_image","twitter_misc":{"Tempo estimado de leitura":"3 minutos"},"schema":{"@context":"https:\/\/schema.org","@graph":[{"@type":"WebPage","@id":"https:\/\/www.reefb.com\/privacy-legal-policy\/","url":"https:\/\/www.reefb.com\/privacy-legal-policy\/","name":"Privacy & Legal Policy - REEFB","isPartOf":{"@id":"https:\/\/www.reefb.com\/#website"},"datePublished":"2024-10-24T13:24:16+00:00","dateModified":"2024-10-25T08:24:27+00:00","breadcrumb":{"@id":"https:\/\/www.reefb.com\/privacy-legal-policy\/#breadcrumb"},"inLanguage":"pt-PT","potentialAction":[{"@type":"ReadAction","target":["https:\/\/www.reefb.com\/privacy-legal-policy\/"]}]},{"@type":"BreadcrumbList","@id":"https:\/\/www.reefb.com\/privacy-legal-policy\/#breadcrumb","itemListElement":[{"@type":"ListItem","position":1,"name":"\u9996\u9875","item":"https:\/\/www.reefb.com\/"},{"@type":"ListItem","position":2,"name":"Privacy &#038; Legal Policy"}]},{"@type":"WebSite","@id":"https:\/\/www.reefb.com\/#website","url":"https:\/\/www.reefb.com\/","name":"REEFB","description":"","potentialAction":[{"@type":"SearchAction","target":{"@type":"EntryPoint","urlTemplate":"https:\/\/www.reefb.com\/?s={search_term_string}"},"query-input":"required name=search_term_string"}],"inLanguage":"pt-PT"}]}},"_links":{"self":[{"href":"https:\/\/www.reefb.com\/pt\/wp-json\/wp\/v2\/pages\/1749","targetHints":{"allow":["GET"]}}],"collection":[{"href":"https:\/\/www.reefb.com\/pt\/wp-json\/wp\/v2\/pages"}],"about":[{"href":"https:\/\/www.reefb.com\/pt\/wp-json\/wp\/v2\/types\/page"}],"author":[{"embeddable":true,"href":"https:\/\/www.reefb.com\/pt\/wp-json\/wp\/v2\/users\/1"}],"replies":[{"embeddable":true,"href":"https:\/\/www.reefb.com\/pt\/wp-json\/wp\/v2\/comments?post=1749"}],"version-history":[{"count":0,"href":"https:\/\/www.reefb.com\/pt\/wp-json\/wp\/v2\/pages\/1749\/revisions"}],"wp:attachment":[{"href":"https:\/\/www.reefb.com\/pt\/wp-json\/wp\/v2\/media?parent=1749"}],"curies":[{"name":"wp","href":"https:\/\/api.w.org\/{rel}","templated":true}]}}