{"id":615,"date":"2024-09-24T17:36:45","date_gmt":"2024-09-24T09:36:45","guid":{"rendered":"https:\/\/www.reefb.com\/?page_id=615"},"modified":"2024-11-20T14:36:38","modified_gmt":"2024-11-20T06:36:38","slug":"products","status":"publish","type":"page","link":"https:\/\/www.reefb.com\/pl\/products\/","title":{"rendered":"Produkty"},"content":{"rendered":"<div data-elementor-type=\"wp-page\" data-elementor-id=\"615\" class=\"elementor elementor-615\" data-elementor-post-type=\"page\">\n\t\t\t\t<div class=\"elementor-element elementor-element-a80d2a5 e-flex e-con-boxed e-con e-parent\" data-id=\"a80d2a5\" data-element_type=\"container\" data-settings=\"{&quot;background_background&quot;:&quot;classic&quot;}\">\n\t\t\t\t\t<div class=\"e-con-inner\">\n\t\t\t\t<div class=\"elementor-element elementor-element-62a735e elementor-widget elementor-widget-heading\" data-id=\"62a735e\" data-element_type=\"widget\" data-widget_type=\"heading.default\">\n\t\t\t\t<div class=\"elementor-widget-container\">\n\t\t\t<h2 class=\"elementor-heading-title elementor-size-default\">Lista produkt\u00f3w<\/h2>\t\t<\/div>\n\t\t\t\t<\/div>\n\t\t\t\t\t<\/div>\n\t\t\t\t<\/div>\n\t\t<div class=\"elementor-element elementor-element-9072a47 e-flex e-con-boxed e-con e-parent\" data-id=\"9072a47\" data-element_type=\"container\" data-settings=\"{&quot;background_background&quot;:&quot;classic&quot;}\">\n\t\t\t\t\t<div class=\"e-con-inner\">\n\t\t\t\t<div class=\"elementor-element elementor-element-1a88969 elementor-widget elementor-widget-heading\" data-id=\"1a88969\" data-element_type=\"widget\" data-widget_type=\"heading.default\">\n\t\t\t\t<div class=\"elementor-widget-container\">\n\t\t\t<h2 class=\"elementor-heading-title elementor-size-default\">O\u015bwietlenie LED<\/h2>\t\t<\/div>\n\t\t\t\t<\/div>\n\t\t\t\t<div class=\"woocommerce elementor-element elementor-element-48924a6 elementor-grid-4 elementor-grid-tablet-2 elementor-grid-mobile-1 elementor-widget elementor-widget-loop-grid\" data-id=\"48924a6\" data-element_type=\"widget\" data-settings=\"{&quot;_skin&quot;:&quot;product&quot;,&quot;template_id&quot;:&quot;611&quot;,&quot;columns&quot;:4,&quot;columns_tablet&quot;:&quot;2&quot;,&quot;columns_mobile&quot;:&quot;1&quot;,&quot;edit_handle_selector&quot;:&quot;[data-elementor-type=\\&quot;loop-item\\&quot;]&quot;,&quot;row_gap&quot;:{&quot;unit&quot;:&quot;px&quot;,&quot;size&quot;:&quot;&quot;,&quot;sizes&quot;:[]},&quot;row_gap_tablet&quot;:{&quot;unit&quot;:&quot;px&quot;,&quot;size&quot;:&quot;&quot;,&quot;sizes&quot;:[]},&quot;row_gap_mobile&quot;:{&quot;unit&quot;:&quot;px&quot;,&quot;size&quot;:&quot;&quot;,&quot;sizes&quot;:[]}}\" data-widget_type=\"loop-grid.product\">\n\t\t\t\t<div class=\"elementor-widget-container\">\n\t\t\t\t\t<div class=\"elementor-loop-container elementor-grid\">\n\t\t<style id=\"loop-611\">.elementor-611 .elementor-element.elementor-element-c36f749{--display:flex;--flex-direction:column;--container-widget-width:100%;--container-widget-height:initial;--container-widget-flex-grow:0;--container-widget-align-self:initial;--flex-wrap-mobile:wrap;--background-transition:0.3s;--border-radius:15px 15px 15px 15px;box-shadow:0px 0px 10px 0px rgba(0, 0, 0, 0.23);--padding-top:20px;--padding-bottom:20px;--padding-left:10px;--padding-right:10px;}.elementor-611 .elementor-element.elementor-element-c36f749:not(.elementor-motion-effects-element-type-background), .elementor-611 .elementor-element.elementor-element-c36f749 > .elementor-motion-effects-container > .elementor-motion-effects-layer{background-color:#FFFFFF;}.elementor-611 .elementor-element.elementor-element-c36f749, .elementor-611 .elementor-element.elementor-element-c36f749::before{--border-transition:0.3s;}.elementor-611 .elementor-element.elementor-element-93f270d{text-align:center;}.elementor-611 .elementor-element.elementor-element-93f270d img{width:70%;}.elementor-611 .elementor-element.elementor-element-37a0e46 > .elementor-widget-container{margin:20px 0px 0px 0px;}.elementor-611 .elementor-element.elementor-element-37a0e46{text-align:center;}.elementor-611 .elementor-element.elementor-element-37a0e46 .elementor-heading-title{color:#000000;font-size:23px;font-weight:500;}<\/style>\t\t<div data-elementor-type=\"loop-item\" data-elementor-id=\"611\" class=\"elementor elementor-611 e-loop-item e-loop-item-1714 post-1714 product type-product status-publish has-post-thumbnail product_cat-koralled first instock shipping-taxable product-type-simple\" data-elementor-post-type=\"elementor_library\" data-custom-edit-handle=\"1\">\n\t\t\t<div class=\"elementor-element elementor-element-c36f749 e-flex e-con-boxed e-con e-parent\" data-id=\"c36f749\" data-element_type=\"container\" data-settings=\"{&quot;background_background&quot;:&quot;classic&quot;}\">\n\t\t\t\t\t<div class=\"e-con-inner\">\n\t\t\t\t<div class=\"elementor-element elementor-element-93f270d elementor-widget elementor-widget-theme-post-featured-image elementor-widget-image\" data-id=\"93f270d\" data-element_type=\"widget\" data-widget_type=\"theme-post-featured-image.default\">\n\t\t\t\t<div class=\"elementor-widget-container\">\n\t\t\t\t\t\t\t\t\t\t\t\t\t\t<a href=\"https:\/\/www.reefb.com\/pl\/product\/koralled-70w\/\">\n\t\t\t\t\t\t\t<img fetchpriority=\"high\" decoding=\"async\" width=\"300\" height=\"300\" src=\"https:\/\/www.reefb.com\/wp-content\/smush-webp\/2024\/10\/icon_KoralLED-05-01-300x300.png.webp\" class=\"attachment-medium size-medium wp-image-2723\" alt=\"\" srcset=\"https:\/\/www.reefb.com\/wp-content\/smush-webp\/2024\/10\/icon_KoralLED-05-01-300x300.png.webp 300w, https:\/\/www.reefb.com\/wp-content\/smush-webp\/2024\/10\/icon_KoralLED-05-01-150x150.png.webp 150w, https:\/\/www.reefb.com\/wp-content\/smush-webp\/2024\/10\/icon_KoralLED-05-01-12x12.png.webp 12w, https:\/\/www.reefb.com\/wp-content\/smush-webp\/2024\/10\/icon_KoralLED-05-01.png.webp 500w\" sizes=\"(max-width: 300px) 100vw, 300px\" \/>\t\t\t\t\t\t\t\t<\/a>\n\t\t\t\t\t\t\t\t\t\t\t\t\t<\/div>\n\t\t\t\t<\/div>\n\t\t\t\t<div class=\"elementor-element elementor-element-37a0e46 elementor-widget elementor-widget-woocommerce-product-title elementor-page-title elementor-widget-heading\" data-id=\"37a0e46\" data-element_type=\"widget\" data-widget_type=\"woocommerce-product-title.default\">\n\t\t\t\t<div class=\"elementor-widget-container\">\n\t\t\t<h1 class=\"product_title entry-title elementor-heading-title elementor-size-default\"><a href=\"https:\/\/www.reefb.com\/pl\/product\/koralled-70w\/\">koralLED 70W<\/a><\/h1>\t\t<\/div>\n\t\t\t\t<\/div>\n\t\t\t\t\t<\/div>\n\t\t\t\t<\/div>\n\t\t\t\t<\/div>\n\t\t\t\t<\/div>\n\t\t\n\t\t\t\t<\/div>\n\t\t\t\t<\/div>\n\t\t\t\t<div class=\"elementor-element elementor-element-1dbb688 elementor-widget elementor-widget-heading\" data-id=\"1dbb688\" data-element_type=\"widget\" data-widget_type=\"heading.default\">\n\t\t\t\t<div class=\"elementor-widget-container\">\n\t\t\t<h2 class=\"elementor-heading-title elementor-size-default\">Doser<\/h2>\t\t<\/div>\n\t\t\t\t<\/div>\n\t\t\t\t<div class=\"woocommerce elementor-element elementor-element-fd2a8f2 elementor-grid-4 elementor-grid-tablet-2 elementor-grid-mobile-1 elementor-widget elementor-widget-loop-grid\" data-id=\"fd2a8f2\" data-element_type=\"widget\" data-settings=\"{&quot;_skin&quot;:&quot;product&quot;,&quot;template_id&quot;:&quot;611&quot;,&quot;columns&quot;:4,&quot;columns_tablet&quot;:&quot;2&quot;,&quot;columns_mobile&quot;:&quot;1&quot;,&quot;edit_handle_selector&quot;:&quot;[data-elementor-type=\\&quot;loop-item\\&quot;]&quot;,&quot;row_gap&quot;:{&quot;unit&quot;:&quot;px&quot;,&quot;size&quot;:&quot;&quot;,&quot;sizes&quot;:[]},&quot;row_gap_tablet&quot;:{&quot;unit&quot;:&quot;px&quot;,&quot;size&quot;:&quot;&quot;,&quot;sizes&quot;:[]},&quot;row_gap_mobile&quot;:{&quot;unit&quot;:&quot;px&quot;,&quot;size&quot;:&quot;&quot;,&quot;sizes&quot;:[]}}\" data-widget_type=\"loop-grid.product\">\n\t\t\t\t<div class=\"elementor-widget-container\">\n\t\t\t\t\t<div class=\"elementor-loop-container elementor-grid\">\n\t\t\t\t<div data-elementor-type=\"loop-item\" data-elementor-id=\"611\" class=\"elementor elementor-611 e-loop-item e-loop-item-723 post-723 product type-product status-publish has-post-thumbnail product_cat-koraldoser  instock shipping-taxable product-type-simple\" data-elementor-post-type=\"elementor_library\" data-custom-edit-handle=\"1\">\n\t\t\t<div class=\"elementor-element elementor-element-c36f749 e-flex e-con-boxed e-con e-parent\" data-id=\"c36f749\" data-element_type=\"container\" data-settings=\"{&quot;background_background&quot;:&quot;classic&quot;}\">\n\t\t\t\t\t<div class=\"e-con-inner\">\n\t\t\t\t<div class=\"elementor-element elementor-element-93f270d elementor-widget elementor-widget-theme-post-featured-image elementor-widget-image\" data-id=\"93f270d\" data-element_type=\"widget\" data-widget_type=\"theme-post-featured-image.default\">\n\t\t\t\t<div class=\"elementor-widget-container\">\n\t\t\t\t\t\t\t\t\t\t\t\t\t\t<a href=\"https:\/\/www.reefb.com\/pl\/product\/koraldose4h\/\">\n\t\t\t\t\t\t\t<img decoding=\"async\" width=\"300\" height=\"300\" data-src=\"https:\/\/www.reefb.com\/wp-content\/smush-webp\/2024\/10\/icon_koralDose-\u6b63\u9762-ama-300x300.png.webp\" class=\"attachment-medium size-medium wp-image-2724 lazyload\" alt=\"\" data-srcset=\"https:\/\/www.reefb.com\/wp-content\/smush-webp\/2024\/10\/icon_koralDose-\u6b63\u9762-ama-300x300.png.webp 300w, https:\/\/www.reefb.com\/wp-content\/smush-webp\/2024\/10\/icon_koralDose-\u6b63\u9762-ama-150x150.png.webp 150w, https:\/\/www.reefb.com\/wp-content\/smush-webp\/2024\/10\/icon_koralDose-\u6b63\u9762-ama-12x12.png.webp 12w, https:\/\/www.reefb.com\/wp-content\/smush-webp\/2024\/10\/icon_koralDose-\u6b63\u9762-ama.png.webp 500w\" data-sizes=\"(max-width: 300px) 100vw, 300px\" src=\"data:image\/gif;base64,R0lGODlhAQABAAAAACH5BAEKAAEALAAAAAABAAEAAAICTAEAOw==\" style=\"--smush-placeholder-width: 300px; --smush-placeholder-aspect-ratio: 300\/300;\" \/><noscript><img decoding=\"async\" width=\"300\" height=\"300\" src=\"https:\/\/www.reefb.com\/wp-content\/uploads\/2024\/10\/icon_koralDose-\u6b63\u9762-ama-300x300.png\" class=\"attachment-medium size-medium wp-image-2724\" alt=\"\" srcset=\"https:\/\/www.reefb.com\/wp-content\/uploads\/2024\/10\/icon_koralDose-\u6b63\u9762-ama-300x300.png 300w, https:\/\/www.reefb.com\/wp-content\/uploads\/2024\/10\/icon_koralDose-\u6b63\u9762-ama-150x150.png 150w, https:\/\/www.reefb.com\/wp-content\/uploads\/2024\/10\/icon_koralDose-\u6b63\u9762-ama-12x12.png 12w, https:\/\/www.reefb.com\/wp-content\/uploads\/2024\/10\/icon_koralDose-\u6b63\u9762-ama.png 500w\" sizes=\"(max-width: 300px) 100vw, 300px\" \/><\/noscript>\t\t\t\t\t\t\t\t<\/a>\n\t\t\t\t\t\t\t\t\t\t\t\t\t<\/div>\n\t\t\t\t<\/div>\n\t\t\t\t<div class=\"elementor-element elementor-element-37a0e46 elementor-widget elementor-widget-woocommerce-product-title elementor-page-title elementor-widget-heading\" data-id=\"37a0e46\" data-element_type=\"widget\" data-widget_type=\"woocommerce-product-title.default\">\n\t\t\t\t<div class=\"elementor-widget-container\">\n\t\t\t<h1 class=\"product_title entry-title elementor-heading-title elementor-size-default\"><a href=\"https:\/\/www.reefb.com\/pl\/product\/koraldose4h\/\">koralDose 4H<\/a><\/h1>\t\t<\/div>\n\t\t\t\t<\/div>\n\t\t\t\t\t<\/div>\n\t\t\t\t<\/div>\n\t\t\t\t<\/div>\n\t\t\t\t<\/div>\n\t\t\n\t\t\t\t<\/div>\n\t\t\t\t<\/div>\n\t\t\t\t\t<\/div>\n\t\t\t\t<\/div>\n\t\t\t\t<\/div>","protected":false},"excerpt":{"rendered":"<p>Lista produkt\u00f3w Dozownik \u015bwiat\u0142a LED<\/p>","protected":false},"author":1,"featured_media":0,"parent":0,"menu_order":0,"comment_status":"closed","ping_status":"closed","template":"","meta":{"_acf_changed":false,"footnotes":""},"class_list":["post-615","page","type-page","status-publish","hentry"],"acf":[],"yoast_head":"<!-- This site is optimized with the Yoast SEO plugin v20.11 - https:\/\/yoast.com\/wordpress\/plugins\/seo\/ -->\n<title>Products - REEFB<\/title>\n<meta name=\"robots\" content=\"index, follow, max-snippet:-1, max-image-preview:large, max-video-preview:-1\" \/>\n<link rel=\"canonical\" href=\"https:\/\/www.reefb.com\/pl\/products\/\" \/>\n<meta property=\"og:locale\" content=\"pl_PL\" \/>\n<meta property=\"og:type\" content=\"article\" \/>\n<meta property=\"og:title\" content=\"Products - REEFB\" \/>\n<meta property=\"og:description\" content=\"Product List LED light Doser\" \/>\n<meta property=\"og:url\" content=\"https:\/\/www.reefb.com\/pl\/products\/\" \/>\n<meta property=\"og:site_name\" content=\"REEFB\" \/>\n<meta property=\"article:modified_time\" content=\"2024-11-20T06:36:38+00:00\" \/>\n<meta name=\"twitter:card\" content=\"summary_large_image\" \/>\n<meta name=\"twitter:label1\" content=\"Szacowany czas czytania\" \/>\n\t<meta name=\"twitter:data1\" content=\"1 minuta\" \/>\n<script type=\"application\/ld+json\" class=\"yoast-schema-graph\">{\"@context\":\"https:\/\/schema.org\",\"@graph\":[{\"@type\":\"WebPage\",\"@id\":\"https:\/\/www.reefb.com\/products\/\",\"url\":\"https:\/\/www.reefb.com\/products\/\",\"name\":\"Products - REEFB\",\"isPartOf\":{\"@id\":\"https:\/\/www.reefb.com\/#website\"},\"datePublished\":\"2024-09-24T09:36:45+00:00\",\"dateModified\":\"2024-11-20T06:36:38+00:00\",\"breadcrumb\":{\"@id\":\"https:\/\/www.reefb.com\/products\/#breadcrumb\"},\"inLanguage\":\"pl-PL\",\"potentialAction\":[{\"@type\":\"ReadAction\",\"target\":[\"https:\/\/www.reefb.com\/products\/\"]}]},{\"@type\":\"BreadcrumbList\",\"@id\":\"https:\/\/www.reefb.com\/products\/#breadcrumb\",\"itemListElement\":[{\"@type\":\"ListItem\",\"position\":1,\"name\":\"\u9996\u9875\",\"item\":\"https:\/\/www.reefb.com\/\"},{\"@type\":\"ListItem\",\"position\":2,\"name\":\"Products\"}]},{\"@type\":\"WebSite\",\"@id\":\"https:\/\/www.reefb.com\/#website\",\"url\":\"https:\/\/www.reefb.com\/\",\"name\":\"REEFB\",\"description\":\"\",\"potentialAction\":[{\"@type\":\"SearchAction\",\"target\":{\"@type\":\"EntryPoint\",\"urlTemplate\":\"https:\/\/www.reefb.com\/?s={search_term_string}\"},\"query-input\":\"required name=search_term_string\"}],\"inLanguage\":\"pl-PL\"}]}<\/script>\n<!-- \/ Yoast SEO plugin. -->","yoast_head_json":{"title":"Products - REEFB","robots":{"index":"index","follow":"follow","max-snippet":"max-snippet:-1","max-image-preview":"max-image-preview:large","max-video-preview":"max-video-preview:-1"},"canonical":"https:\/\/www.reefb.com\/pl\/products\/","og_locale":"pl_PL","og_type":"article","og_title":"Products - REEFB","og_description":"Product List LED light Doser","og_url":"https:\/\/www.reefb.com\/pl\/products\/","og_site_name":"REEFB","article_modified_time":"2024-11-20T06:36:38+00:00","twitter_card":"summary_large_image","twitter_misc":{"Szacowany czas czytania":"1 minuta"},"schema":{"@context":"https:\/\/schema.org","@graph":[{"@type":"WebPage","@id":"https:\/\/www.reefb.com\/products\/","url":"https:\/\/www.reefb.com\/products\/","name":"Products - REEFB","isPartOf":{"@id":"https:\/\/www.reefb.com\/#website"},"datePublished":"2024-09-24T09:36:45+00:00","dateModified":"2024-11-20T06:36:38+00:00","breadcrumb":{"@id":"https:\/\/www.reefb.com\/products\/#breadcrumb"},"inLanguage":"pl-PL","potentialAction":[{"@type":"ReadAction","target":["https:\/\/www.reefb.com\/products\/"]}]},{"@type":"BreadcrumbList","@id":"https:\/\/www.reefb.com\/products\/#breadcrumb","itemListElement":[{"@type":"ListItem","position":1,"name":"\u9996\u9875","item":"https:\/\/www.reefb.com\/"},{"@type":"ListItem","position":2,"name":"Products"}]},{"@type":"WebSite","@id":"https:\/\/www.reefb.com\/#website","url":"https:\/\/www.reefb.com\/","name":"REEFB","description":"","potentialAction":[{"@type":"SearchAction","target":{"@type":"EntryPoint","urlTemplate":"https:\/\/www.reefb.com\/?s={search_term_string}"},"query-input":"required name=search_term_string"}],"inLanguage":"pl-PL"}]}},"_links":{"self":[{"href":"https:\/\/www.reefb.com\/pl\/wp-json\/wp\/v2\/pages\/615","targetHints":{"allow":["GET"]}}],"collection":[{"href":"https:\/\/www.reefb.com\/pl\/wp-json\/wp\/v2\/pages"}],"about":[{"href":"https:\/\/www.reefb.com\/pl\/wp-json\/wp\/v2\/types\/page"}],"author":[{"embeddable":true,"href":"https:\/\/www.reefb.com\/pl\/wp-json\/wp\/v2\/users\/1"}],"replies":[{"embeddable":true,"href":"https:\/\/www.reefb.com\/pl\/wp-json\/wp\/v2\/comments?post=615"}],"version-history":[{"count":15,"href":"https:\/\/www.reefb.com\/pl\/wp-json\/wp\/v2\/pages\/615\/revisions"}],"predecessor-version":[{"id":2754,"href":"https:\/\/www.reefb.com\/pl\/wp-json\/wp\/v2\/pages\/615\/revisions\/2754"}],"wp:attachment":[{"href":"https:\/\/www.reefb.com\/pl\/wp-json\/wp\/v2\/media?parent=615"}],"curies":[{"name":"wp","href":"https:\/\/api.w.org\/{rel}","templated":true}]}}