{"id":454,"date":"2024-09-23T11:33:40","date_gmt":"2024-09-23T03:33:40","guid":{"rendered":"https:\/\/www.reefb.com\/?page_id=454"},"modified":"2025-07-23T12:20:27","modified_gmt":"2025-07-23T04:20:27","slug":"contact-us","status":"publish","type":"page","link":"https:\/\/www.reefb.com\/pl\/contact-us\/","title":{"rendered":"Kontakt"},"content":{"rendered":"<div data-elementor-type=\"wp-page\" data-elementor-id=\"454\" class=\"elementor elementor-454\" data-elementor-post-type=\"page\">\n\t\t\t\t<div class=\"elementor-element elementor-element-20c5d46 e-con-full elementor-hidden-desktop elementor-hidden-tablet elementor-hidden-mobile e-flex e-con e-parent\" data-id=\"20c5d46\" data-element_type=\"container\">\n\t\t\t\t<div class=\"elementor-element elementor-element-9eec91d elementor-widget elementor-widget-heading\" data-id=\"9eec91d\" data-element_type=\"widget\" data-widget_type=\"heading.default\">\n\t\t\t\t<div class=\"elementor-widget-container\">\n\t\t\t<h2 class=\"elementor-heading-title elementor-size-default\">Skontaktuj si\u0119 z nami<\/h2>\t\t<\/div>\n\t\t\t\t<\/div>\n\t\t\t\t<div class=\"elementor-element elementor-element-829684d elementor-widget-divider--view-line elementor-widget elementor-widget-divider\" data-id=\"829684d\" data-element_type=\"widget\" data-widget_type=\"divider.default\">\n\t\t\t\t<div class=\"elementor-widget-container\">\n\t\t\t\t\t<div class=\"elementor-divider\">\n\t\t\t<span class=\"elementor-divider-separator\">\n\t\t\t\t\t\t<\/span>\n\t\t<\/div>\n\t\t\t\t<\/div>\n\t\t\t\t<\/div>\n\t\t\t\t<div class=\"elementor-element elementor-element-166ac41 elementor-button-align-start Page_ContactForm elementor-widget elementor-widget-form\" data-id=\"166ac41\" data-element_type=\"widget\" data-settings=\"{&quot;step_next_label&quot;:&quot;Next&quot;,&quot;step_previous_label&quot;:&quot;Previous&quot;,&quot;button_width&quot;:&quot;100&quot;,&quot;step_type&quot;:&quot;number_text&quot;,&quot;step_icon_shape&quot;:&quot;circle&quot;}\" data-widget_type=\"form.default\">\n\t\t\t\t<div class=\"elementor-widget-container\">\n\t\t\t\t\t<form class=\"elementor-form\" method=\"post\" name=\"New Form\" action=\"\">\n\t\t\t<input type=\"hidden\" name=\"post_id\" value=\"454\"\/>\n\t\t\t<input type=\"hidden\" name=\"form_id\" value=\"166ac41\"\/>\n\t\t\t<input type=\"hidden\" name=\"referer_title\" value=\"REEFB\" \/>\n\n\t\t\t\n\t\t\t<div class=\"elementor-form-fields-wrapper elementor-labels-above\">\n\t\t\t\t\t\t\t\t<div class=\"elementor-field-type-text elementor-field-group elementor-column elementor-field-group-field_c976ea2 elementor-col-100 elementor-field-required elementor-mark-required\">\n\t\t\t\t\t\t\t\t\t\t\t\t<label for=\"form-field-field_c976ea2\" class=\"elementor-field-label\">\n\t\t\t\t\t\t\t\tNazwisko\t\t\t\t\t\t\t<\/label>\n\t\t\t\t\t\t\t\t\t\t\t\t\t\t<input size=\"1\" type=\"text\" name=\"form_fields[field_c976ea2]\" id=\"form-field-field_c976ea2\" class=\"elementor-field elementor-size-sm  elementor-field-textual\" required=\"required\" aria-required=\"true\">\n\t\t\t\t\t\t\t\t\t\t\t<\/div>\n\t\t\t\t\t\t\t\t<div class=\"elementor-field-type-text elementor-field-group elementor-column elementor-field-group-field_a4bcc6d elementor-col-100 elementor-field-required elementor-mark-required\">\n\t\t\t\t\t\t\t\t\t\t\t\t<label for=\"form-field-field_a4bcc6d\" class=\"elementor-field-label\">\n\t\t\t\t\t\t\t\tImi\u0119\t\t\t\t\t\t\t<\/label>\n\t\t\t\t\t\t\t\t\t\t\t\t\t\t<input size=\"1\" type=\"text\" name=\"form_fields[field_a4bcc6d]\" id=\"form-field-field_a4bcc6d\" class=\"elementor-field elementor-size-sm  elementor-field-textual\" required=\"required\" aria-required=\"true\">\n\t\t\t\t\t\t\t\t\t\t\t<\/div>\n\t\t\t\t\t\t\t\t<div class=\"elementor-field-type-select elementor-field-group elementor-column elementor-field-group-name elementor-col-100 elementor-field-required elementor-mark-required\">\n\t\t\t\t\t\t\t\t\t\t\t\t<label for=\"form-field-name\" class=\"elementor-field-label\">\n\t\t\t\t\t\t\t\tKraj lub lokalizacja\t\t\t\t\t\t\t<\/label>\n\t\t\t\t\t\t\t\t<div class=\"elementor-field elementor-select-wrapper remove-before\">\n\t\t\t<div class=\"select-caret-down-wrapper\">\n\t\t\t\t<svg aria-hidden=\"true\" class=\"e-font-icon-svg e-eicon-caret-down\" viewbox=\"0 0 571.4 571.4\" xmlns=\"http:\/\/www.w3.org\/2000\/svg\"><path d=\"M571 393Q571 407 561 418L311 668Q300 679 286 679T261 668L11 418Q0 407 0 393T11 368 36 357H536Q550 357 561 368T571 393Z\"><\/path><\/svg>\t\t\t<\/div>\n\t\t\t<select name=\"form_fields[name]\" id=\"form-field-name\" class=\"elementor-field-textual elementor-size-sm\" required=\"required\" aria-required=\"true\">\n\t\t\t\t\t\t\t\t\t<option value=\"Afghanistan\">Afganistan<\/option>\n\t\t\t\t\t\t\t\t\t<option value=\"Albania\">Albania<\/option>\n\t\t\t\t\t\t\t\t\t<option value=\"Algeria\">Algieria<\/option>\n\t\t\t\t\t\t\t\t\t<option value=\"Andorra\">Andora<\/option>\n\t\t\t\t\t\t\t\t\t<option value=\"Angola\">Angola<\/option>\n\t\t\t\t\t\t\t\t\t<option value=\"Antigua and Barbuda\">Antigua i Barbuda<\/option>\n\t\t\t\t\t\t\t\t\t<option value=\"Argentina\">Argentyna<\/option>\n\t\t\t\t\t\t\t\t\t<option value=\"Armenia\">Armenia<\/option>\n\t\t\t\t\t\t\t\t\t<option value=\"Australia\">Australia<\/option>\n\t\t\t\t\t\t\t\t\t<option value=\"Austria\">Austria<\/option>\n\t\t\t\t\t\t\t\t\t<option value=\"Azerbaijan\">Azerbejd\u017can<\/option>\n\t\t\t\t\t\t\t\t\t<option value=\"Bahamas\">Bahamy<\/option>\n\t\t\t\t\t\t\t\t\t<option value=\"Bahrain\">Bahrajn<\/option>\n\t\t\t\t\t\t\t\t\t<option value=\"Bangladesh\">Bangladesz<\/option>\n\t\t\t\t\t\t\t\t\t<option value=\"Barbados\">Barbados<\/option>\n\t\t\t\t\t\t\t\t\t<option value=\"Belarus\">Bia\u0142oru\u015b<\/option>\n\t\t\t\t\t\t\t\t\t<option value=\"Belgium\">Belgia<\/option>\n\t\t\t\t\t\t\t\t\t<option value=\"Belize\">Belize<\/option>\n\t\t\t\t\t\t\t\t\t<option value=\"Benin\">Benin<\/option>\n\t\t\t\t\t\t\t\t\t<option value=\"Bhutan\">Bhutan<\/option>\n\t\t\t\t\t\t\t\t\t<option value=\"Bolivia\">Boliwia<\/option>\n\t\t\t\t\t\t\t\t\t<option value=\"Bosnia and Herzegovina\">Bo\u015bnia i Hercegowina<\/option>\n\t\t\t\t\t\t\t\t\t<option value=\"Botswana\">Botswana<\/option>\n\t\t\t\t\t\t\t\t\t<option value=\"Brazil\">Brazylia<\/option>\n\t\t\t\t\t\t\t\t\t<option value=\"Brunei\">Brunei<\/option>\n\t\t\t\t\t\t\t\t\t<option value=\"Bulgaria\">Bu\u0142garia<\/option>\n\t\t\t\t\t\t\t\t\t<option value=\"Burkina Faso\">Burkina Faso<\/option>\n\t\t\t\t\t\t\t\t\t<option value=\"Burundi\">Burundi<\/option>\n\t\t\t\t\t\t\t\t\t<option value=\"Cabo Verde\">Cabo Verde<\/option>\n\t\t\t\t\t\t\t\t\t<option value=\"Cambodia\">Kambod\u017ca<\/option>\n\t\t\t\t\t\t\t\t\t<option value=\"Cameroon\">Kamerun<\/option>\n\t\t\t\t\t\t\t\t\t<option value=\"Canada\">Kanada<\/option>\n\t\t\t\t\t\t\t\t\t<option value=\"Central African Republic\">Republika \u015arodkowoafryka\u0144ska<\/option>\n\t\t\t\t\t\t\t\t\t<option value=\"Chad\">Chad<\/option>\n\t\t\t\t\t\t\t\t\t<option value=\"Chile\">Chile<\/option>\n\t\t\t\t\t\t\t\t\t<option value=\"China\">Chiny<\/option>\n\t\t\t\t\t\t\t\t\t<option value=\"Colombia\">Kolumbia<\/option>\n\t\t\t\t\t\t\t\t\t<option value=\"Comoros\">Komory<\/option>\n\t\t\t\t\t\t\t\t\t<option value=\"Congo (Congo-Brazzaville)\">Kongo (Kongo-Brazzaville)<\/option>\n\t\t\t\t\t\t\t\t\t<option value=\"Costa Rica\">Kostaryka<\/option>\n\t\t\t\t\t\t\t\t\t<option value=\"Croatia\">Chorwacja<\/option>\n\t\t\t\t\t\t\t\t\t<option value=\"Cuba\">Kuba<\/option>\n\t\t\t\t\t\t\t\t\t<option value=\"Cyprus\">Cypr<\/option>\n\t\t\t\t\t\t\t\t\t<option value=\"Czechia\">Czechy<\/option>\n\t\t\t\t\t\t\t\t\t<option value=\"Denmark\">Dania<\/option>\n\t\t\t\t\t\t\t\t\t<option value=\"Djibouti\">D\u017cibuti<\/option>\n\t\t\t\t\t\t\t\t\t<option value=\"Dominica\">Dominika<\/option>\n\t\t\t\t\t\t\t\t\t<option value=\"Dominican Republic\">Republika Dominika\u0144ska<\/option>\n\t\t\t\t\t\t\t\t\t<option value=\"Ecuador\">Ekwador<\/option>\n\t\t\t\t\t\t\t\t\t<option value=\"Egypt\">Egipt<\/option>\n\t\t\t\t\t\t\t\t\t<option value=\"El Salvador\">Salwador<\/option>\n\t\t\t\t\t\t\t\t\t<option value=\"Equatorial Guinea\">Gwinea R\u00f3wnikowa<\/option>\n\t\t\t\t\t\t\t\t\t<option value=\"Eritrea\">Erytrea<\/option>\n\t\t\t\t\t\t\t\t\t<option value=\"Estonia\">Estonia<\/option>\n\t\t\t\t\t\t\t\t\t<option value=\"Eswatini\">Eswatini<\/option>\n\t\t\t\t\t\t\t\t\t<option value=\"Ethiopia\">Etiopia<\/option>\n\t\t\t\t\t\t\t\t\t<option value=\"Fiji\">Fid\u017ci<\/option>\n\t\t\t\t\t\t\t\t\t<option value=\"Finland\">Finlandia<\/option>\n\t\t\t\t\t\t\t\t\t<option value=\"France\">Francja<\/option>\n\t\t\t\t\t\t\t\t\t<option value=\"Gabon\">Gabon<\/option>\n\t\t\t\t\t\t\t\t\t<option value=\"Gambia\">Gambia<\/option>\n\t\t\t\t\t\t\t\t\t<option value=\"Georgia\">Gruzja<\/option>\n\t\t\t\t\t\t\t\t\t<option value=\"Germany\">Niemcy<\/option>\n\t\t\t\t\t\t\t\t\t<option value=\"Ghana\">Ghana<\/option>\n\t\t\t\t\t\t\t\t\t<option value=\"Greece\">Grecja<\/option>\n\t\t\t\t\t\t\t\t\t<option value=\"Grenada\">Grenada<\/option>\n\t\t\t\t\t\t\t\t\t<option value=\"Guatemala\">Gwatemala<\/option>\n\t\t\t\t\t\t\t\t\t<option value=\"Guinea\">Gwinea<\/option>\n\t\t\t\t\t\t\t\t\t<option value=\"Guinea-Bissau\">Gwinea Bissau<\/option>\n\t\t\t\t\t\t\t\t\t<option value=\"Guyana\">Gujana<\/option>\n\t\t\t\t\t\t\t\t\t<option value=\"Haiti\">Haiti<\/option>\n\t\t\t\t\t\t\t\t\t<option value=\"Honduras\">Honduras<\/option>\n\t\t\t\t\t\t\t\t\t<option value=\"Hungary\">W\u0119gry<\/option>\n\t\t\t\t\t\t\t\t\t<option value=\"Iceland\">Islandia<\/option>\n\t\t\t\t\t\t\t\t\t<option value=\"India\">Indie<\/option>\n\t\t\t\t\t\t\t\t\t<option value=\"Indonesia\">Indonezja<\/option>\n\t\t\t\t\t\t\t\t\t<option value=\"Iran\">Iran<\/option>\n\t\t\t\t\t\t\t\t\t<option value=\"Iraq\">Irak<\/option>\n\t\t\t\t\t\t\t\t\t<option value=\"Ireland\">Irlandia<\/option>\n\t\t\t\t\t\t\t\t\t<option value=\"Israel\">Izrael<\/option>\n\t\t\t\t\t\t\t\t\t<option value=\"Italy\">W\u0142ochy<\/option>\n\t\t\t\t\t\t\t\t\t<option value=\"Jamaica\">Jamajka<\/option>\n\t\t\t\t\t\t\t\t\t<option value=\"Japan\">Japonia<\/option>\n\t\t\t\t\t\t\t\t\t<option value=\"Jordan\">Jordan<\/option>\n\t\t\t\t\t\t\t\t\t<option value=\"Kazakhstan\">Kazachstan<\/option>\n\t\t\t\t\t\t\t\t\t<option value=\"Kenya\">Kenia<\/option>\n\t\t\t\t\t\t\t\t\t<option value=\"Kiribati\">Kiribati<\/option>\n\t\t\t\t\t\t\t\t\t<option value=\"Korea (North)\">Korea (P\u00f3\u0142nocna)<\/option>\n\t\t\t\t\t\t\t\t\t<option value=\"Korea (South)\">Korea (Po\u0142udniowa)<\/option>\n\t\t\t\t\t\t\t\t\t<option value=\"Kuwait\">Kuwejt<\/option>\n\t\t\t\t\t\t\t\t\t<option value=\"Kyrgyzstan\">Kirgistan<\/option>\n\t\t\t\t\t\t\t\t\t<option value=\"Laos\">Laos<\/option>\n\t\t\t\t\t\t\t\t\t<option value=\"Latvia\">\u0141otwa<\/option>\n\t\t\t\t\t\t\t\t\t<option value=\"Lebanon\">Liban<\/option>\n\t\t\t\t\t\t\t\t\t<option value=\"Lesotho\">Lesotho<\/option>\n\t\t\t\t\t\t\t\t\t<option value=\"Liberia\">Liberia<\/option>\n\t\t\t\t\t\t\t\t\t<option value=\"Libya\">Libia<\/option>\n\t\t\t\t\t\t\t\t\t<option value=\"Liechtenstein\">Liechtenstein<\/option>\n\t\t\t\t\t\t\t\t\t<option value=\"Lithuania\">Litwa<\/option>\n\t\t\t\t\t\t\t\t\t<option value=\"Luxembourg\">Luksemburg<\/option>\n\t\t\t\t\t\t\t\t\t<option value=\"Madagascar\">Madagaskar<\/option>\n\t\t\t\t\t\t\t\t\t<option value=\"Malawi\">Malawi<\/option>\n\t\t\t\t\t\t\t\t\t<option value=\"Malaysia\">Malezja<\/option>\n\t\t\t\t\t\t\t\t\t<option value=\"Maldives\">Malediwy<\/option>\n\t\t\t\t\t\t\t\t\t<option value=\"Mali\">Mali<\/option>\n\t\t\t\t\t\t\t\t\t<option value=\"Malta\">Malta<\/option>\n\t\t\t\t\t\t\t\t\t<option value=\"Marshall Islands\">Wyspy Marshalla<\/option>\n\t\t\t\t\t\t\t\t\t<option value=\"Mauritania\">Mauretania<\/option>\n\t\t\t\t\t\t\t\t\t<option value=\"Mauritius\">Mauritius<\/option>\n\t\t\t\t\t\t\t\t\t<option value=\"Mexico\">Meksyk<\/option>\n\t\t\t\t\t\t\t\t\t<option value=\"Micronesia\">Mikronezja<\/option>\n\t\t\t\t\t\t\t\t\t<option value=\"Moldova\">Mo\u0142dawia<\/option>\n\t\t\t\t\t\t\t\t\t<option value=\"Monaco\">Monako<\/option>\n\t\t\t\t\t\t\t\t\t<option value=\"Mongolia\">Mongolia<\/option>\n\t\t\t\t\t\t\t\t\t<option value=\"Montenegro\">Czarnog\u00f3ra<\/option>\n\t\t\t\t\t\t\t\t\t<option value=\"Morocco\">Maroko<\/option>\n\t\t\t\t\t\t\t\t\t<option value=\"Mozambique\">Mozambik<\/option>\n\t\t\t\t\t\t\t\t\t<option value=\"Myanmar\">Birma<\/option>\n\t\t\t\t\t\t\t\t\t<option value=\"Namibia\">Namibia<\/option>\n\t\t\t\t\t\t\t\t\t<option value=\"Nauru\">Nauru<\/option>\n\t\t\t\t\t\t\t\t\t<option value=\"Nepal\">Nepal<\/option>\n\t\t\t\t\t\t\t\t\t<option value=\"Netherlands\">Holandia<\/option>\n\t\t\t\t\t\t\t\t\t<option value=\"New Zealand\">Nowa Zelandia<\/option>\n\t\t\t\t\t\t\t\t\t<option value=\"Nicaragua\">Nikaragua<\/option>\n\t\t\t\t\t\t\t\t\t<option value=\"Niger\">Niger<\/option>\n\t\t\t\t\t\t\t\t\t<option value=\"Nigeria\">Nigeria<\/option>\n\t\t\t\t\t\t\t\t\t<option value=\"North Macedonia\">Macedonia P\u00f3\u0142nocna<\/option>\n\t\t\t\t\t\t\t\t\t<option value=\"Norway\">Norwegia<\/option>\n\t\t\t\t\t\t\t\t\t<option value=\"Oman\">Oman<\/option>\n\t\t\t\t\t\t\t\t\t<option value=\"Pakistan\">Pakistan<\/option>\n\t\t\t\t\t\t\t\t\t<option value=\"Palau\">Palau<\/option>\n\t\t\t\t\t\t\t\t\t<option value=\"Palestine State\">Pa\u0144stwo Palestyna<\/option>\n\t\t\t\t\t\t\t\t\t<option value=\"Panama\">Panama<\/option>\n\t\t\t\t\t\t\t\t\t<option value=\"Papua New Guinea\">Papua-Nowa Gwinea<\/option>\n\t\t\t\t\t\t\t\t\t<option value=\"Paraguay\">Paragwaj<\/option>\n\t\t\t\t\t\t\t\t\t<option value=\"Peru\">Peru<\/option>\n\t\t\t\t\t\t\t\t\t<option value=\"Philippines\">Filipiny<\/option>\n\t\t\t\t\t\t\t\t\t<option value=\"Poland\">Polska<\/option>\n\t\t\t\t\t\t\t\t\t<option value=\"Portugal\">Portugalia<\/option>\n\t\t\t\t\t\t\t\t\t<option value=\"Qatar\">Katar<\/option>\n\t\t\t\t\t\t\t\t\t<option value=\"Romania\">Rumunia<\/option>\n\t\t\t\t\t\t\t\t\t<option value=\"Russia\">Rosja<\/option>\n\t\t\t\t\t\t\t\t\t<option value=\"Rwanda\">Rwanda<\/option>\n\t\t\t\t\t\t\t\t\t<option value=\"Saint Kitts and Nevis\">Saint Kitts i Nevis<\/option>\n\t\t\t\t\t\t\t\t\t<option value=\"Saint Lucia\">Saint Lucia<\/option>\n\t\t\t\t\t\t\t\t\t<option value=\"Saint Vincent and the Grenadines\">Saint Vincent i Grenadyny<\/option>\n\t\t\t\t\t\t\t\t\t<option value=\"Samoa\">Samoa<\/option>\n\t\t\t\t\t\t\t\t\t<option value=\"San Marino\">San Marino<\/option>\n\t\t\t\t\t\t\t\t\t<option value=\"Sao Tome and Principe\">Wyspy \u015awi\u0119tego Tomasza i Ksi\u0105\u017c\u0119ca<\/option>\n\t\t\t\t\t\t\t\t\t<option value=\"Saudi Arabia\">Arabia Saudyjska<\/option>\n\t\t\t\t\t\t\t\t\t<option value=\"Senegal\">Senegal<\/option>\n\t\t\t\t\t\t\t\t\t<option value=\"Serbia\">Serbia<\/option>\n\t\t\t\t\t\t\t\t\t<option value=\"Seychelles\">Seszele<\/option>\n\t\t\t\t\t\t\t\t\t<option value=\"Sierra Leone\">Sierra Leone<\/option>\n\t\t\t\t\t\t\t\t\t<option value=\"Singapore\">Singapur<\/option>\n\t\t\t\t\t\t\t\t\t<option value=\"Slovakia\">S\u0142owacja<\/option>\n\t\t\t\t\t\t\t\t\t<option value=\"Slovenia\">S\u0142owenia<\/option>\n\t\t\t\t\t\t\t\t\t<option value=\"Solomon Islands\">Wyspy Salomona<\/option>\n\t\t\t\t\t\t\t\t\t<option value=\"Somalia\">Somalia<\/option>\n\t\t\t\t\t\t\t\t\t<option value=\"South Africa\">Republika Po\u0142udniowej Afryki<\/option>\n\t\t\t\t\t\t\t\t\t<option value=\"South Sudan\">Sudan Po\u0142udniowy<\/option>\n\t\t\t\t\t\t\t\t\t<option value=\"Spain\">Hiszpania<\/option>\n\t\t\t\t\t\t\t\t\t<option value=\"Sri Lanka\">Sri Lanka<\/option>\n\t\t\t\t\t\t\t\t\t<option value=\"Sudan\">Sudan<\/option>\n\t\t\t\t\t\t\t\t\t<option value=\"Suriname\">Surinam<\/option>\n\t\t\t\t\t\t\t\t\t<option value=\"Sweden\">Szwecja<\/option>\n\t\t\t\t\t\t\t\t\t<option value=\"Switzerland\">Szwajcaria<\/option>\n\t\t\t\t\t\t\t\t\t<option value=\"Syria\">Syria<\/option>\n\t\t\t\t\t\t\t\t\t<option value=\"Taiwan\">Tajwan<\/option>\n\t\t\t\t\t\t\t\t\t<option value=\"Tajikistan\">Tad\u017cykistan<\/option>\n\t\t\t\t\t\t\t\t\t<option value=\"Tanzania\">Tanzania<\/option>\n\t\t\t\t\t\t\t\t\t<option value=\"Thailand\">Tajlandia<\/option>\n\t\t\t\t\t\t\t\t\t<option value=\"Timor-Leste\">Timor Wschodni<\/option>\n\t\t\t\t\t\t\t\t\t<option value=\"Togo\">Togo<\/option>\n\t\t\t\t\t\t\t\t\t<option value=\"Tonga\">Tonga<\/option>\n\t\t\t\t\t\t\t\t\t<option value=\"Trinidad and Tobago\">Trynidad i Tobago<\/option>\n\t\t\t\t\t\t\t\t\t<option value=\"Tunisia\">Tunezja<\/option>\n\t\t\t\t\t\t\t\t\t<option value=\"Turkey\">Turcja<\/option>\n\t\t\t\t\t\t\t\t\t<option value=\"Turkmenistan\">Turkmenistan<\/option>\n\t\t\t\t\t\t\t\t\t<option value=\"Tuvalu\">Tuvalu<\/option>\n\t\t\t\t\t\t\t\t\t<option value=\"Uganda\">Uganda<\/option>\n\t\t\t\t\t\t\t\t\t<option value=\"Ukraine\">Ukraina<\/option>\n\t\t\t\t\t\t\t\t\t<option value=\"United Arab Emirates\">Zjednoczone Emiraty Arabskie<\/option>\n\t\t\t\t\t\t\t\t\t<option value=\"United Kingdom\">Wielka Brytania<\/option>\n\t\t\t\t\t\t\t\t\t<option value=\"United States\">Stany Zjednoczone<\/option>\n\t\t\t\t\t\t\t\t\t<option value=\"Uruguay\">Urugwaj<\/option>\n\t\t\t\t\t\t\t\t\t<option value=\"Uzbekistan\">Uzbekistan<\/option>\n\t\t\t\t\t\t\t\t\t<option value=\"Vanuatu\">Vanuatu<\/option>\n\t\t\t\t\t\t\t\t\t<option value=\"Vatican City\">Watykan<\/option>\n\t\t\t\t\t\t\t\t\t<option value=\"Venezuela\">Wenezuela<\/option>\n\t\t\t\t\t\t\t\t\t<option value=\"Vietnam\">Wietnam<\/option>\n\t\t\t\t\t\t\t\t\t<option value=\"Yemen\">Jemen<\/option>\n\t\t\t\t\t\t\t\t\t<option value=\"Zambia\">Zambia<\/option>\n\t\t\t\t\t\t\t\t\t<option value=\"Zimbabwe\">Zimbabwe<\/option>\n\t\t\t\t\t\t\t<\/select>\n\t\t<\/div>\n\t\t\t\t\t\t<\/div>\n\t\t\t\t\t\t\t\t<div class=\"elementor-field-type-email elementor-field-group elementor-column elementor-field-group-email elementor-col-100 elementor-field-required elementor-mark-required\">\n\t\t\t\t\t\t\t\t\t\t\t\t<label for=\"form-field-email\" class=\"elementor-field-label\">\n\t\t\t\t\t\t\t\tE-mail\t\t\t\t\t\t\t<\/label>\n\t\t\t\t\t\t\t\t\t\t\t\t\t\t<input size=\"1\" type=\"email\" name=\"form_fields[email]\" id=\"form-field-email\" class=\"elementor-field elementor-size-sm  elementor-field-textual\" required=\"required\" aria-required=\"true\">\n\t\t\t\t\t\t\t\t\t\t\t<\/div>\n\t\t\t\t\t\t\t\t<div class=\"elementor-field-type-textarea elementor-field-group elementor-column elementor-field-group-message elementor-col-100 elementor-field-required elementor-mark-required\">\n\t\t\t\t\t\t\t\t\t\t\t\t<label for=\"form-field-message\" class=\"elementor-field-label\">\n\t\t\t\t\t\t\t\tWiadomo\u015b\u0107\t\t\t\t\t\t\t<\/label>\n\t\t\t\t\t\t<textarea class=\"elementor-field-textual elementor-field  elementor-size-sm\" name=\"form_fields[message]\" id=\"form-field-message\" rows=\"4\" required=\"required\" aria-required=\"true\"><\/textarea>\t\t\t\t<\/div>\n\t\t\t\t\t\t\t\t<div class=\"elementor-field-type-text\">\n\t\t\t\t\t<input size=\"1\" type=\"text\" name=\"form_fields[field_d2fe486]\" id=\"form-field-field_d2fe486\" class=\"elementor-field elementor-size-sm\" style=\"display:none !important;\">\t\t\t\t<\/div>\n\t\t\t\t\t\t\t\t<div class=\"elementor-field-group elementor-column elementor-field-type-submit elementor-col-100 e-form__buttons\">\n\t\t\t\t\t<button class=\"elementor-button elementor-size-sm\" type=\"submit\">\n\t\t\t\t\t\t<span class=\"elementor-button-content-wrapper\">\n\t\t\t\t\t\t\t\t\t\t\t\t\t\t\t\t\t\t\t\t\t\t<span class=\"elementor-button-text\">WY\u015aLIJ MAIL<\/span>\n\t\t\t\t\t\t\t\t\t\t\t\t\t<\/span>\n\t\t\t\t\t<\/button>\n\t\t\t\t<\/div>\n\t\t\t<\/div>\n\t\t<input type=\"hidden\" name=\"trp-form-language\" value=\"pl\"\/><\/form>\n\t\t\t\t<\/div>\n\t\t\t\t<\/div>\n\t\t\t\t<\/div>\n\t\t<div class=\"elementor-element elementor-element-527cfa9 e-flex e-con-boxed e-con e-parent\" data-id=\"527cfa9\" data-element_type=\"container\">\n\t\t\t\t\t<div class=\"e-con-inner\">\n\t\t\t\t<div class=\"elementor-element elementor-element-46ab8ae elementor-widget elementor-widget-heading\" data-id=\"46ab8ae\" data-element_type=\"widget\" data-widget_type=\"heading.default\">\n\t\t\t\t<div class=\"elementor-widget-container\">\n\t\t\t<h2 class=\"elementor-heading-title elementor-size-default\"><h2 data-elementor-setting-key=\"title\" data-pen-placeholder=\"\u5728\u6b64\u8f93\u5165...\" style=\"font-style: normal;font-weight: 600;font-family: Roboto, sans-serif;font-size: 30px;text-transform: uppercase\">Skontaktuj si\u0119 z nami<span style=\"font-family: Roboto, sans-serif;font-size: 24px;font-style: normal;font-weight: 600;text-transform: none\"><\/span><\/h2><\/h2>\t\t<\/div>\n\t\t\t\t<\/div>\n\t\t\t\t<div class=\"elementor-element elementor-element-b40cdf9 color-scheme-inherit text-left elementor-widget elementor-widget-text-editor\" data-id=\"b40cdf9\" data-element_type=\"widget\" data-widget_type=\"text-editor.default\">\n\t\t\t\t<div class=\"elementor-widget-container\">\n\t\t\t\t\t\t\t<p>Dzi\u0119kujemy za zainteresowanie REEF B.<br \/>Je\u015bli masz jakiekolwiek pytania dotycz\u0105ce produkt\u00f3w lub pro\u015bby o wsp\u00f3\u0142prac\u0119, skontaktuj si\u0119 z nami za po\u015brednictwem poczty elektronicznej.<\/p>\t\t\t\t\t\t<\/div>\n\t\t\t\t<\/div>\n\t\t\t\t<div class=\"elementor-element elementor-element-35df055 elementor-widget elementor-widget-html\" data-id=\"35df055\" data-element_type=\"widget\" data-widget_type=\"html.default\">\n\t\t\t\t<div class=\"elementor-widget-container\">\n\t\t\t<p style=\"font-size: 16px;\">\n  <strong>E-mail:<\/strong>\n  <span id=\"email\"><\/span>\n<\/p>\n\n<script>\n  const u = 'support';\n  const d = 'reefb.com';\n  document.getElementById('email').innerHTML =\n    `<a href=\"mailto:${u}@${d}\">${u}@${d}<\/a>`;\n<\/script>\n\t\t<\/div>\n\t\t\t\t<\/div>\n\t\t\t\t\t<\/div>\n\t\t\t\t<\/div>\n\t\t\t\t<\/div>","protected":false},"excerpt":{"rendered":"<p>Skontaktuj si\u0119 z nami Skontaktuj si\u0119 z nami Dzi\u0119kujemy za zainteresowanie REEF B. Je\u015bli masz jakiekolwiek pytania dotycz\u0105ce produkt\u00f3w lub<\/p>","protected":false},"author":1,"featured_media":0,"parent":0,"menu_order":0,"comment_status":"closed","ping_status":"closed","template":"","meta":{"_acf_changed":false,"footnotes":""},"class_list":["post-454","page","type-page","status-publish","hentry"],"acf":[],"yoast_head":"<!-- This site is optimized with the Yoast SEO plugin v20.11 - https:\/\/yoast.com\/wordpress\/plugins\/seo\/ -->\n<title>Contact Us - REEFB<\/title>\n<meta name=\"robots\" content=\"index, follow, max-snippet:-1, max-image-preview:large, max-video-preview:-1\" \/>\n<link rel=\"canonical\" href=\"https:\/\/www.reefb.com\/pl\/contact-us\/\" \/>\n<meta property=\"og:locale\" content=\"pl_PL\" \/>\n<meta property=\"og:type\" content=\"article\" \/>\n<meta property=\"og:title\" content=\"Contact Us - REEFB\" \/>\n<meta property=\"og:description\" content=\"Get In Touch Get In Touch Thank you for your interest in REEF B.If you have any product inquiries or\" \/>\n<meta property=\"og:url\" content=\"https:\/\/www.reefb.com\/pl\/contact-us\/\" \/>\n<meta property=\"og:site_name\" content=\"REEFB\" \/>\n<meta property=\"article:modified_time\" content=\"2025-07-23T04:20:27+00:00\" \/>\n<meta name=\"twitter:card\" content=\"summary_large_image\" \/>\n<meta name=\"twitter:label1\" content=\"Szacowany czas czytania\" \/>\n\t<meta name=\"twitter:data1\" content=\"2 minuty\" \/>\n<script type=\"application\/ld+json\" class=\"yoast-schema-graph\">{\"@context\":\"https:\/\/schema.org\",\"@graph\":[{\"@type\":\"WebPage\",\"@id\":\"https:\/\/www.reefb.com\/contact-us\/\",\"url\":\"https:\/\/www.reefb.com\/contact-us\/\",\"name\":\"Contact Us - REEFB\",\"isPartOf\":{\"@id\":\"https:\/\/www.reefb.com\/#website\"},\"datePublished\":\"2024-09-23T03:33:40+00:00\",\"dateModified\":\"2025-07-23T04:20:27+00:00\",\"breadcrumb\":{\"@id\":\"https:\/\/www.reefb.com\/contact-us\/#breadcrumb\"},\"inLanguage\":\"pl-PL\",\"potentialAction\":[{\"@type\":\"ReadAction\",\"target\":[\"https:\/\/www.reefb.com\/contact-us\/\"]}]},{\"@type\":\"BreadcrumbList\",\"@id\":\"https:\/\/www.reefb.com\/contact-us\/#breadcrumb\",\"itemListElement\":[{\"@type\":\"ListItem\",\"position\":1,\"name\":\"\u9996\u9875\",\"item\":\"https:\/\/www.reefb.com\/\"},{\"@type\":\"ListItem\",\"position\":2,\"name\":\"Contact Us\"}]},{\"@type\":\"WebSite\",\"@id\":\"https:\/\/www.reefb.com\/#website\",\"url\":\"https:\/\/www.reefb.com\/\",\"name\":\"REEFB\",\"description\":\"\",\"potentialAction\":[{\"@type\":\"SearchAction\",\"target\":{\"@type\":\"EntryPoint\",\"urlTemplate\":\"https:\/\/www.reefb.com\/?s={search_term_string}\"},\"query-input\":\"required name=search_term_string\"}],\"inLanguage\":\"pl-PL\"}]}<\/script>\n<!-- \/ Yoast SEO plugin. -->","yoast_head_json":{"title":"Contact Us - REEFB","robots":{"index":"index","follow":"follow","max-snippet":"max-snippet:-1","max-image-preview":"max-image-preview:large","max-video-preview":"max-video-preview:-1"},"canonical":"https:\/\/www.reefb.com\/pl\/contact-us\/","og_locale":"pl_PL","og_type":"article","og_title":"Contact Us - REEFB","og_description":"Get In Touch Get In Touch Thank you for your interest in REEF B.If you have any product inquiries or","og_url":"https:\/\/www.reefb.com\/pl\/contact-us\/","og_site_name":"REEFB","article_modified_time":"2025-07-23T04:20:27+00:00","twitter_card":"summary_large_image","twitter_misc":{"Szacowany czas czytania":"2 minuty"},"schema":{"@context":"https:\/\/schema.org","@graph":[{"@type":"WebPage","@id":"https:\/\/www.reefb.com\/contact-us\/","url":"https:\/\/www.reefb.com\/contact-us\/","name":"Contact Us - REEFB","isPartOf":{"@id":"https:\/\/www.reefb.com\/#website"},"datePublished":"2024-09-23T03:33:40+00:00","dateModified":"2025-07-23T04:20:27+00:00","breadcrumb":{"@id":"https:\/\/www.reefb.com\/contact-us\/#breadcrumb"},"inLanguage":"pl-PL","potentialAction":[{"@type":"ReadAction","target":["https:\/\/www.reefb.com\/contact-us\/"]}]},{"@type":"BreadcrumbList","@id":"https:\/\/www.reefb.com\/contact-us\/#breadcrumb","itemListElement":[{"@type":"ListItem","position":1,"name":"\u9996\u9875","item":"https:\/\/www.reefb.com\/"},{"@type":"ListItem","position":2,"name":"Contact Us"}]},{"@type":"WebSite","@id":"https:\/\/www.reefb.com\/#website","url":"https:\/\/www.reefb.com\/","name":"REEFB","description":"","potentialAction":[{"@type":"SearchAction","target":{"@type":"EntryPoint","urlTemplate":"https:\/\/www.reefb.com\/?s={search_term_string}"},"query-input":"required name=search_term_string"}],"inLanguage":"pl-PL"}]}},"_links":{"self":[{"href":"https:\/\/www.reefb.com\/pl\/wp-json\/wp\/v2\/pages\/454","targetHints":{"allow":["GET"]}}],"collection":[{"href":"https:\/\/www.reefb.com\/pl\/wp-json\/wp\/v2\/pages"}],"about":[{"href":"https:\/\/www.reefb.com\/pl\/wp-json\/wp\/v2\/types\/page"}],"author":[{"embeddable":true,"href":"https:\/\/www.reefb.com\/pl\/wp-json\/wp\/v2\/users\/1"}],"replies":[{"embeddable":true,"href":"https:\/\/www.reefb.com\/pl\/wp-json\/wp\/v2\/comments?post=454"}],"version-history":[{"count":48,"href":"https:\/\/www.reefb.com\/pl\/wp-json\/wp\/v2\/pages\/454\/revisions"}],"predecessor-version":[{"id":3753,"href":"https:\/\/www.reefb.com\/pl\/wp-json\/wp\/v2\/pages\/454\/revisions\/3753"}],"wp:attachment":[{"href":"https:\/\/www.reefb.com\/pl\/wp-json\/wp\/v2\/media?parent=454"}],"curies":[{"name":"wp","href":"https:\/\/api.w.org\/{rel}","templated":true}]}}