{"id":426,"date":"2024-09-23T11:21:26","date_gmt":"2024-09-23T03:21:26","guid":{"rendered":"https:\/\/www.reefb.com\/?page_id=426"},"modified":"2025-03-14T21:23:32","modified_gmt":"2025-03-14T13:23:32","slug":"koralcore-app","status":"publish","type":"page","link":"https:\/\/www.reefb.com\/pl\/koralcore-app\/","title":{"rendered":"Aplikacja Koralcore"},"content":{"rendered":"<div data-elementor-type=\"wp-page\" data-elementor-id=\"426\" class=\"elementor elementor-426\" data-elementor-post-type=\"page\">\n\t\t\t\t<div class=\"elementor-element elementor-element-f72e105 e-flex e-con-boxed e-con e-parent\" data-id=\"f72e105\" data-element_type=\"container\" data-settings=\"{&quot;background_background&quot;:&quot;classic&quot;}\">\n\t\t\t\t\t<div class=\"e-con-inner\">\n\t\t<div class=\"elementor-element elementor-element-f7d64ae e-con-full e-flex e-con e-child\" data-id=\"f7d64ae\" data-element_type=\"container\">\n\t\t\t\t<div class=\"elementor-element elementor-element-d1b7420 elementor-widget elementor-widget-image\" data-id=\"d1b7420\" data-element_type=\"widget\" data-widget_type=\"image.default\">\n\t\t\t\t<div class=\"elementor-widget-container\">\n\t\t\t\t\t\t\t\t\t\t\t\t\t<img fetchpriority=\"high\" decoding=\"async\" width=\"817\" height=\"915\" src=\"https:\/\/www.reefb.com\/wp-content\/smush-webp\/2024\/11\/koralCore_APP_01f.png.webp\" class=\"attachment-full size-full wp-image-2424\" alt=\"\" srcset=\"https:\/\/www.reefb.com\/wp-content\/smush-webp\/2024\/11\/koralCore_APP_01f.png.webp 817w, https:\/\/www.reefb.com\/wp-content\/smush-webp\/2024\/11\/koralCore_APP_01f-268x300.png.webp 268w, https:\/\/www.reefb.com\/wp-content\/smush-webp\/2024\/11\/koralCore_APP_01f-768x860.png.webp 768w, https:\/\/www.reefb.com\/wp-content\/smush-webp\/2024\/11\/koralCore_APP_01f-11x12.png.webp 11w, https:\/\/www.reefb.com\/wp-content\/smush-webp\/2024\/11\/koralCore_APP_01f-600x672.png.webp 600w, https:\/\/www.reefb.com\/wp-content\/smush-webp\/2024\/11\/koralCore_APP_01f-150x168.png.webp 150w\" sizes=\"(max-width: 817px) 100vw, 817px\" \/>\t\t\t\t\t\t\t\t\t\t\t\t\t<\/div>\n\t\t\t\t<\/div>\n\t\t\t\t<\/div>\n\t\t<div class=\"elementor-element elementor-element-ca0a410 e-con-full e-flex e-con e-child\" data-id=\"ca0a410\" data-element_type=\"container\">\n\t\t<div class=\"elementor-element elementor-element-b0dd1f3 e-con-full e-flex e-con e-child\" data-id=\"b0dd1f3\" data-element_type=\"container\">\n\t\t\t\t<div class=\"elementor-element elementor-element-1e61f91 elementor-widget elementor-widget-heading\" data-id=\"1e61f91\" data-element_type=\"widget\" data-widget_type=\"heading.default\">\n\t\t\t\t<div class=\"elementor-widget-container\">\n\t\t\t<h2 class=\"elementor-heading-title elementor-size-default\">Proste tworzenie ekosystemu koralowego<\/h2>\t\t<\/div>\n\t\t\t\t<\/div>\n\t\t\t\t<div class=\"elementor-element elementor-element-19764e6 color-scheme-inherit text-left elementor-widget elementor-widget-text-editor\" data-id=\"19764e6\" data-element_type=\"widget\" data-widget_type=\"text-editor.default\">\n\t\t\t\t<div class=\"elementor-widget-container\">\n\t\t\t\t\t\t\t<div class=\"flex max-w-full flex-col flex-grow\"><div class=\"min-h-8 text-message flex w-full flex-col items-end gap-2 whitespace-normal break-words [.text-message+&amp;]:mt-5\" dir=\"auto\" data-message-author-role=\"assistant\" data-message-id=\"9e49f7bc-0e48-4fed-8ab9-25cc7d80cad8\" data-message-model-slug=\"gpt-4o\"><div class=\"flex w-full flex-col gap-1 empty:hidden first:pt-[3px]\"><div class=\"markdown prose w-full break-words dark:prose-invert light\"><p>Hodowla koralowc\u00f3w nie jest \u0142atwa; sama pasja nie wystarczy - niezb\u0119dne jest stworzenie dobrze prosperuj\u0105cego ekosystemu. Aplikacja koralCore pozwala nam \u0142atwo zarz\u0105dza\u0107 z\u0142o\u017conymi systemami za pomoc\u0105 naszych smartfon\u00f3w, dzi\u0119ki czemu uprawa koralowc\u00f3w jest prostsza i bardziej wydajna.<\/p><\/div><\/div><\/div><\/div><div class=\"mb-2 flex gap-3 empty:hidden -ml-2\"><div class=\"items-center justify-start rounded-xl p-1 flex\"><div class=\"flex items-center\"><div class=\"flex items-center pb-0\">\u00a0<\/div><\/div><\/div><\/div>\t\t\t\t\t\t<\/div>\n\t\t\t\t<\/div>\n\t\t\t\t<\/div>\n\t\t<div class=\"elementor-element elementor-element-18dfa92 e-grid e-con-full e-con e-child\" data-id=\"18dfa92\" data-element_type=\"container\">\n\t\t\t\t<div class=\"elementor-element elementor-element-c7339ac elementor-widget elementor-widget-image\" data-id=\"c7339ac\" data-element_type=\"widget\" data-widget_type=\"image.default\">\n\t\t\t\t<div class=\"elementor-widget-container\">\n\t\t\t\t\t\t\t\t\t\t\t\t\t\t<a href=\"https:\/\/play.google.com\/store\/apps\/details?id=tw.com.crownelectronics.reefb&#038;hl=zh_HK&#038;utm_source=chatgpt.com\" target=\"_blank\">\n\t\t\t\t\t\t\t<img decoding=\"async\" width=\"569\" height=\"174\" data-src=\"https:\/\/www.reefb.com\/wp-content\/smush-webp\/2024\/10\/_20241024214012-e1729777266161.png.webp\" class=\"attachment-full size-full wp-image-1770 lazyload\" alt=\"\" data-srcset=\"https:\/\/www.reefb.com\/wp-content\/smush-webp\/2024\/10\/_20241024214012-e1729777266161.png.webp 569w, https:\/\/www.reefb.com\/wp-content\/smush-webp\/2024\/10\/_20241024214012-e1729777266161-300x92.png.webp 300w, https:\/\/www.reefb.com\/wp-content\/smush-webp\/2024\/10\/_20241024214012-e1729777266161-18x6.png.webp 18w, https:\/\/www.reefb.com\/wp-content\/smush-webp\/2024\/10\/_20241024214012-e1729777266161-150x46.png.webp 150w\" data-sizes=\"(max-width: 569px) 100vw, 569px\" src=\"data:image\/gif;base64,R0lGODlhAQABAAAAACH5BAEKAAEALAAAAAABAAEAAAICTAEAOw==\" style=\"--smush-placeholder-width: 569px; --smush-placeholder-aspect-ratio: 569\/174;\" \/><noscript><img decoding=\"async\" width=\"569\" height=\"174\" src=\"https:\/\/www.reefb.com\/wp-content\/uploads\/2024\/10\/_20241024214012-e1729777266161.png\" class=\"attachment-full size-full wp-image-1770\" alt=\"\" srcset=\"https:\/\/www.reefb.com\/wp-content\/uploads\/2024\/10\/_20241024214012-e1729777266161.png 569w, https:\/\/www.reefb.com\/wp-content\/uploads\/2024\/10\/_20241024214012-e1729777266161-300x92.png 300w, https:\/\/www.reefb.com\/wp-content\/uploads\/2024\/10\/_20241024214012-e1729777266161-18x6.png 18w, https:\/\/www.reefb.com\/wp-content\/uploads\/2024\/10\/_20241024214012-e1729777266161-150x46.png 150w\" sizes=\"(max-width: 569px) 100vw, 569px\" \/><\/noscript>\t\t\t\t\t\t\t\t<\/a>\n\t\t\t\t\t\t\t\t\t\t\t\t\t<\/div>\n\t\t\t\t<\/div>\n\t\t\t\t<div class=\"elementor-element elementor-element-0dd210a elementor-widget elementor-widget-image\" data-id=\"0dd210a\" data-element_type=\"widget\" data-widget_type=\"image.default\">\n\t\t\t\t<div class=\"elementor-widget-container\">\n\t\t\t\t\t\t\t\t\t\t\t\t\t\t<a href=\"https:\/\/apps.apple.com\/tw\/app\/reefb\/id6738972525\" target=\"_blank\">\n\t\t\t\t\t\t\t<img decoding=\"async\" width=\"119\" height=\"40\" data-src=\"https:\/\/www.reefb.com\/wp-content\/uploads\/2024\/10\/AppStore_en-us.svg\" class=\"attachment-large size-large wp-image-1773 lazyload\" alt=\"\" src=\"data:image\/gif;base64,R0lGODlhAQABAAAAACH5BAEKAAEALAAAAAABAAEAAAICTAEAOw==\" style=\"--smush-placeholder-width: 119px; --smush-placeholder-aspect-ratio: 119\/40;\" \/><noscript><img decoding=\"async\" width=\"119\" height=\"40\" src=\"https:\/\/www.reefb.com\/wp-content\/uploads\/2024\/10\/AppStore_en-us.svg\" class=\"attachment-large size-large wp-image-1773\" alt=\"\" \/><\/noscript>\t\t\t\t\t\t\t\t<\/a>\n\t\t\t\t\t\t\t\t\t\t\t\t\t<\/div>\n\t\t\t\t<\/div>\n\t\t\t\t<div class=\"elementor-element elementor-element-eaed79b elementor-widget elementor-widget-image\" data-id=\"eaed79b\" data-element_type=\"widget\" data-widget_type=\"image.default\">\n\t\t\t\t<div class=\"elementor-widget-container\">\n\t\t\t\t\t\t\t\t\t\t\t\t\t<img loading=\"lazy\" decoding=\"async\" width=\"619\" height=\"207\" data-src=\"https:\/\/www.reefb.com\/wp-content\/smush-webp\/2024\/10\/\u5fae\u4fe1\u56fe\u7247_20241024214016-1.png.webp\" class=\"attachment-large size-large wp-image-1772 lazyload\" alt=\"\" data-srcset=\"https:\/\/www.reefb.com\/wp-content\/smush-webp\/2024\/10\/\u5fae\u4fe1\u56fe\u7247_20241024214016-1.png.webp 619w, https:\/\/www.reefb.com\/wp-content\/smush-webp\/2024\/10\/\u5fae\u4fe1\u56fe\u7247_20241024214016-1-300x100.png.webp 300w, https:\/\/www.reefb.com\/wp-content\/smush-webp\/2024\/10\/\u5fae\u4fe1\u56fe\u7247_20241024214016-1-18x6.png.webp 18w, https:\/\/www.reefb.com\/wp-content\/smush-webp\/2024\/10\/\u5fae\u4fe1\u56fe\u7247_20241024214016-1-600x201.png.webp 600w, https:\/\/www.reefb.com\/wp-content\/smush-webp\/2024\/10\/\u5fae\u4fe1\u56fe\u7247_20241024214016-1-150x50.png.webp 150w\" data-sizes=\"(max-width: 619px) 100vw, 619px\" src=\"data:image\/gif;base64,R0lGODlhAQABAAAAACH5BAEKAAEALAAAAAABAAEAAAICTAEAOw==\" style=\"--smush-placeholder-width: 619px; --smush-placeholder-aspect-ratio: 619\/207;\" \/><noscript><img loading=\"lazy\" decoding=\"async\" width=\"619\" height=\"207\" src=\"https:\/\/www.reefb.com\/wp-content\/uploads\/2024\/10\/\u5fae\u4fe1\u56fe\u7247_20241024214016-1.png\" class=\"attachment-large size-large wp-image-1772\" alt=\"\" srcset=\"https:\/\/www.reefb.com\/wp-content\/uploads\/2024\/10\/\u5fae\u4fe1\u56fe\u7247_20241024214016-1.png 619w, https:\/\/www.reefb.com\/wp-content\/uploads\/2024\/10\/\u5fae\u4fe1\u56fe\u7247_20241024214016-1-300x100.png 300w, https:\/\/www.reefb.com\/wp-content\/uploads\/2024\/10\/\u5fae\u4fe1\u56fe\u7247_20241024214016-1-18x6.png 18w, https:\/\/www.reefb.com\/wp-content\/uploads\/2024\/10\/\u5fae\u4fe1\u56fe\u7247_20241024214016-1-600x201.png 600w, https:\/\/www.reefb.com\/wp-content\/uploads\/2024\/10\/\u5fae\u4fe1\u56fe\u7247_20241024214016-1-150x50.png 150w\" sizes=\"(max-width: 619px) 100vw, 619px\" \/><\/noscript>\t\t\t\t\t\t\t\t\t\t\t\t\t<\/div>\n\t\t\t\t<\/div>\n\t\t\t\t<\/div>\n\t\t\t\t<\/div>\n\t\t\t\t\t<\/div>\n\t\t\t\t<\/div>\n\t\t<div class=\"elementor-element elementor-element-c4dbb01 e-flex e-con-boxed e-con e-parent\" data-id=\"c4dbb01\" data-element_type=\"container\" data-settings=\"{&quot;background_background&quot;:&quot;classic&quot;}\">\n\t\t\t\t\t<div class=\"e-con-inner\">\n\t\t<div class=\"elementor-element elementor-element-b258a99 e-con-full e-flex e-con e-child\" data-id=\"b258a99\" data-element_type=\"container\">\n\t\t\t\t<div class=\"elementor-element elementor-element-7fdc7ab elementor-widget elementor-widget-image\" data-id=\"7fdc7ab\" data-element_type=\"widget\" data-widget_type=\"image.default\">\n\t\t\t\t<div class=\"elementor-widget-container\">\n\t\t\t\t\t\t\t\t\t\t\t\t\t<img loading=\"lazy\" decoding=\"async\" width=\"662\" height=\"704\" data-src=\"https:\/\/www.reefb.com\/wp-content\/smush-webp\/2024\/09\/g79.png.webp\" class=\"attachment-full size-full wp-image-444 lazyload\" alt=\"\" data-srcset=\"https:\/\/www.reefb.com\/wp-content\/smush-webp\/2024\/09\/g79.png.webp 662w, https:\/\/www.reefb.com\/wp-content\/smush-webp\/2024\/09\/g79-282x300.png.webp 282w, https:\/\/www.reefb.com\/wp-content\/smush-webp\/2024\/09\/g79-600x638.png.webp 600w, https:\/\/www.reefb.com\/wp-content\/smush-webp\/2024\/09\/g79-150x160.png.webp 150w\" data-sizes=\"(max-width: 662px) 100vw, 662px\" src=\"data:image\/gif;base64,R0lGODlhAQABAAAAACH5BAEKAAEALAAAAAABAAEAAAICTAEAOw==\" style=\"--smush-placeholder-width: 662px; --smush-placeholder-aspect-ratio: 662\/704;\" \/><noscript><img loading=\"lazy\" decoding=\"async\" width=\"662\" height=\"704\" src=\"https:\/\/www.reefb.com\/wp-content\/uploads\/2024\/09\/g79.png\" class=\"attachment-full size-full wp-image-444\" alt=\"\" srcset=\"https:\/\/www.reefb.com\/wp-content\/uploads\/2024\/09\/g79.png 662w, https:\/\/www.reefb.com\/wp-content\/uploads\/2024\/09\/g79-282x300.png 282w, https:\/\/www.reefb.com\/wp-content\/uploads\/2024\/09\/g79-600x638.png 600w, https:\/\/www.reefb.com\/wp-content\/uploads\/2024\/09\/g79-150x160.png 150w\" sizes=\"(max-width: 662px) 100vw, 662px\" \/><\/noscript>\t\t\t\t\t\t\t\t\t\t\t\t\t<\/div>\n\t\t\t\t<\/div>\n\t\t\t\t<\/div>\n\t\t<div class=\"elementor-element elementor-element-f9064d2 e-con-full e-flex e-con e-child\" data-id=\"f9064d2\" data-element_type=\"container\">\n\t\t<div class=\"elementor-element elementor-element-704ddda e-con-full e-flex e-con e-child\" data-id=\"704ddda\" data-element_type=\"container\">\n\t\t\t\t<div class=\"elementor-element elementor-element-2a8243a elementor-widget elementor-widget-heading\" data-id=\"2a8243a\" data-element_type=\"widget\" data-widget_type=\"heading.default\">\n\t\t\t\t<div class=\"elementor-widget-container\">\n\t\t\t<h2 class=\"elementor-heading-title elementor-size-default\">Ci\u0105g\u0142y i nieprzerwany post\u0119p<\/h2>\t\t<\/div>\n\t\t\t\t<\/div>\n\t\t\t\t<div class=\"elementor-element elementor-element-9290c84 color-scheme-inherit text-left elementor-widget elementor-widget-text-editor\" data-id=\"9290c84\" data-element_type=\"widget\" data-widget_type=\"text-editor.default\">\n\t\t\t\t<div class=\"elementor-widget-container\">\n\t\t\t\t\t\t\t<p>W nadchodz\u0105cych latach Reef B zintegruje wszystkie niezb\u0119dne urz\u0105dzenia do kontroli \u015brodowiska dla hodowli koralowc\u00f3w. Za pomoc\u0105 smartfona mo\u017cna \u0142atwo monitorowa\u0107 i kontrolowa\u0107 \u015brodowisko, a skonstruowanie systemu akwakultury pozwala ka\u017cdemu \u0142atwo wej\u015b\u0107 w \u015bwiat akwakultury morskiej.<\/p>\t\t\t\t\t\t<\/div>\n\t\t\t\t<\/div>\n\t\t\t\t<\/div>\n\t\t\t\t<\/div>\n\t\t\t\t\t<\/div>\n\t\t\t\t<\/div>\n\t\t\t\t<\/div>","protected":false},"excerpt":{"rendered":"<p>Proste stworzenie ekosystemu koralowego Hodowla koralowc\u00f3w nie jest \u0142atwa; sama pasja nie wystarczy - niezb\u0119dne jest stworzenie dobrze prosperuj\u0105cego ekosystemu. The<\/p>","protected":false},"author":1,"featured_media":0,"parent":0,"menu_order":0,"comment_status":"closed","ping_status":"closed","template":"","meta":{"_acf_changed":false,"footnotes":""},"class_list":["post-426","page","type-page","status-publish","hentry"],"acf":[],"yoast_head":"<!-- This site is optimized with the Yoast SEO plugin v20.11 - https:\/\/yoast.com\/wordpress\/plugins\/seo\/ -->\n<title>Koralcore APP - REEFB<\/title>\n<meta name=\"robots\" content=\"index, follow, max-snippet:-1, max-image-preview:large, max-video-preview:-1\" \/>\n<link rel=\"canonical\" href=\"https:\/\/www.reefb.com\/pl\/koralcore-app\/\" \/>\n<meta property=\"og:locale\" content=\"pl_PL\" \/>\n<meta property=\"og:type\" content=\"article\" \/>\n<meta property=\"og:title\" content=\"Koralcore APP - REEFB\" \/>\n<meta property=\"og:description\" content=\"Simple Creation of a Coral Ecosystem Coral farming isn\u2019t easy; passion alone isn\u2019t enough\u2014creating a thriving ecosystem is essential. The\" \/>\n<meta property=\"og:url\" content=\"https:\/\/www.reefb.com\/pl\/koralcore-app\/\" \/>\n<meta property=\"og:site_name\" content=\"REEFB\" \/>\n<meta property=\"article:modified_time\" content=\"2025-03-14T13:23:32+00:00\" \/>\n<meta property=\"og:image\" content=\"https:\/\/www.reefb.com\/wp-content\/uploads\/2024\/11\/koralCore_APP_01f.png\" \/>\n<meta name=\"twitter:card\" content=\"summary_large_image\" \/>\n<meta name=\"twitter:label1\" content=\"Szacowany czas czytania\" \/>\n\t<meta name=\"twitter:data1\" content=\"2 minuty\" \/>\n<script type=\"application\/ld+json\" class=\"yoast-schema-graph\">{\"@context\":\"https:\/\/schema.org\",\"@graph\":[{\"@type\":\"WebPage\",\"@id\":\"https:\/\/www.reefb.com\/koralcore-app\/\",\"url\":\"https:\/\/www.reefb.com\/koralcore-app\/\",\"name\":\"Koralcore APP - REEFB\",\"isPartOf\":{\"@id\":\"https:\/\/www.reefb.com\/#website\"},\"datePublished\":\"2024-09-23T03:21:26+00:00\",\"dateModified\":\"2025-03-14T13:23:32+00:00\",\"breadcrumb\":{\"@id\":\"https:\/\/www.reefb.com\/koralcore-app\/#breadcrumb\"},\"inLanguage\":\"pl-PL\",\"potentialAction\":[{\"@type\":\"ReadAction\",\"target\":[\"https:\/\/www.reefb.com\/koralcore-app\/\"]}]},{\"@type\":\"BreadcrumbList\",\"@id\":\"https:\/\/www.reefb.com\/koralcore-app\/#breadcrumb\",\"itemListElement\":[{\"@type\":\"ListItem\",\"position\":1,\"name\":\"\u9996\u9875\",\"item\":\"https:\/\/www.reefb.com\/\"},{\"@type\":\"ListItem\",\"position\":2,\"name\":\"Koralcore APP\"}]},{\"@type\":\"WebSite\",\"@id\":\"https:\/\/www.reefb.com\/#website\",\"url\":\"https:\/\/www.reefb.com\/\",\"name\":\"REEFB\",\"description\":\"\",\"potentialAction\":[{\"@type\":\"SearchAction\",\"target\":{\"@type\":\"EntryPoint\",\"urlTemplate\":\"https:\/\/www.reefb.com\/?s={search_term_string}\"},\"query-input\":\"required name=search_term_string\"}],\"inLanguage\":\"pl-PL\"}]}<\/script>\n<!-- \/ Yoast SEO plugin. -->","yoast_head_json":{"title":"Koralcore APP - REEFB","robots":{"index":"index","follow":"follow","max-snippet":"max-snippet:-1","max-image-preview":"max-image-preview:large","max-video-preview":"max-video-preview:-1"},"canonical":"https:\/\/www.reefb.com\/pl\/koralcore-app\/","og_locale":"pl_PL","og_type":"article","og_title":"Koralcore APP - REEFB","og_description":"Simple Creation of a Coral Ecosystem Coral farming isn\u2019t easy; passion alone isn\u2019t enough\u2014creating a thriving ecosystem is essential. The","og_url":"https:\/\/www.reefb.com\/pl\/koralcore-app\/","og_site_name":"REEFB","article_modified_time":"2025-03-14T13:23:32+00:00","og_image":[{"url":"https:\/\/www.reefb.com\/wp-content\/uploads\/2024\/11\/koralCore_APP_01f.png"}],"twitter_card":"summary_large_image","twitter_misc":{"Szacowany czas czytania":"2 minuty"},"schema":{"@context":"https:\/\/schema.org","@graph":[{"@type":"WebPage","@id":"https:\/\/www.reefb.com\/koralcore-app\/","url":"https:\/\/www.reefb.com\/koralcore-app\/","name":"Koralcore APP - REEFB","isPartOf":{"@id":"https:\/\/www.reefb.com\/#website"},"datePublished":"2024-09-23T03:21:26+00:00","dateModified":"2025-03-14T13:23:32+00:00","breadcrumb":{"@id":"https:\/\/www.reefb.com\/koralcore-app\/#breadcrumb"},"inLanguage":"pl-PL","potentialAction":[{"@type":"ReadAction","target":["https:\/\/www.reefb.com\/koralcore-app\/"]}]},{"@type":"BreadcrumbList","@id":"https:\/\/www.reefb.com\/koralcore-app\/#breadcrumb","itemListElement":[{"@type":"ListItem","position":1,"name":"\u9996\u9875","item":"https:\/\/www.reefb.com\/"},{"@type":"ListItem","position":2,"name":"Koralcore APP"}]},{"@type":"WebSite","@id":"https:\/\/www.reefb.com\/#website","url":"https:\/\/www.reefb.com\/","name":"REEFB","description":"","potentialAction":[{"@type":"SearchAction","target":{"@type":"EntryPoint","urlTemplate":"https:\/\/www.reefb.com\/?s={search_term_string}"},"query-input":"required name=search_term_string"}],"inLanguage":"pl-PL"}]}},"_links":{"self":[{"href":"https:\/\/www.reefb.com\/pl\/wp-json\/wp\/v2\/pages\/426","targetHints":{"allow":["GET"]}}],"collection":[{"href":"https:\/\/www.reefb.com\/pl\/wp-json\/wp\/v2\/pages"}],"about":[{"href":"https:\/\/www.reefb.com\/pl\/wp-json\/wp\/v2\/types\/page"}],"author":[{"embeddable":true,"href":"https:\/\/www.reefb.com\/pl\/wp-json\/wp\/v2\/users\/1"}],"replies":[{"embeddable":true,"href":"https:\/\/www.reefb.com\/pl\/wp-json\/wp\/v2\/comments?post=426"}],"version-history":[{"count":30,"href":"https:\/\/www.reefb.com\/pl\/wp-json\/wp\/v2\/pages\/426\/revisions"}],"predecessor-version":[{"id":3649,"href":"https:\/\/www.reefb.com\/pl\/wp-json\/wp\/v2\/pages\/426\/revisions\/3649"}],"wp:attachment":[{"href":"https:\/\/www.reefb.com\/pl\/wp-json\/wp\/v2\/media?parent=426"}],"curies":[{"name":"wp","href":"https:\/\/api.w.org\/{rel}","templated":true}]}}