{"id":1749,"date":"2024-10-24T21:24:16","date_gmt":"2024-10-24T13:24:16","guid":{"rendered":"https:\/\/www.reefb.com\/?page_id=1749"},"modified":"2024-10-25T16:24:27","modified_gmt":"2024-10-25T08:24:27","slug":"privacy-legal-policy","status":"publish","type":"page","link":"https:\/\/www.reefb.com\/pl\/privacy-legal-policy\/","title":{"rendered":"Polityka prywatno\u015bci i polityka prawna"},"content":{"rendered":"<div data-elementor-type=\"wp-page\" data-elementor-id=\"1749\" class=\"elementor elementor-1749\" data-elementor-post-type=\"page\">\n\t\t\t\t<div class=\"elementor-element elementor-element-f0f8469 e-flex e-con-boxed e-con e-parent\" data-id=\"f0f8469\" data-element_type=\"container\" data-settings=\"{&quot;background_background&quot;:&quot;classic&quot;}\">\n\t\t\t\t\t<div class=\"e-con-inner\">\n\t\t\t\t\t<\/div>\n\t\t\t\t<\/div>\n\t\t<div class=\"elementor-element elementor-element-97f2538 e-flex e-con-boxed e-con e-parent\" data-id=\"97f2538\" data-element_type=\"container\">\n\t\t\t\t\t<div class=\"e-con-inner\">\n\t\t\t\t<div class=\"elementor-element elementor-element-7793b38 color-scheme-inherit text-left elementor-widget elementor-widget-text-editor\" data-id=\"7793b38\" data-element_type=\"widget\" data-widget_type=\"text-editor.default\">\n\t\t\t\t<div class=\"elementor-widget-container\">\n\t\t\t\t\t\t\t<h2>Polityka prywatno\u015bci i prawna<\/h2><p>Ostatnia aktualizacja: 10 pa\u017adziernika 2024 r.<\/p><p>Witamy Pa\u0144stwa na stronie internetowej REEF B Co, Ltd. (\"my\", \"nasz\", \"nas\"). Jeste\u015bmy zobowi\u0105zani do ochrony Pa\u0144stwa prywatno\u015bci i zapewnienia bezpiecze\u0144stwa Pa\u0144stwa danych osobowych. Niniejsza Polityka prywatno\u015bci i prawna wyja\u015bnia, w jaki spos\u00f3b gromadzimy, wykorzystujemy i chronimy Pa\u0144stwa dane osobowe podczas korzystania z naszej strony internetowej [adres URL Pa\u0144stwa strony internetowej] (\"Strona\") oraz Pa\u0144stwa prawa dotycz\u0105ce Pa\u0144stwa danych osobowych.<\/p><ol><li>Gromadzenie danych<\/li><\/ol><p>Zbieramy od Pa\u0144stwa r\u00f3\u017cne rodzaje informacji, w tym:<\/p><ul><li><b><\/b>Dane osobowe: Pa\u0144stwa imi\u0119 i nazwisko, adres e-mail, numer telefonu, dane dotycz\u0105ce p\u0142atno\u015bci i inne dane identyfikacyjne, kt\u00f3re dobrowolnie przekazuj\u0105 nam Pa\u0144stwo za po\u015brednictwem formularzy lub podczas procesu realizacji transakcji.<\/li><li><b><\/b>Dane dotycz\u0105ce u\u017cytkowania:Informacje dotycz\u0105ce Pa\u0144stwa interakcji z nasz\u0105 stron\u0105 internetow\u0105, takie jak adres IP, typ przegl\u0105darki, informacje o urz\u0105dzeniu, strony odsy\u0142aj\u0105ce\/wyj\u015bciowe oraz czas sp\u0119dzony na Stronie.<\/li><\/ul><ol start=\"2\"><li>Wykorzystanie Pa\u0144stwa informacji<\/li><\/ol><p>Wykorzystujemy Pa\u0144stwa dane do nast\u0119puj\u0105cych cel\u00f3w:<\/p><ul><li>W celu \u015bwiadczenia, obs\u0142ugi i utrzymania naszych us\u0142ug.<\/li><li>Aby ulepsza\u0107, personalizowa\u0107 i rozszerza\u0107 nasz\u0105 Witryn\u0119.<\/li><li>Aby komunikowa\u0107 si\u0119 z Pa\u0144stwem bezpo\u015brednio lub za po\u015brednictwem jednego z naszych partner\u00f3w.<\/li><li>W celu przetwarzania Pa\u0144stwa transakcji i zarz\u0105dzania zam\u00f3wieniami.<\/li><li>W celu zapewnienia zgodno\u015bci ze zobowi\u0105zaniami prawnymi i rozstrzygania spor\u00f3w.<\/li><li>W celach marketingowych, za Pa\u0144stwa zgod\u0105, poprzez wysy\u0142anie Pa\u0144stwu materia\u0142\u00f3w promocyjnych.<\/li><\/ul><ol start=\"3\"><li>Pliki cookie i technologie \u015bledzenia<\/li><\/ol><p>U\u017cywamy plik\u00f3w cookie, sygna\u0142\u00f3w nawigacyjnych i podobnych technologii \u015bledzenia w celu gromadzenia informacji o Pa\u0144stwa aktywno\u015bci w naszej Witrynie. Pliki cookie pomagaj\u0105 nam zrozumie\u0107 zachowanie u\u017cytkownik\u00f3w i ulepsza\u0107 nasze us\u0142ugi.<\/p><p>Mog\u0105 Pa\u0144stwo wy\u0142\u0105czy\u0107 pliki cookie w ustawieniach przegl\u0105darki, ale mo\u017ce to ograniczy\u0107 funkcjonalno\u015b\u0107 Witryny.<\/p><ol start=\"4\"><li>Udost\u0119pnianie Pa\u0144stwa informacji<\/li><\/ol><p>Nie sprzedajemy ani nie wypo\u017cyczamy Pa\u0144stwa danych osobowych stronom trzecim. Mo\u017cemy jednak udost\u0119pnia\u0107 Pa\u0144stwa dane zaufanym stronom trzecim, w tym:<\/p><ul><li><b><\/b>Dostawcy us\u0142ug: Mo\u017cemy udost\u0119pnia\u0107 Pa\u0144stwa dane dostawcom, kt\u00f3rzy pomagaj\u0105 nam w prowadzeniu strony internetowej, przetwarzaniu p\u0142atno\u015bci i \u015bwiadczeniu innych us\u0142ug.<\/li><li><b><\/b>Zgodno\u015b\u0107 z prawem: Je\u015bli jest to wymagane przez prawo lub je\u015bli uwa\u017camy, \u017ce takie dzia\u0142anie jest konieczne do wype\u0142nienia zobowi\u0105za\u0144 prawnych, mo\u017cemy ujawni\u0107 Pa\u0144stwa dane w\u0142adzom.<\/li><li><b><\/b>Przeniesienie dzia\u0142alno\u015bci:W przypadku fuzji, przej\u0119\u0107 lub sprzeda\u017cy aktyw\u00f3w Pa\u0144stwa dane mog\u0105 zosta\u0107 przekazane nowemu w\u0142a\u015bcicielowi.<\/li><\/ul><ol start=\"5\"><li>Bezpiecze\u0144stwo danych<\/li><\/ol><p>Powa\u017cnie traktujemy bezpiecze\u0144stwo Pa\u0144stwa danych osobowych. Stosujemy odpowiednie \u015brodki techniczne i organizacyjne w celu ochrony Pa\u0144stwa danych przed nieuprawnionym dost\u0119pem, utrat\u0105 lub niew\u0142a\u015bciwym wykorzystaniem.<\/p><p>Jednak \u017cadna metoda transmisji przez Internet lub elektronicznego przechowywania danych nie jest bezpieczna i nie mo\u017cemy zagwarantowa\u0107 ca\u0142kowitego bezpiecze\u0144stwa.<\/p><ol start=\"6\"><li>Pa\u0144stwa prawa<\/li><\/ol><p>Przys\u0142uguj\u0105 Pa\u0144stwu nast\u0119puj\u0105ce prawa dotycz\u0105ce Pa\u0144stwa danych osobowych:<\/p><ul><li><b><\/b>Dost\u0119p:Mog\u0105 Pa\u0144stwo za\u017c\u0105da\u0107 dost\u0119pu do przechowywanych przez nas Pa\u0144stwa danych osobowych.<\/li><li><b><\/b>Korekta: Maj\u0105 Pa\u0144stwo prawo za\u017c\u0105da\u0107 korekty niedok\u0142adnych lub niekompletnych danych.<\/li><li><b><\/b>Usuni\u0119cie: Mog\u0105 Pa\u0144stwo za\u017c\u0105da\u0107 usuni\u0119cia swoich danych osobowych, z zastrze\u017ceniem wyj\u0105tk\u00f3w prawnych.<\/li><li><b><\/b>Ograniczenie przetwarzania: Mog\u0105 Pa\u0144stwo poprosi\u0107 nas o ograniczenie wykorzystania Pa\u0144stwa danych osobowych.<\/li><li><b><\/b>Przenoszenie danych: Mog\u0105 Pa\u0144stwo za\u017c\u0105da\u0107 kopii swoich danych w ustrukturyzowanym, powszechnie u\u017cywanym formacie nadaj\u0105cym si\u0119 do odczytu maszynowego.<\/li><\/ul><p>Aby skorzysta\u0107 z kt\u00f3regokolwiek z tych praw, prosimy skontaktowa\u0107 si\u0119 z nami pod adresem [Pa\u0144stwa adres e-mail].<\/p><ol start=\"7\"><li>Zastrze\u017cenie prawne<\/li><\/ol><p>Tre\u015bci udost\u0119pniane w naszej Witrynie s\u0142u\u017c\u0105 wy\u0142\u0105cznie celom informacyjnym. Chocia\u017c dok\u0142adamy wszelkich stara\u0144, aby zapewni\u0107 dok\u0142adne i aktualne informacje, nie udzielamy \u017cadnych gwarancji, wyra\u017anych ani dorozumianych, dotycz\u0105cych dok\u0142adno\u015bci, wiarygodno\u015bci lub kompletno\u015bci tre\u015bci.<\/p><ol start=\"8\"><li>Linki stron trzecich<\/li><\/ol><p>Nasza Witryna mo\u017ce zawiera\u0107 \u0142\u0105cza do witryn lub us\u0142ug stron trzecich. Nie ponosimy odpowiedzialno\u015bci za praktyki dotycz\u0105ce prywatno\u015bci, tre\u015bci lub us\u0142ugi tych stron trzecich. Zach\u0119camy Pa\u0144stwa do zapoznania si\u0119 z politykami prywatno\u015bci stron internetowych, do kt\u00f3rych prowadz\u0105 odno\u015bniki.<\/p><ol start=\"9\"><li>Zmiany w niniejszej Polityce<\/li><\/ol><p>Zastrzegamy sobie prawo do aktualizacji lub modyfikacji niniejszej Polityki Prywatno\u015bci i Prawnej w dowolnym momencie. Wszelkie zmiany wejd\u0105 w \u017cycie natychmiast po opublikowaniu zmienionej wersji na naszej Stronie. Dalsze korzystanie z Witryny po opublikowaniu zmian oznacza Pa\u0144stwa akceptacj\u0119 takich zmian.<\/p><ol start=\"10\"><li>Informacje kontaktowe<\/li><\/ol><p>Je\u015bli maj\u0105 Pa\u0144stwo jakiekolwiek pytania lub w\u0105tpliwo\u015bci dotycz\u0105ce niniejszej Polityki Prywatno\u015bci i Prawnej lub naszych praktyk dotycz\u0105cych Pa\u0144stwa danych osobowych, prosimy o kontakt pod adresem:<\/p><p>REEF B Co., Ltd.<br \/>No. 138, Sec. 1, Zhonghua Rd., East Dist., Hsinchu City 300 , Tajwan<br \/>Email: support@reefb.com<br \/>Telefon: 886-3-5533869<\/p>\t\t\t\t\t\t<\/div>\n\t\t\t\t<\/div>\n\t\t\t\t\t<\/div>\n\t\t\t\t<\/div>\n\t\t\t\t<\/div>","protected":false},"excerpt":{"rendered":"<p>Polityka prywatno\u015bci i prawna Ostatnia aktualizacja: 10 pa\u017adziernika 2024 r. Witamy w REEF B Co, Ltd. Ltd. (\"my\", \"nasz\", \"nas\"). Jeste\u015bmy<\/p>","protected":false},"author":1,"featured_media":0,"parent":0,"menu_order":0,"comment_status":"closed","ping_status":"closed","template":"","meta":{"_acf_changed":false,"footnotes":""},"class_list":["post-1749","page","type-page","status-publish","hentry"],"acf":[],"yoast_head":"<!-- This site is optimized with the Yoast SEO plugin v20.11 - https:\/\/yoast.com\/wordpress\/plugins\/seo\/ -->\n<title>Privacy &amp; Legal Policy - REEFB<\/title>\n<meta name=\"robots\" content=\"index, follow, max-snippet:-1, max-image-preview:large, max-video-preview:-1\" \/>\n<link rel=\"canonical\" href=\"https:\/\/www.reefb.com\/pl\/privacy-legal-policy\/\" \/>\n<meta property=\"og:locale\" content=\"pl_PL\" \/>\n<meta property=\"og:type\" content=\"article\" \/>\n<meta property=\"og:title\" content=\"Privacy &amp; Legal Policy - REEFB\" \/>\n<meta property=\"og:description\" content=\"Privacy &amp; Legal Policy Last Updated: October 10, 2024 Welcome to REEF B Co., Ltd. (\u201cwe\u201d, \u201cour\u201d, \u201cus\u201d). We are\" \/>\n<meta property=\"og:url\" content=\"https:\/\/www.reefb.com\/pl\/privacy-legal-policy\/\" \/>\n<meta property=\"og:site_name\" content=\"REEFB\" \/>\n<meta property=\"article:modified_time\" content=\"2024-10-25T08:24:27+00:00\" \/>\n<meta name=\"twitter:card\" content=\"summary_large_image\" \/>\n<meta name=\"twitter:label1\" content=\"Szacowany czas czytania\" \/>\n\t<meta name=\"twitter:data1\" content=\"3 minuty\" \/>\n<script type=\"application\/ld+json\" class=\"yoast-schema-graph\">{\"@context\":\"https:\/\/schema.org\",\"@graph\":[{\"@type\":\"WebPage\",\"@id\":\"https:\/\/www.reefb.com\/privacy-legal-policy\/\",\"url\":\"https:\/\/www.reefb.com\/privacy-legal-policy\/\",\"name\":\"Privacy & Legal Policy - REEFB\",\"isPartOf\":{\"@id\":\"https:\/\/www.reefb.com\/#website\"},\"datePublished\":\"2024-10-24T13:24:16+00:00\",\"dateModified\":\"2024-10-25T08:24:27+00:00\",\"breadcrumb\":{\"@id\":\"https:\/\/www.reefb.com\/privacy-legal-policy\/#breadcrumb\"},\"inLanguage\":\"pl-PL\",\"potentialAction\":[{\"@type\":\"ReadAction\",\"target\":[\"https:\/\/www.reefb.com\/privacy-legal-policy\/\"]}]},{\"@type\":\"BreadcrumbList\",\"@id\":\"https:\/\/www.reefb.com\/privacy-legal-policy\/#breadcrumb\",\"itemListElement\":[{\"@type\":\"ListItem\",\"position\":1,\"name\":\"\u9996\u9875\",\"item\":\"https:\/\/www.reefb.com\/\"},{\"@type\":\"ListItem\",\"position\":2,\"name\":\"Privacy &#038; Legal Policy\"}]},{\"@type\":\"WebSite\",\"@id\":\"https:\/\/www.reefb.com\/#website\",\"url\":\"https:\/\/www.reefb.com\/\",\"name\":\"REEFB\",\"description\":\"\",\"potentialAction\":[{\"@type\":\"SearchAction\",\"target\":{\"@type\":\"EntryPoint\",\"urlTemplate\":\"https:\/\/www.reefb.com\/?s={search_term_string}\"},\"query-input\":\"required name=search_term_string\"}],\"inLanguage\":\"pl-PL\"}]}<\/script>\n<!-- \/ Yoast SEO plugin. -->","yoast_head_json":{"title":"Privacy & Legal Policy - REEFB","robots":{"index":"index","follow":"follow","max-snippet":"max-snippet:-1","max-image-preview":"max-image-preview:large","max-video-preview":"max-video-preview:-1"},"canonical":"https:\/\/www.reefb.com\/pl\/privacy-legal-policy\/","og_locale":"pl_PL","og_type":"article","og_title":"Privacy & Legal Policy - REEFB","og_description":"Privacy &amp; Legal Policy Last Updated: October 10, 2024 Welcome to REEF B Co., Ltd. (\u201cwe\u201d, \u201cour\u201d, \u201cus\u201d). We are","og_url":"https:\/\/www.reefb.com\/pl\/privacy-legal-policy\/","og_site_name":"REEFB","article_modified_time":"2024-10-25T08:24:27+00:00","twitter_card":"summary_large_image","twitter_misc":{"Szacowany czas czytania":"3 minuty"},"schema":{"@context":"https:\/\/schema.org","@graph":[{"@type":"WebPage","@id":"https:\/\/www.reefb.com\/privacy-legal-policy\/","url":"https:\/\/www.reefb.com\/privacy-legal-policy\/","name":"Privacy & Legal Policy - REEFB","isPartOf":{"@id":"https:\/\/www.reefb.com\/#website"},"datePublished":"2024-10-24T13:24:16+00:00","dateModified":"2024-10-25T08:24:27+00:00","breadcrumb":{"@id":"https:\/\/www.reefb.com\/privacy-legal-policy\/#breadcrumb"},"inLanguage":"pl-PL","potentialAction":[{"@type":"ReadAction","target":["https:\/\/www.reefb.com\/privacy-legal-policy\/"]}]},{"@type":"BreadcrumbList","@id":"https:\/\/www.reefb.com\/privacy-legal-policy\/#breadcrumb","itemListElement":[{"@type":"ListItem","position":1,"name":"\u9996\u9875","item":"https:\/\/www.reefb.com\/"},{"@type":"ListItem","position":2,"name":"Privacy &#038; Legal Policy"}]},{"@type":"WebSite","@id":"https:\/\/www.reefb.com\/#website","url":"https:\/\/www.reefb.com\/","name":"REEFB","description":"","potentialAction":[{"@type":"SearchAction","target":{"@type":"EntryPoint","urlTemplate":"https:\/\/www.reefb.com\/?s={search_term_string}"},"query-input":"required name=search_term_string"}],"inLanguage":"pl-PL"}]}},"_links":{"self":[{"href":"https:\/\/www.reefb.com\/pl\/wp-json\/wp\/v2\/pages\/1749","targetHints":{"allow":["GET"]}}],"collection":[{"href":"https:\/\/www.reefb.com\/pl\/wp-json\/wp\/v2\/pages"}],"about":[{"href":"https:\/\/www.reefb.com\/pl\/wp-json\/wp\/v2\/types\/page"}],"author":[{"embeddable":true,"href":"https:\/\/www.reefb.com\/pl\/wp-json\/wp\/v2\/users\/1"}],"replies":[{"embeddable":true,"href":"https:\/\/www.reefb.com\/pl\/wp-json\/wp\/v2\/comments?post=1749"}],"version-history":[{"count":0,"href":"https:\/\/www.reefb.com\/pl\/wp-json\/wp\/v2\/pages\/1749\/revisions"}],"wp:attachment":[{"href":"https:\/\/www.reefb.com\/pl\/wp-json\/wp\/v2\/media?parent=1749"}],"curies":[{"name":"wp","href":"https:\/\/api.w.org\/{rel}","templated":true}]}}