{"id":1749,"date":"2024-10-24T21:24:16","date_gmt":"2024-10-24T13:24:16","guid":{"rendered":"https:\/\/www.reefb.com\/?page_id=1749"},"modified":"2024-10-25T16:24:27","modified_gmt":"2024-10-25T08:24:27","slug":"privacy-legal-policy","status":"publish","type":"page","link":"https:\/\/www.reefb.com\/it\/privacy-legal-policy\/","title":{"rendered":"Politica legale e sulla privacy"},"content":{"rendered":"<div data-elementor-type=\"wp-page\" data-elementor-id=\"1749\" class=\"elementor elementor-1749\" data-elementor-post-type=\"page\">\n\t\t\t\t<div class=\"elementor-element elementor-element-f0f8469 e-flex e-con-boxed e-con e-parent\" data-id=\"f0f8469\" data-element_type=\"container\" data-settings=\"{&quot;background_background&quot;:&quot;classic&quot;}\">\n\t\t\t\t\t<div class=\"e-con-inner\">\n\t\t\t\t\t<\/div>\n\t\t\t\t<\/div>\n\t\t<div class=\"elementor-element elementor-element-97f2538 e-flex e-con-boxed e-con e-parent\" data-id=\"97f2538\" data-element_type=\"container\">\n\t\t\t\t\t<div class=\"e-con-inner\">\n\t\t\t\t<div class=\"elementor-element elementor-element-7793b38 color-scheme-inherit text-left elementor-widget elementor-widget-text-editor\" data-id=\"7793b38\" data-element_type=\"widget\" data-widget_type=\"text-editor.default\">\n\t\t\t\t<div class=\"elementor-widget-container\">\n\t\t\t\t\t\t\t<h2>Politica legale e sulla privacy<\/h2><p>Ultimo aggiornamento: 10 ottobre 2024<\/p><p>Benvenuto a REEF B Co., Ltd. (\"noi\", \"nostro\", \"noi\"). Ci impegniamo a proteggere la sua privacy e a garantire la sicurezza dei suoi dati personali. La presente Politica sulla privacy e legale spiega come raccogliamo, utilizziamo e proteggiamo i suoi dati personali quando utilizza il nostro sito web [URL del Suo sito web] (il \"Sito\"), e i suoi diritti in merito ai suoi dati personali.<\/p><ol><li>Raccolta dati<\/li><\/ol><p>Raccogliamo vari tipi di informazioni da lei, tra cui:<\/p><ul><li><b><\/b>Informazioni personali: il suo nome, l'indirizzo e-mail, il numero di telefono, i dettagli del pagamento e altri identificatori quando ce li fornisce volontariamente attraverso i moduli o durante il processo di pagamento.<\/li><li><b><\/b>Dati di utilizzo: informazioni sulla sua interazione con il nostro sito web, come indirizzo IP, tipo di browser, informazioni sul dispositivo, pagine di riferimento\/uscita e tempo trascorso sul Sito.<\/li><\/ul><ol start=\"2\"><li>Uso delle sue informazioni<\/li><\/ol><p>Utilizziamo i suoi dati per i seguenti scopi:<\/p><ul><li>Per fornire, far funzionare e mantenere i nostri servizi.<\/li><li>Per migliorare, personalizzare e ampliare il nostro Sito.<\/li><li>Per comunicare con lei, direttamente o tramite uno dei nostri partner.<\/li><li>Per elaborare le sue transazioni e gestire i suoi ordini.<\/li><li>Per l'adempimento di obblighi legali e la risoluzione di controversie.<\/li><li>Per scopi di marketing, con il suo consenso, inviandole materiale promozionale.<\/li><\/ul><ol start=\"3\"><li>Cookie e tecnologie di tracciamento<\/li><\/ol><p>Utilizziamo cookie, web beacon e tecnologie di tracciamento simili per raccogliere informazioni sulla sua attivit\u00e0 sul nostro Sito. I cookie ci aiutano a comprendere il comportamento degli utenti e a migliorare i nostri servizi.<\/p><p>Pu\u00f2 scegliere di disabilitare i cookie attraverso le impostazioni del suo browser, ma ci\u00f2 potrebbe limitare la funzionalit\u00e0 del Sito.<\/p><ol start=\"4\"><li>Condivisione delle sue informazioni<\/li><\/ol><p>Non vendiamo n\u00e9 affittiamo le sue informazioni personali a terzi. Tuttavia, possiamo condividere i suoi dati con terze parti fidate, tra cui:<\/p><ul><li><b><\/b>Fornitori di servizi: possiamo condividere le sue informazioni con fornitori che assistono nelle operazioni del sito web, nell'elaborazione dei pagamenti e in altri servizi.<\/li><li><b><\/b>Conformit\u00e0 legale: se richiesto dalla legge o se riteniamo che tale azione sia necessaria per ottemperare agli obblighi legali, possiamo divulgare le sue informazioni alle autorit\u00e0.<\/li><li><b><\/b>Trasferimenti di attivit\u00e0: in caso di fusioni, acquisizioni o vendite di attivit\u00e0, i suoi dati possono essere trasferiti al nuovo proprietario.<\/li><\/ul><ol start=\"5\"><li>Sicurezza dei dati<\/li><\/ol><p>Prendiamo sul serio la sicurezza delle sue informazioni personali. Utilizziamo misure tecniche e organizzative adeguate per proteggere i suoi dati da accessi non autorizzati, perdita o uso improprio.<\/p><p>Tuttavia, nessun metodo di trasmissione su Internet o di archiviazione elettronica \u00e8 100% sicuro, e non possiamo garantire la sicurezza assoluta.<\/p><ol start=\"6\"><li>I suoi diritti<\/li><\/ol><p>Lei ha i seguenti diritti in merito ai suoi dati personali:<\/p><ul><li><b><\/b>Accesso:Pu\u00f2 richiedere l'accesso ai dati personali in nostro possesso.<\/li><li><b><\/b>Correzione:Lei ha il diritto di richiedere la correzione di dati inesatti o incompleti.<\/li><li><b><\/b>Cancellazione: pu\u00f2 richiedere la cancellazione dei suoi dati personali, fatte salve le eccezioni legali.<\/li><li><b><\/b>Limitazione del trattamento: pu\u00f2 chiederci di limitare l'uso delle sue informazioni personali.<\/li><li><b><\/b>Portabilit\u00e0 dei dati: pu\u00f2 richiedere una copia dei suoi dati in un formato strutturato, comunemente utilizzato e leggibile da una macchina.<\/li><\/ul><p>Per esercitare uno di questi diritti, ci contatti all'indirizzo [Il suo indirizzo e-mail].<\/p><ol start=\"7\"><li>Esclusione di responsabilit\u00e0 legale<\/li><\/ol><p>Il contenuto fornito sul nostro Sito \u00e8 a scopo puramente informativo. Sebbene ci sforziamo di fornire informazioni accurate e aggiornate, non forniamo alcuna garanzia, espressa o implicita, circa l'accuratezza, l'affidabilit\u00e0 o la completezza dei contenuti.<\/p><ol start=\"8\"><li>Link di terze parti<\/li><\/ol><p>Il nostro Sito pu\u00f2 contenere link a siti web o servizi di terzi. Non siamo responsabili delle pratiche sulla privacy, dei contenuti o dei servizi di queste terze parti. La invitiamo a leggere le politiche sulla privacy dei siti web collegati.<\/p><ol start=\"9\"><li>Modifiche a questa Politica<\/li><\/ol><p>Ci riserviamo il diritto di aggiornare o modificare la presente Politica sulla privacy e legale in qualsiasi momento. Qualsiasi modifica avr\u00e0 effetto immediato al momento della pubblicazione della versione modificata sul nostro Sito. L'uso continuato del Sito dopo la pubblicazione delle modifiche implica l'accettazione di tali modifiche.<\/p><ol start=\"10\"><li>Informazioni di contatto<\/li><\/ol><p>In caso di domande o dubbi sulla presente Informativa sulla privacy e sulla legge o sulle nostre pratiche relative ai suoi dati personali, la preghiamo di contattarci all'indirizzo:<\/p><p>REEF B Co., Ltd.<br \/>N. 138, Sec. 1, Zhonghua Rd., Distretto Est, Hsinchu City 300 , Taiwan<br \/>Email: support@reefb.com<br \/>Telefono: 886-3-5533869<\/p>\t\t\t\t\t\t<\/div>\n\t\t\t\t<\/div>\n\t\t\t\t\t<\/div>\n\t\t\t\t<\/div>\n\t\t\t\t<\/div>","protected":false},"excerpt":{"rendered":"<p>Informativa legale e sulla privacy Ultimo aggiornamento: 10 ottobre 2024 Benvenuti su REEF B Co. (\"noi\", \"nostro\", \"noi\"). Noi siamo<\/p>","protected":false},"author":1,"featured_media":0,"parent":0,"menu_order":0,"comment_status":"closed","ping_status":"closed","template":"","meta":{"_acf_changed":false,"footnotes":""},"class_list":["post-1749","page","type-page","status-publish","hentry"],"acf":[],"yoast_head":"<!-- This site is optimized with the Yoast SEO plugin v20.11 - https:\/\/yoast.com\/wordpress\/plugins\/seo\/ -->\n<title>Privacy &amp; Legal Policy - REEFB<\/title>\n<meta name=\"robots\" content=\"index, follow, max-snippet:-1, max-image-preview:large, max-video-preview:-1\" \/>\n<link rel=\"canonical\" href=\"https:\/\/www.reefb.com\/it\/privacy-legal-policy\/\" \/>\n<meta property=\"og:locale\" content=\"it_IT\" \/>\n<meta property=\"og:type\" content=\"article\" \/>\n<meta property=\"og:title\" content=\"Privacy &amp; Legal Policy - REEFB\" \/>\n<meta property=\"og:description\" content=\"Privacy &amp; Legal Policy Last Updated: October 10, 2024 Welcome to REEF B Co., Ltd. (\u201cwe\u201d, \u201cour\u201d, \u201cus\u201d). We are\" \/>\n<meta property=\"og:url\" content=\"https:\/\/www.reefb.com\/it\/privacy-legal-policy\/\" \/>\n<meta property=\"og:site_name\" content=\"REEFB\" \/>\n<meta property=\"article:modified_time\" content=\"2024-10-25T08:24:27+00:00\" \/>\n<meta name=\"twitter:card\" content=\"summary_large_image\" \/>\n<meta name=\"twitter:label1\" content=\"Tempo di lettura stimato\" \/>\n\t<meta name=\"twitter:data1\" content=\"3 minuti\" \/>\n<script type=\"application\/ld+json\" class=\"yoast-schema-graph\">{\"@context\":\"https:\/\/schema.org\",\"@graph\":[{\"@type\":\"WebPage\",\"@id\":\"https:\/\/www.reefb.com\/privacy-legal-policy\/\",\"url\":\"https:\/\/www.reefb.com\/privacy-legal-policy\/\",\"name\":\"Privacy & Legal Policy - REEFB\",\"isPartOf\":{\"@id\":\"https:\/\/www.reefb.com\/#website\"},\"datePublished\":\"2024-10-24T13:24:16+00:00\",\"dateModified\":\"2024-10-25T08:24:27+00:00\",\"breadcrumb\":{\"@id\":\"https:\/\/www.reefb.com\/privacy-legal-policy\/#breadcrumb\"},\"inLanguage\":\"it-IT\",\"potentialAction\":[{\"@type\":\"ReadAction\",\"target\":[\"https:\/\/www.reefb.com\/privacy-legal-policy\/\"]}]},{\"@type\":\"BreadcrumbList\",\"@id\":\"https:\/\/www.reefb.com\/privacy-legal-policy\/#breadcrumb\",\"itemListElement\":[{\"@type\":\"ListItem\",\"position\":1,\"name\":\"\u9996\u9875\",\"item\":\"https:\/\/www.reefb.com\/\"},{\"@type\":\"ListItem\",\"position\":2,\"name\":\"Privacy &#038; Legal Policy\"}]},{\"@type\":\"WebSite\",\"@id\":\"https:\/\/www.reefb.com\/#website\",\"url\":\"https:\/\/www.reefb.com\/\",\"name\":\"REEFB\",\"description\":\"\",\"potentialAction\":[{\"@type\":\"SearchAction\",\"target\":{\"@type\":\"EntryPoint\",\"urlTemplate\":\"https:\/\/www.reefb.com\/?s={search_term_string}\"},\"query-input\":\"required name=search_term_string\"}],\"inLanguage\":\"it-IT\"}]}<\/script>\n<!-- \/ Yoast SEO plugin. -->","yoast_head_json":{"title":"Privacy & Legal Policy - REEFB","robots":{"index":"index","follow":"follow","max-snippet":"max-snippet:-1","max-image-preview":"max-image-preview:large","max-video-preview":"max-video-preview:-1"},"canonical":"https:\/\/www.reefb.com\/it\/privacy-legal-policy\/","og_locale":"it_IT","og_type":"article","og_title":"Privacy & Legal Policy - REEFB","og_description":"Privacy &amp; Legal Policy Last Updated: October 10, 2024 Welcome to REEF B Co., Ltd. (\u201cwe\u201d, \u201cour\u201d, \u201cus\u201d). We are","og_url":"https:\/\/www.reefb.com\/it\/privacy-legal-policy\/","og_site_name":"REEFB","article_modified_time":"2024-10-25T08:24:27+00:00","twitter_card":"summary_large_image","twitter_misc":{"Tempo di lettura stimato":"3 minuti"},"schema":{"@context":"https:\/\/schema.org","@graph":[{"@type":"WebPage","@id":"https:\/\/www.reefb.com\/privacy-legal-policy\/","url":"https:\/\/www.reefb.com\/privacy-legal-policy\/","name":"Privacy & Legal Policy - REEFB","isPartOf":{"@id":"https:\/\/www.reefb.com\/#website"},"datePublished":"2024-10-24T13:24:16+00:00","dateModified":"2024-10-25T08:24:27+00:00","breadcrumb":{"@id":"https:\/\/www.reefb.com\/privacy-legal-policy\/#breadcrumb"},"inLanguage":"it-IT","potentialAction":[{"@type":"ReadAction","target":["https:\/\/www.reefb.com\/privacy-legal-policy\/"]}]},{"@type":"BreadcrumbList","@id":"https:\/\/www.reefb.com\/privacy-legal-policy\/#breadcrumb","itemListElement":[{"@type":"ListItem","position":1,"name":"\u9996\u9875","item":"https:\/\/www.reefb.com\/"},{"@type":"ListItem","position":2,"name":"Privacy &#038; Legal Policy"}]},{"@type":"WebSite","@id":"https:\/\/www.reefb.com\/#website","url":"https:\/\/www.reefb.com\/","name":"REEFB","description":"","potentialAction":[{"@type":"SearchAction","target":{"@type":"EntryPoint","urlTemplate":"https:\/\/www.reefb.com\/?s={search_term_string}"},"query-input":"required name=search_term_string"}],"inLanguage":"it-IT"}]}},"_links":{"self":[{"href":"https:\/\/www.reefb.com\/it\/wp-json\/wp\/v2\/pages\/1749","targetHints":{"allow":["GET"]}}],"collection":[{"href":"https:\/\/www.reefb.com\/it\/wp-json\/wp\/v2\/pages"}],"about":[{"href":"https:\/\/www.reefb.com\/it\/wp-json\/wp\/v2\/types\/page"}],"author":[{"embeddable":true,"href":"https:\/\/www.reefb.com\/it\/wp-json\/wp\/v2\/users\/1"}],"replies":[{"embeddable":true,"href":"https:\/\/www.reefb.com\/it\/wp-json\/wp\/v2\/comments?post=1749"}],"version-history":[{"count":0,"href":"https:\/\/www.reefb.com\/it\/wp-json\/wp\/v2\/pages\/1749\/revisions"}],"wp:attachment":[{"href":"https:\/\/www.reefb.com\/it\/wp-json\/wp\/v2\/media?parent=1749"}],"curies":[{"name":"wp","href":"https:\/\/api.w.org\/{rel}","templated":true}]}}