{"id":454,"date":"2024-09-23T11:33:40","date_gmt":"2024-09-23T03:33:40","guid":{"rendered":"https:\/\/www.reefb.com\/?page_id=454"},"modified":"2025-07-23T12:20:27","modified_gmt":"2025-07-23T04:20:27","slug":"contact-us","status":"publish","type":"page","link":"https:\/\/www.reefb.com\/fr\/contact-us\/","title":{"rendered":"Nous contacter"},"content":{"rendered":"<div data-elementor-type=\"wp-page\" data-elementor-id=\"454\" class=\"elementor elementor-454\" data-elementor-post-type=\"page\">\n\t\t\t\t<div class=\"elementor-element elementor-element-20c5d46 e-con-full elementor-hidden-desktop elementor-hidden-tablet elementor-hidden-mobile e-flex e-con e-parent\" data-id=\"20c5d46\" data-element_type=\"container\">\n\t\t\t\t<div class=\"elementor-element elementor-element-9eec91d elementor-widget elementor-widget-heading\" data-id=\"9eec91d\" data-element_type=\"widget\" data-widget_type=\"heading.default\">\n\t\t\t\t<div class=\"elementor-widget-container\">\n\t\t\t<h2 class=\"elementor-heading-title elementor-size-default\">Prendre contact<\/h2>\t\t<\/div>\n\t\t\t\t<\/div>\n\t\t\t\t<div class=\"elementor-element elementor-element-829684d elementor-widget-divider--view-line elementor-widget elementor-widget-divider\" data-id=\"829684d\" data-element_type=\"widget\" data-widget_type=\"divider.default\">\n\t\t\t\t<div class=\"elementor-widget-container\">\n\t\t\t\t\t<div class=\"elementor-divider\">\n\t\t\t<span class=\"elementor-divider-separator\">\n\t\t\t\t\t\t<\/span>\n\t\t<\/div>\n\t\t\t\t<\/div>\n\t\t\t\t<\/div>\n\t\t\t\t<div class=\"elementor-element elementor-element-166ac41 elementor-button-align-start Page_ContactForm elementor-widget elementor-widget-form\" data-id=\"166ac41\" data-element_type=\"widget\" data-settings=\"{&quot;step_next_label&quot;:&quot;Next&quot;,&quot;step_previous_label&quot;:&quot;Previous&quot;,&quot;button_width&quot;:&quot;100&quot;,&quot;step_type&quot;:&quot;number_text&quot;,&quot;step_icon_shape&quot;:&quot;circle&quot;}\" data-widget_type=\"form.default\">\n\t\t\t\t<div class=\"elementor-widget-container\">\n\t\t\t\t\t<form class=\"elementor-form\" method=\"post\" name=\"New Form\" action=\"\">\n\t\t\t<input type=\"hidden\" name=\"post_id\" value=\"454\"\/>\n\t\t\t<input type=\"hidden\" name=\"form_id\" value=\"166ac41\"\/>\n\t\t\t<input type=\"hidden\" name=\"referer_title\" value=\"REEFB\" \/>\n\n\t\t\t\n\t\t\t<div class=\"elementor-form-fields-wrapper elementor-labels-above\">\n\t\t\t\t\t\t\t\t<div class=\"elementor-field-type-text elementor-field-group elementor-column elementor-field-group-field_c976ea2 elementor-col-100 elementor-field-required elementor-mark-required\">\n\t\t\t\t\t\t\t\t\t\t\t\t<label for=\"form-field-field_c976ea2\" class=\"elementor-field-label\">\n\t\t\t\t\t\t\t\tNom de famille\t\t\t\t\t\t\t<\/label>\n\t\t\t\t\t\t\t\t\t\t\t\t\t\t<input size=\"1\" type=\"text\" name=\"form_fields[field_c976ea2]\" id=\"form-field-field_c976ea2\" class=\"elementor-field elementor-size-sm  elementor-field-textual\" required=\"required\" aria-required=\"true\">\n\t\t\t\t\t\t\t\t\t\t\t<\/div>\n\t\t\t\t\t\t\t\t<div class=\"elementor-field-type-text elementor-field-group elementor-column elementor-field-group-field_a4bcc6d elementor-col-100 elementor-field-required elementor-mark-required\">\n\t\t\t\t\t\t\t\t\t\t\t\t<label for=\"form-field-field_a4bcc6d\" class=\"elementor-field-label\">\n\t\t\t\t\t\t\t\tPr\u00e9nom\t\t\t\t\t\t\t<\/label>\n\t\t\t\t\t\t\t\t\t\t\t\t\t\t<input size=\"1\" type=\"text\" name=\"form_fields[field_a4bcc6d]\" id=\"form-field-field_a4bcc6d\" class=\"elementor-field elementor-size-sm  elementor-field-textual\" required=\"required\" aria-required=\"true\">\n\t\t\t\t\t\t\t\t\t\t\t<\/div>\n\t\t\t\t\t\t\t\t<div class=\"elementor-field-type-select elementor-field-group elementor-column elementor-field-group-name elementor-col-100 elementor-field-required elementor-mark-required\">\n\t\t\t\t\t\t\t\t\t\t\t\t<label for=\"form-field-name\" class=\"elementor-field-label\">\n\t\t\t\t\t\t\t\tPays ou lieu\t\t\t\t\t\t\t<\/label>\n\t\t\t\t\t\t\t\t<div class=\"elementor-field elementor-select-wrapper remove-before\">\n\t\t\t<div class=\"select-caret-down-wrapper\">\n\t\t\t\t<svg aria-hidden=\"true\" class=\"e-font-icon-svg e-eicon-caret-down\" viewbox=\"0 0 571.4 571.4\" xmlns=\"http:\/\/www.w3.org\/2000\/svg\"><path d=\"M571 393Q571 407 561 418L311 668Q300 679 286 679T261 668L11 418Q0 407 0 393T11 368 36 357H536Q550 357 561 368T571 393Z\"><\/path><\/svg>\t\t\t<\/div>\n\t\t\t<select name=\"form_fields[name]\" id=\"form-field-name\" class=\"elementor-field-textual elementor-size-sm\" required=\"required\" aria-required=\"true\">\n\t\t\t\t\t\t\t\t\t<option value=\"Afghanistan\">Afghanistan<\/option>\n\t\t\t\t\t\t\t\t\t<option value=\"Albania\">Albanie<\/option>\n\t\t\t\t\t\t\t\t\t<option value=\"Algeria\">Alg\u00e9rie<\/option>\n\t\t\t\t\t\t\t\t\t<option value=\"Andorra\">Andorre<\/option>\n\t\t\t\t\t\t\t\t\t<option value=\"Angola\">Angola<\/option>\n\t\t\t\t\t\t\t\t\t<option value=\"Antigua and Barbuda\">Antigua et Barbuda<\/option>\n\t\t\t\t\t\t\t\t\t<option value=\"Argentina\">Argentine<\/option>\n\t\t\t\t\t\t\t\t\t<option value=\"Armenia\">Arm\u00e9nie<\/option>\n\t\t\t\t\t\t\t\t\t<option value=\"Australia\">Australie<\/option>\n\t\t\t\t\t\t\t\t\t<option value=\"Austria\">Autriche<\/option>\n\t\t\t\t\t\t\t\t\t<option value=\"Azerbaijan\">Azerba\u00efdjan<\/option>\n\t\t\t\t\t\t\t\t\t<option value=\"Bahamas\">Bahamas<\/option>\n\t\t\t\t\t\t\t\t\t<option value=\"Bahrain\">Bahre\u00efn<\/option>\n\t\t\t\t\t\t\t\t\t<option value=\"Bangladesh\">Bangladesh<\/option>\n\t\t\t\t\t\t\t\t\t<option value=\"Barbados\">Barbade<\/option>\n\t\t\t\t\t\t\t\t\t<option value=\"Belarus\">B\u00e9larus<\/option>\n\t\t\t\t\t\t\t\t\t<option value=\"Belgium\">Belgique<\/option>\n\t\t\t\t\t\t\t\t\t<option value=\"Belize\">Belize<\/option>\n\t\t\t\t\t\t\t\t\t<option value=\"Benin\">B\u00e9nin<\/option>\n\t\t\t\t\t\t\t\t\t<option value=\"Bhutan\">Bhoutan<\/option>\n\t\t\t\t\t\t\t\t\t<option value=\"Bolivia\">Bolivie<\/option>\n\t\t\t\t\t\t\t\t\t<option value=\"Bosnia and Herzegovina\">Bosnie et Herz\u00e9govine<\/option>\n\t\t\t\t\t\t\t\t\t<option value=\"Botswana\">Botswana<\/option>\n\t\t\t\t\t\t\t\t\t<option value=\"Brazil\">Br\u00e9sil<\/option>\n\t\t\t\t\t\t\t\t\t<option value=\"Brunei\">Brunei<\/option>\n\t\t\t\t\t\t\t\t\t<option value=\"Bulgaria\">Bulgarie<\/option>\n\t\t\t\t\t\t\t\t\t<option value=\"Burkina Faso\">Burkina Faso<\/option>\n\t\t\t\t\t\t\t\t\t<option value=\"Burundi\">Burundi<\/option>\n\t\t\t\t\t\t\t\t\t<option value=\"Cabo Verde\">Cabo Verde<\/option>\n\t\t\t\t\t\t\t\t\t<option value=\"Cambodia\">Cambodge<\/option>\n\t\t\t\t\t\t\t\t\t<option value=\"Cameroon\">Cameroun<\/option>\n\t\t\t\t\t\t\t\t\t<option value=\"Canada\">Canada<\/option>\n\t\t\t\t\t\t\t\t\t<option value=\"Central African Republic\">R\u00e9publique centrafricaine<\/option>\n\t\t\t\t\t\t\t\t\t<option value=\"Chad\">Tchad<\/option>\n\t\t\t\t\t\t\t\t\t<option value=\"Chile\">Chili<\/option>\n\t\t\t\t\t\t\t\t\t<option value=\"China\">Chine<\/option>\n\t\t\t\t\t\t\t\t\t<option value=\"Colombia\">Colombie<\/option>\n\t\t\t\t\t\t\t\t\t<option value=\"Comoros\">Comores<\/option>\n\t\t\t\t\t\t\t\t\t<option value=\"Congo (Congo-Brazzaville)\">Congo (Congo-Brazzaville)<\/option>\n\t\t\t\t\t\t\t\t\t<option value=\"Costa Rica\">Costa Rica<\/option>\n\t\t\t\t\t\t\t\t\t<option value=\"Croatia\">Croatie<\/option>\n\t\t\t\t\t\t\t\t\t<option value=\"Cuba\">Cuba<\/option>\n\t\t\t\t\t\t\t\t\t<option value=\"Cyprus\">Chypre<\/option>\n\t\t\t\t\t\t\t\t\t<option value=\"Czechia\">Tch\u00e9coslovaquie<\/option>\n\t\t\t\t\t\t\t\t\t<option value=\"Denmark\">Danemark<\/option>\n\t\t\t\t\t\t\t\t\t<option value=\"Djibouti\">Djibouti<\/option>\n\t\t\t\t\t\t\t\t\t<option value=\"Dominica\">Dominique<\/option>\n\t\t\t\t\t\t\t\t\t<option value=\"Dominican Republic\">R\u00e9publique dominicaine<\/option>\n\t\t\t\t\t\t\t\t\t<option value=\"Ecuador\">\u00c9quateur<\/option>\n\t\t\t\t\t\t\t\t\t<option value=\"Egypt\">\u00c9gypte<\/option>\n\t\t\t\t\t\t\t\t\t<option value=\"El Salvador\">El Salvador<\/option>\n\t\t\t\t\t\t\t\t\t<option value=\"Equatorial Guinea\">Guin\u00e9e \u00e9quatoriale<\/option>\n\t\t\t\t\t\t\t\t\t<option value=\"Eritrea\">Erythr\u00e9e<\/option>\n\t\t\t\t\t\t\t\t\t<option value=\"Estonia\">Estonie<\/option>\n\t\t\t\t\t\t\t\t\t<option value=\"Eswatini\">Eswatini<\/option>\n\t\t\t\t\t\t\t\t\t<option value=\"Ethiopia\">\u00c9thiopie<\/option>\n\t\t\t\t\t\t\t\t\t<option value=\"Fiji\">Fidji<\/option>\n\t\t\t\t\t\t\t\t\t<option value=\"Finland\">Finlande<\/option>\n\t\t\t\t\t\t\t\t\t<option value=\"France\">France<\/option>\n\t\t\t\t\t\t\t\t\t<option value=\"Gabon\">Gabon<\/option>\n\t\t\t\t\t\t\t\t\t<option value=\"Gambia\">Gambie<\/option>\n\t\t\t\t\t\t\t\t\t<option value=\"Georgia\">G\u00e9orgie<\/option>\n\t\t\t\t\t\t\t\t\t<option value=\"Germany\">Allemagne<\/option>\n\t\t\t\t\t\t\t\t\t<option value=\"Ghana\">Ghana<\/option>\n\t\t\t\t\t\t\t\t\t<option value=\"Greece\">Gr\u00e8ce<\/option>\n\t\t\t\t\t\t\t\t\t<option value=\"Grenada\">Grenade<\/option>\n\t\t\t\t\t\t\t\t\t<option value=\"Guatemala\">Guatemala<\/option>\n\t\t\t\t\t\t\t\t\t<option value=\"Guinea\">Guin\u00e9e<\/option>\n\t\t\t\t\t\t\t\t\t<option value=\"Guinea-Bissau\">Guin\u00e9e-Bissau<\/option>\n\t\t\t\t\t\t\t\t\t<option value=\"Guyana\">Guyane<\/option>\n\t\t\t\t\t\t\t\t\t<option value=\"Haiti\">Ha\u00efti<\/option>\n\t\t\t\t\t\t\t\t\t<option value=\"Honduras\">Honduras<\/option>\n\t\t\t\t\t\t\t\t\t<option value=\"Hungary\">Hongrie<\/option>\n\t\t\t\t\t\t\t\t\t<option value=\"Iceland\">Islande<\/option>\n\t\t\t\t\t\t\t\t\t<option value=\"India\">Inde<\/option>\n\t\t\t\t\t\t\t\t\t<option value=\"Indonesia\">Indon\u00e9sie<\/option>\n\t\t\t\t\t\t\t\t\t<option value=\"Iran\">L'Iran<\/option>\n\t\t\t\t\t\t\t\t\t<option value=\"Iraq\">L'Irak<\/option>\n\t\t\t\t\t\t\t\t\t<option value=\"Ireland\">Irlande<\/option>\n\t\t\t\t\t\t\t\t\t<option value=\"Israel\">Isra\u00ebl<\/option>\n\t\t\t\t\t\t\t\t\t<option value=\"Italy\">Italie<\/option>\n\t\t\t\t\t\t\t\t\t<option value=\"Jamaica\">Jama\u00efque<\/option>\n\t\t\t\t\t\t\t\t\t<option value=\"Japan\">Japon<\/option>\n\t\t\t\t\t\t\t\t\t<option value=\"Jordan\">Jordanie<\/option>\n\t\t\t\t\t\t\t\t\t<option value=\"Kazakhstan\">Kazakhstan<\/option>\n\t\t\t\t\t\t\t\t\t<option value=\"Kenya\">Kenya<\/option>\n\t\t\t\t\t\t\t\t\t<option value=\"Kiribati\">Kiribati<\/option>\n\t\t\t\t\t\t\t\t\t<option value=\"Korea (North)\">Cor\u00e9e (Nord)<\/option>\n\t\t\t\t\t\t\t\t\t<option value=\"Korea (South)\">Cor\u00e9e (Sud)<\/option>\n\t\t\t\t\t\t\t\t\t<option value=\"Kuwait\">Kowe\u00eft<\/option>\n\t\t\t\t\t\t\t\t\t<option value=\"Kyrgyzstan\">Kirghizistan<\/option>\n\t\t\t\t\t\t\t\t\t<option value=\"Laos\">Laos<\/option>\n\t\t\t\t\t\t\t\t\t<option value=\"Latvia\">Lettonie<\/option>\n\t\t\t\t\t\t\t\t\t<option value=\"Lebanon\">Liban<\/option>\n\t\t\t\t\t\t\t\t\t<option value=\"Lesotho\">Lesotho<\/option>\n\t\t\t\t\t\t\t\t\t<option value=\"Liberia\">Lib\u00e9ria<\/option>\n\t\t\t\t\t\t\t\t\t<option value=\"Libya\">Libye<\/option>\n\t\t\t\t\t\t\t\t\t<option value=\"Liechtenstein\">Liechtenstein<\/option>\n\t\t\t\t\t\t\t\t\t<option value=\"Lithuania\">Lituanie<\/option>\n\t\t\t\t\t\t\t\t\t<option value=\"Luxembourg\">Luxembourg<\/option>\n\t\t\t\t\t\t\t\t\t<option value=\"Madagascar\">Madagascar<\/option>\n\t\t\t\t\t\t\t\t\t<option value=\"Malawi\">Malawi<\/option>\n\t\t\t\t\t\t\t\t\t<option value=\"Malaysia\">Malaisie<\/option>\n\t\t\t\t\t\t\t\t\t<option value=\"Maldives\">Maldives<\/option>\n\t\t\t\t\t\t\t\t\t<option value=\"Mali\">Mali<\/option>\n\t\t\t\t\t\t\t\t\t<option value=\"Malta\">Malte<\/option>\n\t\t\t\t\t\t\t\t\t<option value=\"Marshall Islands\">\u00celes Marshall<\/option>\n\t\t\t\t\t\t\t\t\t<option value=\"Mauritania\">Mauritanie<\/option>\n\t\t\t\t\t\t\t\t\t<option value=\"Mauritius\">Maurice<\/option>\n\t\t\t\t\t\t\t\t\t<option value=\"Mexico\">Mexique<\/option>\n\t\t\t\t\t\t\t\t\t<option value=\"Micronesia\">Micron\u00e9sie<\/option>\n\t\t\t\t\t\t\t\t\t<option value=\"Moldova\">Moldavie<\/option>\n\t\t\t\t\t\t\t\t\t<option value=\"Monaco\">Monaco<\/option>\n\t\t\t\t\t\t\t\t\t<option value=\"Mongolia\">Mongolie<\/option>\n\t\t\t\t\t\t\t\t\t<option value=\"Montenegro\">Mont\u00e9n\u00e9gro<\/option>\n\t\t\t\t\t\t\t\t\t<option value=\"Morocco\">Maroc<\/option>\n\t\t\t\t\t\t\t\t\t<option value=\"Mozambique\">Mozambique<\/option>\n\t\t\t\t\t\t\t\t\t<option value=\"Myanmar\">Myanmar<\/option>\n\t\t\t\t\t\t\t\t\t<option value=\"Namibia\">Namibie<\/option>\n\t\t\t\t\t\t\t\t\t<option value=\"Nauru\">Nauru<\/option>\n\t\t\t\t\t\t\t\t\t<option value=\"Nepal\">N\u00e9pal<\/option>\n\t\t\t\t\t\t\t\t\t<option value=\"Netherlands\">Pays-Bas<\/option>\n\t\t\t\t\t\t\t\t\t<option value=\"New Zealand\">Nouvelle-Z\u00e9lande<\/option>\n\t\t\t\t\t\t\t\t\t<option value=\"Nicaragua\">Nicaragua<\/option>\n\t\t\t\t\t\t\t\t\t<option value=\"Niger\">Niger<\/option>\n\t\t\t\t\t\t\t\t\t<option value=\"Nigeria\">Nig\u00e9ria<\/option>\n\t\t\t\t\t\t\t\t\t<option value=\"North Macedonia\">Mac\u00e9doine du Nord<\/option>\n\t\t\t\t\t\t\t\t\t<option value=\"Norway\">Norv\u00e8ge<\/option>\n\t\t\t\t\t\t\t\t\t<option value=\"Oman\">Oman<\/option>\n\t\t\t\t\t\t\t\t\t<option value=\"Pakistan\">Pakistan<\/option>\n\t\t\t\t\t\t\t\t\t<option value=\"Palau\">Palau<\/option>\n\t\t\t\t\t\t\t\t\t<option value=\"Palestine State\">\u00c9tat de Palestine<\/option>\n\t\t\t\t\t\t\t\t\t<option value=\"Panama\">Panama<\/option>\n\t\t\t\t\t\t\t\t\t<option value=\"Papua New Guinea\">Papouasie-Nouvelle-Guin\u00e9e<\/option>\n\t\t\t\t\t\t\t\t\t<option value=\"Paraguay\">Paraguay<\/option>\n\t\t\t\t\t\t\t\t\t<option value=\"Peru\">P\u00e9rou<\/option>\n\t\t\t\t\t\t\t\t\t<option value=\"Philippines\">Philippines<\/option>\n\t\t\t\t\t\t\t\t\t<option value=\"Poland\">Pologne<\/option>\n\t\t\t\t\t\t\t\t\t<option value=\"Portugal\">Portugal<\/option>\n\t\t\t\t\t\t\t\t\t<option value=\"Qatar\">Qatar<\/option>\n\t\t\t\t\t\t\t\t\t<option value=\"Romania\">Roumanie<\/option>\n\t\t\t\t\t\t\t\t\t<option value=\"Russia\">Russie<\/option>\n\t\t\t\t\t\t\t\t\t<option value=\"Rwanda\">Rwanda<\/option>\n\t\t\t\t\t\t\t\t\t<option value=\"Saint Kitts and Nevis\">Saint-Kitts-et-Nevis<\/option>\n\t\t\t\t\t\t\t\t\t<option value=\"Saint Lucia\">Sainte-Lucie<\/option>\n\t\t\t\t\t\t\t\t\t<option value=\"Saint Vincent and the Grenadines\">Saint-Vincent-et-les-Grenadines<\/option>\n\t\t\t\t\t\t\t\t\t<option value=\"Samoa\">Samoa<\/option>\n\t\t\t\t\t\t\t\t\t<option value=\"San Marino\">Saint-Marin<\/option>\n\t\t\t\t\t\t\t\t\t<option value=\"Sao Tome and Principe\">Sao Tom\u00e9 et Principe<\/option>\n\t\t\t\t\t\t\t\t\t<option value=\"Saudi Arabia\">Arabie Saoudite<\/option>\n\t\t\t\t\t\t\t\t\t<option value=\"Senegal\">S\u00e9n\u00e9gal<\/option>\n\t\t\t\t\t\t\t\t\t<option value=\"Serbia\">Serbie<\/option>\n\t\t\t\t\t\t\t\t\t<option value=\"Seychelles\">Seychelles<\/option>\n\t\t\t\t\t\t\t\t\t<option value=\"Sierra Leone\">Sierra Leone<\/option>\n\t\t\t\t\t\t\t\t\t<option value=\"Singapore\">Singapour<\/option>\n\t\t\t\t\t\t\t\t\t<option value=\"Slovakia\">Slovaquie<\/option>\n\t\t\t\t\t\t\t\t\t<option value=\"Slovenia\">Slov\u00e9nie<\/option>\n\t\t\t\t\t\t\t\t\t<option value=\"Solomon Islands\">\u00celes Salomon<\/option>\n\t\t\t\t\t\t\t\t\t<option value=\"Somalia\">Somalie<\/option>\n\t\t\t\t\t\t\t\t\t<option value=\"South Africa\">Afrique du Sud<\/option>\n\t\t\t\t\t\t\t\t\t<option value=\"South Sudan\">Sud Soudan<\/option>\n\t\t\t\t\t\t\t\t\t<option value=\"Spain\">Espagne<\/option>\n\t\t\t\t\t\t\t\t\t<option value=\"Sri Lanka\">Sri Lanka<\/option>\n\t\t\t\t\t\t\t\t\t<option value=\"Sudan\">Soudan<\/option>\n\t\t\t\t\t\t\t\t\t<option value=\"Suriname\">Suriname<\/option>\n\t\t\t\t\t\t\t\t\t<option value=\"Sweden\">Su\u00e8de<\/option>\n\t\t\t\t\t\t\t\t\t<option value=\"Switzerland\">Suisse<\/option>\n\t\t\t\t\t\t\t\t\t<option value=\"Syria\">Syrie<\/option>\n\t\t\t\t\t\t\t\t\t<option value=\"Taiwan\">Ta\u00efwan<\/option>\n\t\t\t\t\t\t\t\t\t<option value=\"Tajikistan\">Tadjikistan<\/option>\n\t\t\t\t\t\t\t\t\t<option value=\"Tanzania\">Tanzanie<\/option>\n\t\t\t\t\t\t\t\t\t<option value=\"Thailand\">Tha\u00eflande<\/option>\n\t\t\t\t\t\t\t\t\t<option value=\"Timor-Leste\">Timor-Leste<\/option>\n\t\t\t\t\t\t\t\t\t<option value=\"Togo\">Togo<\/option>\n\t\t\t\t\t\t\t\t\t<option value=\"Tonga\">Tonga<\/option>\n\t\t\t\t\t\t\t\t\t<option value=\"Trinidad and Tobago\">Trinit\u00e9-et-Tobago<\/option>\n\t\t\t\t\t\t\t\t\t<option value=\"Tunisia\">Tunisie<\/option>\n\t\t\t\t\t\t\t\t\t<option value=\"Turkey\">Turquie<\/option>\n\t\t\t\t\t\t\t\t\t<option value=\"Turkmenistan\">Turkm\u00e9nistan<\/option>\n\t\t\t\t\t\t\t\t\t<option value=\"Tuvalu\">Tuvalu<\/option>\n\t\t\t\t\t\t\t\t\t<option value=\"Uganda\">Ouganda<\/option>\n\t\t\t\t\t\t\t\t\t<option value=\"Ukraine\">Ukraine<\/option>\n\t\t\t\t\t\t\t\t\t<option value=\"United Arab Emirates\">\u00c9mirats arabes unis<\/option>\n\t\t\t\t\t\t\t\t\t<option value=\"United Kingdom\">Royaume-Uni<\/option>\n\t\t\t\t\t\t\t\t\t<option value=\"United States\">\u00c9tats-Unis<\/option>\n\t\t\t\t\t\t\t\t\t<option value=\"Uruguay\">Uruguay<\/option>\n\t\t\t\t\t\t\t\t\t<option value=\"Uzbekistan\">Ouzb\u00e9kistan<\/option>\n\t\t\t\t\t\t\t\t\t<option value=\"Vanuatu\">Vanuatu<\/option>\n\t\t\t\t\t\t\t\t\t<option value=\"Vatican City\">Cit\u00e9 du Vatican<\/option>\n\t\t\t\t\t\t\t\t\t<option value=\"Venezuela\">Venezuela<\/option>\n\t\t\t\t\t\t\t\t\t<option value=\"Vietnam\">Vietnam<\/option>\n\t\t\t\t\t\t\t\t\t<option value=\"Yemen\">Y\u00e9men<\/option>\n\t\t\t\t\t\t\t\t\t<option value=\"Zambia\">Zambie<\/option>\n\t\t\t\t\t\t\t\t\t<option value=\"Zimbabwe\">Zimbabwe<\/option>\n\t\t\t\t\t\t\t<\/select>\n\t\t<\/div>\n\t\t\t\t\t\t<\/div>\n\t\t\t\t\t\t\t\t<div class=\"elementor-field-type-email elementor-field-group elementor-column elementor-field-group-email elementor-col-100 elementor-field-required elementor-mark-required\">\n\t\t\t\t\t\t\t\t\t\t\t\t<label for=\"form-field-email\" class=\"elementor-field-label\">\n\t\t\t\t\t\t\t\tCourrier \u00e9lectronique\t\t\t\t\t\t\t<\/label>\n\t\t\t\t\t\t\t\t\t\t\t\t\t\t<input size=\"1\" type=\"email\" name=\"form_fields[email]\" id=\"form-field-email\" class=\"elementor-field elementor-size-sm  elementor-field-textual\" required=\"required\" aria-required=\"true\">\n\t\t\t\t\t\t\t\t\t\t\t<\/div>\n\t\t\t\t\t\t\t\t<div class=\"elementor-field-type-textarea elementor-field-group elementor-column elementor-field-group-message elementor-col-100 elementor-field-required elementor-mark-required\">\n\t\t\t\t\t\t\t\t\t\t\t\t<label for=\"form-field-message\" class=\"elementor-field-label\">\n\t\t\t\t\t\t\t\tMessage\t\t\t\t\t\t\t<\/label>\n\t\t\t\t\t\t<textarea class=\"elementor-field-textual elementor-field  elementor-size-sm\" name=\"form_fields[message]\" id=\"form-field-message\" rows=\"4\" required=\"required\" aria-required=\"true\"><\/textarea>\t\t\t\t<\/div>\n\t\t\t\t\t\t\t\t<div class=\"elementor-field-type-text\">\n\t\t\t\t\t<input size=\"1\" type=\"text\" name=\"form_fields[field_d2fe486]\" id=\"form-field-field_d2fe486\" class=\"elementor-field elementor-size-sm\" style=\"display:none !important;\">\t\t\t\t<\/div>\n\t\t\t\t\t\t\t\t<div class=\"elementor-field-group elementor-column elementor-field-type-submit elementor-col-100 e-form__buttons\">\n\t\t\t\t\t<button class=\"elementor-button elementor-size-sm\" type=\"submit\">\n\t\t\t\t\t\t<span class=\"elementor-button-content-wrapper\">\n\t\t\t\t\t\t\t\t\t\t\t\t\t\t\t\t\t\t\t\t\t\t<span class=\"elementor-button-text\">ENVOYER LE COURRIER<\/span>\n\t\t\t\t\t\t\t\t\t\t\t\t\t<\/span>\n\t\t\t\t\t<\/button>\n\t\t\t\t<\/div>\n\t\t\t<\/div>\n\t\t<input type=\"hidden\" name=\"trp-form-language\" value=\"fr\"\/><\/form>\n\t\t\t\t<\/div>\n\t\t\t\t<\/div>\n\t\t\t\t<\/div>\n\t\t<div class=\"elementor-element elementor-element-527cfa9 e-flex e-con-boxed e-con e-parent\" data-id=\"527cfa9\" data-element_type=\"container\">\n\t\t\t\t\t<div class=\"e-con-inner\">\n\t\t\t\t<div class=\"elementor-element elementor-element-46ab8ae elementor-widget elementor-widget-heading\" data-id=\"46ab8ae\" data-element_type=\"widget\" data-widget_type=\"heading.default\">\n\t\t\t\t<div class=\"elementor-widget-container\">\n\t\t\t<h2 class=\"elementor-heading-title elementor-size-default\"><h2 data-elementor-setting-key=\"title\" data-pen-placeholder=\"\u5728\u6b64\u8f93\u5165...\" style=\"font-style: normal;font-weight: 600;font-family: Roboto, sans-serif;font-size: 30px;text-transform: uppercase\">Prendre contact<span style=\"font-family: Roboto, sans-serif;font-size: 24px;font-style: normal;font-weight: 600;text-transform: none\"><\/span><\/h2><\/h2>\t\t<\/div>\n\t\t\t\t<\/div>\n\t\t\t\t<div class=\"elementor-element elementor-element-b40cdf9 color-scheme-inherit text-left elementor-widget elementor-widget-text-editor\" data-id=\"b40cdf9\" data-element_type=\"widget\" data-widget_type=\"text-editor.default\">\n\t\t\t\t<div class=\"elementor-widget-container\">\n\t\t\t\t\t\t\t<p>Nous vous remercions de l'int\u00e9r\u00eat que vous portez \u00e0 REEF B.<br \/>Si vous avez des questions sur les produits ou des demandes de partenariat, n'h\u00e9sitez pas \u00e0 nous contacter par courrier \u00e9lectronique.<\/p>\t\t\t\t\t\t<\/div>\n\t\t\t\t<\/div>\n\t\t\t\t<div class=\"elementor-element elementor-element-35df055 elementor-widget elementor-widget-html\" data-id=\"35df055\" data-element_type=\"widget\" data-widget_type=\"html.default\">\n\t\t\t\t<div class=\"elementor-widget-container\">\n\t\t\t<p style=\"font-size: 16px;\">\n  <strong>E-mail :<\/strong>\n  <span id=\"email\"><\/span>\n<\/p>\n\n<script>\n  const u = 'support';\n  const d = 'reefb.com';\n  document.getElementById('email').innerHTML =\n    `<a href=\"mailto:${u}@${d}\">${u}@${d}<\/a>`;\n<\/script>\n\t\t<\/div>\n\t\t\t\t<\/div>\n\t\t\t\t\t<\/div>\n\t\t\t\t<\/div>\n\t\t\t\t<\/div>","protected":false},"excerpt":{"rendered":"<p>Prenez contact Prenez contact Nous vous remercions de l'int\u00e9r\u00eat que vous portez \u00e0 REEF B. Si vous avez des questions sur les produits ou si vous avez besoin d'aide, n'h\u00e9sitez pas \u00e0 nous contacter.<\/p>","protected":false},"author":1,"featured_media":0,"parent":0,"menu_order":0,"comment_status":"closed","ping_status":"closed","template":"","meta":{"_acf_changed":false,"footnotes":""},"class_list":["post-454","page","type-page","status-publish","hentry"],"acf":[],"yoast_head":"<!-- This site is optimized with the Yoast SEO plugin v20.11 - https:\/\/yoast.com\/wordpress\/plugins\/seo\/ -->\n<title>Contact Us - REEFB<\/title>\n<meta name=\"robots\" content=\"index, follow, max-snippet:-1, max-image-preview:large, max-video-preview:-1\" \/>\n<link rel=\"canonical\" href=\"https:\/\/www.reefb.com\/fr\/contact-us\/\" \/>\n<meta property=\"og:locale\" content=\"fr_FR\" \/>\n<meta property=\"og:type\" content=\"article\" \/>\n<meta property=\"og:title\" content=\"Contact Us - REEFB\" \/>\n<meta property=\"og:description\" content=\"Get In Touch Get In Touch Thank you for your interest in REEF B.If you have any product inquiries or\" \/>\n<meta property=\"og:url\" content=\"https:\/\/www.reefb.com\/fr\/contact-us\/\" \/>\n<meta property=\"og:site_name\" content=\"REEFB\" \/>\n<meta property=\"article:modified_time\" content=\"2025-07-23T04:20:27+00:00\" \/>\n<meta name=\"twitter:card\" content=\"summary_large_image\" \/>\n<meta name=\"twitter:label1\" content=\"Dur\u00e9e de lecture estim\u00e9e\" \/>\n\t<meta name=\"twitter:data1\" content=\"2 minutes\" \/>\n<script type=\"application\/ld+json\" class=\"yoast-schema-graph\">{\"@context\":\"https:\/\/schema.org\",\"@graph\":[{\"@type\":\"WebPage\",\"@id\":\"https:\/\/www.reefb.com\/contact-us\/\",\"url\":\"https:\/\/www.reefb.com\/contact-us\/\",\"name\":\"Contact Us - REEFB\",\"isPartOf\":{\"@id\":\"https:\/\/www.reefb.com\/#website\"},\"datePublished\":\"2024-09-23T03:33:40+00:00\",\"dateModified\":\"2025-07-23T04:20:27+00:00\",\"breadcrumb\":{\"@id\":\"https:\/\/www.reefb.com\/contact-us\/#breadcrumb\"},\"inLanguage\":\"fr-FR\",\"potentialAction\":[{\"@type\":\"ReadAction\",\"target\":[\"https:\/\/www.reefb.com\/contact-us\/\"]}]},{\"@type\":\"BreadcrumbList\",\"@id\":\"https:\/\/www.reefb.com\/contact-us\/#breadcrumb\",\"itemListElement\":[{\"@type\":\"ListItem\",\"position\":1,\"name\":\"\u9996\u9875\",\"item\":\"https:\/\/www.reefb.com\/\"},{\"@type\":\"ListItem\",\"position\":2,\"name\":\"Contact Us\"}]},{\"@type\":\"WebSite\",\"@id\":\"https:\/\/www.reefb.com\/#website\",\"url\":\"https:\/\/www.reefb.com\/\",\"name\":\"REEFB\",\"description\":\"\",\"potentialAction\":[{\"@type\":\"SearchAction\",\"target\":{\"@type\":\"EntryPoint\",\"urlTemplate\":\"https:\/\/www.reefb.com\/?s={search_term_string}\"},\"query-input\":\"required name=search_term_string\"}],\"inLanguage\":\"fr-FR\"}]}<\/script>\n<!-- \/ Yoast SEO plugin. -->","yoast_head_json":{"title":"Contact Us - REEFB","robots":{"index":"index","follow":"follow","max-snippet":"max-snippet:-1","max-image-preview":"max-image-preview:large","max-video-preview":"max-video-preview:-1"},"canonical":"https:\/\/www.reefb.com\/fr\/contact-us\/","og_locale":"fr_FR","og_type":"article","og_title":"Contact Us - REEFB","og_description":"Get In Touch Get In Touch Thank you for your interest in REEF B.If you have any product inquiries or","og_url":"https:\/\/www.reefb.com\/fr\/contact-us\/","og_site_name":"REEFB","article_modified_time":"2025-07-23T04:20:27+00:00","twitter_card":"summary_large_image","twitter_misc":{"Dur\u00e9e de lecture estim\u00e9e":"2 minutes"},"schema":{"@context":"https:\/\/schema.org","@graph":[{"@type":"WebPage","@id":"https:\/\/www.reefb.com\/contact-us\/","url":"https:\/\/www.reefb.com\/contact-us\/","name":"Contact Us - REEFB","isPartOf":{"@id":"https:\/\/www.reefb.com\/#website"},"datePublished":"2024-09-23T03:33:40+00:00","dateModified":"2025-07-23T04:20:27+00:00","breadcrumb":{"@id":"https:\/\/www.reefb.com\/contact-us\/#breadcrumb"},"inLanguage":"fr-FR","potentialAction":[{"@type":"ReadAction","target":["https:\/\/www.reefb.com\/contact-us\/"]}]},{"@type":"BreadcrumbList","@id":"https:\/\/www.reefb.com\/contact-us\/#breadcrumb","itemListElement":[{"@type":"ListItem","position":1,"name":"\u9996\u9875","item":"https:\/\/www.reefb.com\/"},{"@type":"ListItem","position":2,"name":"Contact Us"}]},{"@type":"WebSite","@id":"https:\/\/www.reefb.com\/#website","url":"https:\/\/www.reefb.com\/","name":"REEFB","description":"","potentialAction":[{"@type":"SearchAction","target":{"@type":"EntryPoint","urlTemplate":"https:\/\/www.reefb.com\/?s={search_term_string}"},"query-input":"required name=search_term_string"}],"inLanguage":"fr-FR"}]}},"_links":{"self":[{"href":"https:\/\/www.reefb.com\/fr\/wp-json\/wp\/v2\/pages\/454","targetHints":{"allow":["GET"]}}],"collection":[{"href":"https:\/\/www.reefb.com\/fr\/wp-json\/wp\/v2\/pages"}],"about":[{"href":"https:\/\/www.reefb.com\/fr\/wp-json\/wp\/v2\/types\/page"}],"author":[{"embeddable":true,"href":"https:\/\/www.reefb.com\/fr\/wp-json\/wp\/v2\/users\/1"}],"replies":[{"embeddable":true,"href":"https:\/\/www.reefb.com\/fr\/wp-json\/wp\/v2\/comments?post=454"}],"version-history":[{"count":48,"href":"https:\/\/www.reefb.com\/fr\/wp-json\/wp\/v2\/pages\/454\/revisions"}],"predecessor-version":[{"id":3753,"href":"https:\/\/www.reefb.com\/fr\/wp-json\/wp\/v2\/pages\/454\/revisions\/3753"}],"wp:attachment":[{"href":"https:\/\/www.reefb.com\/fr\/wp-json\/wp\/v2\/media?parent=454"}],"curies":[{"name":"wp","href":"https:\/\/api.w.org\/{rel}","templated":true}]}}