{"id":426,"date":"2024-09-23T11:21:26","date_gmt":"2024-09-23T03:21:26","guid":{"rendered":"https:\/\/www.reefb.com\/?page_id=426"},"modified":"2025-03-14T21:23:32","modified_gmt":"2025-03-14T13:23:32","slug":"koralcore-app","status":"publish","type":"page","link":"https:\/\/www.reefb.com\/fr\/koralcore-app\/","title":{"rendered":"Koralcore APP"},"content":{"rendered":"<div data-elementor-type=\"wp-page\" data-elementor-id=\"426\" class=\"elementor elementor-426\" data-elementor-post-type=\"page\">\n\t\t\t\t<div class=\"elementor-element elementor-element-f72e105 e-flex e-con-boxed e-con e-parent\" data-id=\"f72e105\" data-element_type=\"container\" data-settings=\"{&quot;background_background&quot;:&quot;classic&quot;}\">\n\t\t\t\t\t<div class=\"e-con-inner\">\n\t\t<div class=\"elementor-element elementor-element-f7d64ae e-con-full e-flex e-con e-child\" data-id=\"f7d64ae\" data-element_type=\"container\">\n\t\t\t\t<div class=\"elementor-element elementor-element-d1b7420 elementor-widget elementor-widget-image\" data-id=\"d1b7420\" data-element_type=\"widget\" data-widget_type=\"image.default\">\n\t\t\t\t<div class=\"elementor-widget-container\">\n\t\t\t\t\t\t\t\t\t\t\t\t\t<img fetchpriority=\"high\" decoding=\"async\" width=\"817\" height=\"915\" src=\"https:\/\/www.reefb.com\/wp-content\/smush-webp\/2024\/11\/koralCore_APP_01f.png.webp\" class=\"attachment-full size-full wp-image-2424\" alt=\"\" srcset=\"https:\/\/www.reefb.com\/wp-content\/smush-webp\/2024\/11\/koralCore_APP_01f.png.webp 817w, https:\/\/www.reefb.com\/wp-content\/smush-webp\/2024\/11\/koralCore_APP_01f-268x300.png.webp 268w, https:\/\/www.reefb.com\/wp-content\/smush-webp\/2024\/11\/koralCore_APP_01f-768x860.png.webp 768w, https:\/\/www.reefb.com\/wp-content\/smush-webp\/2024\/11\/koralCore_APP_01f-11x12.png.webp 11w, https:\/\/www.reefb.com\/wp-content\/smush-webp\/2024\/11\/koralCore_APP_01f-600x672.png.webp 600w, https:\/\/www.reefb.com\/wp-content\/smush-webp\/2024\/11\/koralCore_APP_01f-150x168.png.webp 150w\" sizes=\"(max-width: 817px) 100vw, 817px\" \/>\t\t\t\t\t\t\t\t\t\t\t\t\t<\/div>\n\t\t\t\t<\/div>\n\t\t\t\t<\/div>\n\t\t<div class=\"elementor-element elementor-element-ca0a410 e-con-full e-flex e-con e-child\" data-id=\"ca0a410\" data-element_type=\"container\">\n\t\t<div class=\"elementor-element elementor-element-b0dd1f3 e-con-full e-flex e-con e-child\" data-id=\"b0dd1f3\" data-element_type=\"container\">\n\t\t\t\t<div class=\"elementor-element elementor-element-1e61f91 elementor-widget elementor-widget-heading\" data-id=\"1e61f91\" data-element_type=\"widget\" data-widget_type=\"heading.default\">\n\t\t\t\t<div class=\"elementor-widget-container\">\n\t\t\t<h2 class=\"elementor-heading-title elementor-size-default\">Cr\u00e9ation simple d'un \u00e9cosyst\u00e8me corallien<\/h2>\t\t<\/div>\n\t\t\t\t<\/div>\n\t\t\t\t<div class=\"elementor-element elementor-element-19764e6 color-scheme-inherit text-left elementor-widget elementor-widget-text-editor\" data-id=\"19764e6\" data-element_type=\"widget\" data-widget_type=\"text-editor.default\">\n\t\t\t\t<div class=\"elementor-widget-container\">\n\t\t\t\t\t\t\t<div class=\"flex max-w-full flex-col flex-grow\"><div class=\"min-h-8 text-message flex w-full flex-col items-end gap-2 whitespace-normal break-words [.text-message+&amp;]:mt-5\" dir=\"auto\" data-message-author-role=\"assistant\" data-message-id=\"9e49f7bc-0e48-4fed-8ab9-25cc7d80cad8\" data-message-model-slug=\"gpt-4o\"><div class=\"flex w-full flex-col gap-1 empty:hidden first:pt-[3px]\"><div class=\"markdown prose w-full break-words dark:prose-invert light\"><p>La culture du corail n'est pas facile ; la passion seule ne suffit pas - la cr\u00e9ation d'un \u00e9cosyst\u00e8me prosp\u00e8re est essentielle. L'application koralCore nous permet de g\u00e9rer facilement des syst\u00e8mes complexes \u00e0 partir de nos smartphones, rendant la culture du corail plus simple et plus efficace.<\/p><\/div><\/div><\/div><\/div><div class=\"mb-2 flex gap-3 empty:hidden -ml-2\"><div class=\"items-center justify-start rounded-xl p-1 flex\"><div class=\"flex items-center\"><div class=\"flex items-center pb-0\">\u00a0<\/div><\/div><\/div><\/div>\t\t\t\t\t\t<\/div>\n\t\t\t\t<\/div>\n\t\t\t\t<\/div>\n\t\t<div class=\"elementor-element elementor-element-18dfa92 e-grid e-con-full e-con e-child\" data-id=\"18dfa92\" data-element_type=\"container\">\n\t\t\t\t<div class=\"elementor-element elementor-element-c7339ac elementor-widget elementor-widget-image\" data-id=\"c7339ac\" data-element_type=\"widget\" data-widget_type=\"image.default\">\n\t\t\t\t<div class=\"elementor-widget-container\">\n\t\t\t\t\t\t\t\t\t\t\t\t\t\t<a href=\"https:\/\/play.google.com\/store\/apps\/details?id=tw.com.crownelectronics.reefb&#038;hl=zh_HK&#038;utm_source=chatgpt.com\" target=\"_blank\">\n\t\t\t\t\t\t\t<img decoding=\"async\" width=\"569\" height=\"174\" data-src=\"https:\/\/www.reefb.com\/wp-content\/smush-webp\/2024\/10\/_20241024214012-e1729777266161.png.webp\" class=\"attachment-full size-full wp-image-1770 lazyload\" alt=\"\" data-srcset=\"https:\/\/www.reefb.com\/wp-content\/smush-webp\/2024\/10\/_20241024214012-e1729777266161.png.webp 569w, https:\/\/www.reefb.com\/wp-content\/smush-webp\/2024\/10\/_20241024214012-e1729777266161-300x92.png.webp 300w, https:\/\/www.reefb.com\/wp-content\/smush-webp\/2024\/10\/_20241024214012-e1729777266161-18x6.png.webp 18w, https:\/\/www.reefb.com\/wp-content\/smush-webp\/2024\/10\/_20241024214012-e1729777266161-150x46.png.webp 150w\" data-sizes=\"(max-width: 569px) 100vw, 569px\" src=\"data:image\/gif;base64,R0lGODlhAQABAAAAACH5BAEKAAEALAAAAAABAAEAAAICTAEAOw==\" style=\"--smush-placeholder-width: 569px; --smush-placeholder-aspect-ratio: 569\/174;\" \/><noscript><img decoding=\"async\" width=\"569\" height=\"174\" src=\"https:\/\/www.reefb.com\/wp-content\/uploads\/2024\/10\/_20241024214012-e1729777266161.png\" class=\"attachment-full size-full wp-image-1770\" alt=\"\" srcset=\"https:\/\/www.reefb.com\/wp-content\/uploads\/2024\/10\/_20241024214012-e1729777266161.png 569w, https:\/\/www.reefb.com\/wp-content\/uploads\/2024\/10\/_20241024214012-e1729777266161-300x92.png 300w, https:\/\/www.reefb.com\/wp-content\/uploads\/2024\/10\/_20241024214012-e1729777266161-18x6.png 18w, https:\/\/www.reefb.com\/wp-content\/uploads\/2024\/10\/_20241024214012-e1729777266161-150x46.png 150w\" sizes=\"(max-width: 569px) 100vw, 569px\" \/><\/noscript>\t\t\t\t\t\t\t\t<\/a>\n\t\t\t\t\t\t\t\t\t\t\t\t\t<\/div>\n\t\t\t\t<\/div>\n\t\t\t\t<div class=\"elementor-element elementor-element-0dd210a elementor-widget elementor-widget-image\" data-id=\"0dd210a\" data-element_type=\"widget\" data-widget_type=\"image.default\">\n\t\t\t\t<div class=\"elementor-widget-container\">\n\t\t\t\t\t\t\t\t\t\t\t\t\t\t<a href=\"https:\/\/apps.apple.com\/tw\/app\/reefb\/id6738972525\" target=\"_blank\">\n\t\t\t\t\t\t\t<img decoding=\"async\" width=\"119\" height=\"40\" data-src=\"https:\/\/www.reefb.com\/wp-content\/uploads\/2024\/10\/AppStore_en-us.svg\" class=\"attachment-large size-large wp-image-1773 lazyload\" alt=\"\" src=\"data:image\/gif;base64,R0lGODlhAQABAAAAACH5BAEKAAEALAAAAAABAAEAAAICTAEAOw==\" style=\"--smush-placeholder-width: 119px; --smush-placeholder-aspect-ratio: 119\/40;\" \/><noscript><img decoding=\"async\" width=\"119\" height=\"40\" src=\"https:\/\/www.reefb.com\/wp-content\/uploads\/2024\/10\/AppStore_en-us.svg\" class=\"attachment-large size-large wp-image-1773\" alt=\"\" \/><\/noscript>\t\t\t\t\t\t\t\t<\/a>\n\t\t\t\t\t\t\t\t\t\t\t\t\t<\/div>\n\t\t\t\t<\/div>\n\t\t\t\t<div class=\"elementor-element elementor-element-eaed79b elementor-widget elementor-widget-image\" data-id=\"eaed79b\" data-element_type=\"widget\" data-widget_type=\"image.default\">\n\t\t\t\t<div class=\"elementor-widget-container\">\n\t\t\t\t\t\t\t\t\t\t\t\t\t<img loading=\"lazy\" decoding=\"async\" width=\"619\" height=\"207\" data-src=\"https:\/\/www.reefb.com\/wp-content\/smush-webp\/2024\/10\/\u5fae\u4fe1\u56fe\u7247_20241024214016-1.png.webp\" class=\"attachment-large size-large wp-image-1772 lazyload\" alt=\"\" data-srcset=\"https:\/\/www.reefb.com\/wp-content\/smush-webp\/2024\/10\/\u5fae\u4fe1\u56fe\u7247_20241024214016-1.png.webp 619w, https:\/\/www.reefb.com\/wp-content\/smush-webp\/2024\/10\/\u5fae\u4fe1\u56fe\u7247_20241024214016-1-300x100.png.webp 300w, https:\/\/www.reefb.com\/wp-content\/smush-webp\/2024\/10\/\u5fae\u4fe1\u56fe\u7247_20241024214016-1-18x6.png.webp 18w, https:\/\/www.reefb.com\/wp-content\/smush-webp\/2024\/10\/\u5fae\u4fe1\u56fe\u7247_20241024214016-1-600x201.png.webp 600w, https:\/\/www.reefb.com\/wp-content\/smush-webp\/2024\/10\/\u5fae\u4fe1\u56fe\u7247_20241024214016-1-150x50.png.webp 150w\" data-sizes=\"(max-width: 619px) 100vw, 619px\" src=\"data:image\/gif;base64,R0lGODlhAQABAAAAACH5BAEKAAEALAAAAAABAAEAAAICTAEAOw==\" style=\"--smush-placeholder-width: 619px; --smush-placeholder-aspect-ratio: 619\/207;\" \/><noscript><img loading=\"lazy\" decoding=\"async\" width=\"619\" height=\"207\" src=\"https:\/\/www.reefb.com\/wp-content\/uploads\/2024\/10\/\u5fae\u4fe1\u56fe\u7247_20241024214016-1.png\" class=\"attachment-large size-large wp-image-1772\" alt=\"\" srcset=\"https:\/\/www.reefb.com\/wp-content\/uploads\/2024\/10\/\u5fae\u4fe1\u56fe\u7247_20241024214016-1.png 619w, https:\/\/www.reefb.com\/wp-content\/uploads\/2024\/10\/\u5fae\u4fe1\u56fe\u7247_20241024214016-1-300x100.png 300w, https:\/\/www.reefb.com\/wp-content\/uploads\/2024\/10\/\u5fae\u4fe1\u56fe\u7247_20241024214016-1-18x6.png 18w, https:\/\/www.reefb.com\/wp-content\/uploads\/2024\/10\/\u5fae\u4fe1\u56fe\u7247_20241024214016-1-600x201.png 600w, https:\/\/www.reefb.com\/wp-content\/uploads\/2024\/10\/\u5fae\u4fe1\u56fe\u7247_20241024214016-1-150x50.png 150w\" sizes=\"(max-width: 619px) 100vw, 619px\" \/><\/noscript>\t\t\t\t\t\t\t\t\t\t\t\t\t<\/div>\n\t\t\t\t<\/div>\n\t\t\t\t<\/div>\n\t\t\t\t<\/div>\n\t\t\t\t\t<\/div>\n\t\t\t\t<\/div>\n\t\t<div class=\"elementor-element elementor-element-c4dbb01 e-flex e-con-boxed e-con e-parent\" data-id=\"c4dbb01\" data-element_type=\"container\" data-settings=\"{&quot;background_background&quot;:&quot;classic&quot;}\">\n\t\t\t\t\t<div class=\"e-con-inner\">\n\t\t<div class=\"elementor-element elementor-element-b258a99 e-con-full e-flex e-con e-child\" data-id=\"b258a99\" data-element_type=\"container\">\n\t\t\t\t<div class=\"elementor-element elementor-element-7fdc7ab elementor-widget elementor-widget-image\" data-id=\"7fdc7ab\" data-element_type=\"widget\" data-widget_type=\"image.default\">\n\t\t\t\t<div class=\"elementor-widget-container\">\n\t\t\t\t\t\t\t\t\t\t\t\t\t<img loading=\"lazy\" decoding=\"async\" width=\"662\" height=\"704\" data-src=\"https:\/\/www.reefb.com\/wp-content\/smush-webp\/2024\/09\/g79.png.webp\" class=\"attachment-full size-full wp-image-444 lazyload\" alt=\"\" data-srcset=\"https:\/\/www.reefb.com\/wp-content\/smush-webp\/2024\/09\/g79.png.webp 662w, https:\/\/www.reefb.com\/wp-content\/smush-webp\/2024\/09\/g79-282x300.png.webp 282w, https:\/\/www.reefb.com\/wp-content\/smush-webp\/2024\/09\/g79-600x638.png.webp 600w, https:\/\/www.reefb.com\/wp-content\/smush-webp\/2024\/09\/g79-150x160.png.webp 150w\" data-sizes=\"(max-width: 662px) 100vw, 662px\" src=\"data:image\/gif;base64,R0lGODlhAQABAAAAACH5BAEKAAEALAAAAAABAAEAAAICTAEAOw==\" style=\"--smush-placeholder-width: 662px; --smush-placeholder-aspect-ratio: 662\/704;\" \/><noscript><img loading=\"lazy\" decoding=\"async\" width=\"662\" height=\"704\" src=\"https:\/\/www.reefb.com\/wp-content\/uploads\/2024\/09\/g79.png\" class=\"attachment-full size-full wp-image-444\" alt=\"\" srcset=\"https:\/\/www.reefb.com\/wp-content\/uploads\/2024\/09\/g79.png 662w, https:\/\/www.reefb.com\/wp-content\/uploads\/2024\/09\/g79-282x300.png 282w, https:\/\/www.reefb.com\/wp-content\/uploads\/2024\/09\/g79-600x638.png 600w, https:\/\/www.reefb.com\/wp-content\/uploads\/2024\/09\/g79-150x160.png 150w\" sizes=\"(max-width: 662px) 100vw, 662px\" \/><\/noscript>\t\t\t\t\t\t\t\t\t\t\t\t\t<\/div>\n\t\t\t\t<\/div>\n\t\t\t\t<\/div>\n\t\t<div class=\"elementor-element elementor-element-f9064d2 e-con-full e-flex e-con e-child\" data-id=\"f9064d2\" data-element_type=\"container\">\n\t\t<div class=\"elementor-element elementor-element-704ddda e-con-full e-flex e-con e-child\" data-id=\"704ddda\" data-element_type=\"container\">\n\t\t\t\t<div class=\"elementor-element elementor-element-2a8243a elementor-widget elementor-widget-heading\" data-id=\"2a8243a\" data-element_type=\"widget\" data-widget_type=\"heading.default\">\n\t\t\t\t<div class=\"elementor-widget-container\">\n\t\t\t<h2 class=\"elementor-heading-title elementor-size-default\">Des progr\u00e8s continus et ininterrompus<\/h2>\t\t<\/div>\n\t\t\t\t<\/div>\n\t\t\t\t<div class=\"elementor-element elementor-element-9290c84 color-scheme-inherit text-left elementor-widget elementor-widget-text-editor\" data-id=\"9290c84\" data-element_type=\"widget\" data-widget_type=\"text-editor.default\">\n\t\t\t\t<div class=\"elementor-widget-container\">\n\t\t\t\t\t\t\t<p>Dans les ann\u00e9es \u00e0 venir, Reef B int\u00e9grera tous les \u00e9quipements de contr\u00f4le environnemental n\u00e9cessaires \u00e0 l'\u00e9levage de coraux. Avec un simple smartphone, il est facile de surveiller et de contr\u00f4ler l'environnement, et de construire Votre syst\u00e8me d'aquaculture permet \u00e0 tout le monde d'entrer facilement dans le monde de l'aquaculture marine.<\/p>\t\t\t\t\t\t<\/div>\n\t\t\t\t<\/div>\n\t\t\t\t<\/div>\n\t\t\t\t<\/div>\n\t\t\t\t\t<\/div>\n\t\t\t\t<\/div>\n\t\t\t\t<\/div>","protected":false},"excerpt":{"rendered":"<p>Cr\u00e9ation simple d'un \u00e9cosyst\u00e8me corallien L'\u00e9levage de coraux n'est pas facile ; la passion seule ne suffit pas - il est essentiel de cr\u00e9er un \u00e9cosyst\u00e8me prosp\u00e8re. La<\/p>","protected":false},"author":1,"featured_media":0,"parent":0,"menu_order":0,"comment_status":"closed","ping_status":"closed","template":"","meta":{"_acf_changed":false,"footnotes":""},"class_list":["post-426","page","type-page","status-publish","hentry"],"acf":[],"yoast_head":"<!-- This site is optimized with the Yoast SEO plugin v20.11 - https:\/\/yoast.com\/wordpress\/plugins\/seo\/ -->\n<title>Koralcore APP - REEFB<\/title>\n<meta name=\"robots\" content=\"index, follow, max-snippet:-1, max-image-preview:large, max-video-preview:-1\" \/>\n<link rel=\"canonical\" href=\"https:\/\/www.reefb.com\/fr\/koralcore-app\/\" \/>\n<meta property=\"og:locale\" content=\"fr_FR\" \/>\n<meta property=\"og:type\" content=\"article\" \/>\n<meta property=\"og:title\" content=\"Koralcore APP - REEFB\" \/>\n<meta property=\"og:description\" content=\"Simple Creation of a Coral Ecosystem Coral farming isn\u2019t easy; passion alone isn\u2019t enough\u2014creating a thriving ecosystem is essential. The\" \/>\n<meta property=\"og:url\" content=\"https:\/\/www.reefb.com\/fr\/koralcore-app\/\" \/>\n<meta property=\"og:site_name\" content=\"REEFB\" \/>\n<meta property=\"article:modified_time\" content=\"2025-03-14T13:23:32+00:00\" \/>\n<meta property=\"og:image\" content=\"https:\/\/www.reefb.com\/wp-content\/uploads\/2024\/11\/koralCore_APP_01f.png\" \/>\n<meta name=\"twitter:card\" content=\"summary_large_image\" \/>\n<meta name=\"twitter:label1\" content=\"Dur\u00e9e de lecture estim\u00e9e\" \/>\n\t<meta name=\"twitter:data1\" content=\"2 minutes\" \/>\n<script type=\"application\/ld+json\" class=\"yoast-schema-graph\">{\"@context\":\"https:\/\/schema.org\",\"@graph\":[{\"@type\":\"WebPage\",\"@id\":\"https:\/\/www.reefb.com\/koralcore-app\/\",\"url\":\"https:\/\/www.reefb.com\/koralcore-app\/\",\"name\":\"Koralcore APP - REEFB\",\"isPartOf\":{\"@id\":\"https:\/\/www.reefb.com\/#website\"},\"datePublished\":\"2024-09-23T03:21:26+00:00\",\"dateModified\":\"2025-03-14T13:23:32+00:00\",\"breadcrumb\":{\"@id\":\"https:\/\/www.reefb.com\/koralcore-app\/#breadcrumb\"},\"inLanguage\":\"fr-FR\",\"potentialAction\":[{\"@type\":\"ReadAction\",\"target\":[\"https:\/\/www.reefb.com\/koralcore-app\/\"]}]},{\"@type\":\"BreadcrumbList\",\"@id\":\"https:\/\/www.reefb.com\/koralcore-app\/#breadcrumb\",\"itemListElement\":[{\"@type\":\"ListItem\",\"position\":1,\"name\":\"\u9996\u9875\",\"item\":\"https:\/\/www.reefb.com\/\"},{\"@type\":\"ListItem\",\"position\":2,\"name\":\"Koralcore APP\"}]},{\"@type\":\"WebSite\",\"@id\":\"https:\/\/www.reefb.com\/#website\",\"url\":\"https:\/\/www.reefb.com\/\",\"name\":\"REEFB\",\"description\":\"\",\"potentialAction\":[{\"@type\":\"SearchAction\",\"target\":{\"@type\":\"EntryPoint\",\"urlTemplate\":\"https:\/\/www.reefb.com\/?s={search_term_string}\"},\"query-input\":\"required name=search_term_string\"}],\"inLanguage\":\"fr-FR\"}]}<\/script>\n<!-- \/ Yoast SEO plugin. -->","yoast_head_json":{"title":"Koralcore APP - REEFB","robots":{"index":"index","follow":"follow","max-snippet":"max-snippet:-1","max-image-preview":"max-image-preview:large","max-video-preview":"max-video-preview:-1"},"canonical":"https:\/\/www.reefb.com\/fr\/koralcore-app\/","og_locale":"fr_FR","og_type":"article","og_title":"Koralcore APP - REEFB","og_description":"Simple Creation of a Coral Ecosystem Coral farming isn\u2019t easy; passion alone isn\u2019t enough\u2014creating a thriving ecosystem is essential. The","og_url":"https:\/\/www.reefb.com\/fr\/koralcore-app\/","og_site_name":"REEFB","article_modified_time":"2025-03-14T13:23:32+00:00","og_image":[{"url":"https:\/\/www.reefb.com\/wp-content\/uploads\/2024\/11\/koralCore_APP_01f.png"}],"twitter_card":"summary_large_image","twitter_misc":{"Dur\u00e9e de lecture estim\u00e9e":"2 minutes"},"schema":{"@context":"https:\/\/schema.org","@graph":[{"@type":"WebPage","@id":"https:\/\/www.reefb.com\/koralcore-app\/","url":"https:\/\/www.reefb.com\/koralcore-app\/","name":"Koralcore APP - REEFB","isPartOf":{"@id":"https:\/\/www.reefb.com\/#website"},"datePublished":"2024-09-23T03:21:26+00:00","dateModified":"2025-03-14T13:23:32+00:00","breadcrumb":{"@id":"https:\/\/www.reefb.com\/koralcore-app\/#breadcrumb"},"inLanguage":"fr-FR","potentialAction":[{"@type":"ReadAction","target":["https:\/\/www.reefb.com\/koralcore-app\/"]}]},{"@type":"BreadcrumbList","@id":"https:\/\/www.reefb.com\/koralcore-app\/#breadcrumb","itemListElement":[{"@type":"ListItem","position":1,"name":"\u9996\u9875","item":"https:\/\/www.reefb.com\/"},{"@type":"ListItem","position":2,"name":"Koralcore APP"}]},{"@type":"WebSite","@id":"https:\/\/www.reefb.com\/#website","url":"https:\/\/www.reefb.com\/","name":"REEFB","description":"","potentialAction":[{"@type":"SearchAction","target":{"@type":"EntryPoint","urlTemplate":"https:\/\/www.reefb.com\/?s={search_term_string}"},"query-input":"required name=search_term_string"}],"inLanguage":"fr-FR"}]}},"_links":{"self":[{"href":"https:\/\/www.reefb.com\/fr\/wp-json\/wp\/v2\/pages\/426","targetHints":{"allow":["GET"]}}],"collection":[{"href":"https:\/\/www.reefb.com\/fr\/wp-json\/wp\/v2\/pages"}],"about":[{"href":"https:\/\/www.reefb.com\/fr\/wp-json\/wp\/v2\/types\/page"}],"author":[{"embeddable":true,"href":"https:\/\/www.reefb.com\/fr\/wp-json\/wp\/v2\/users\/1"}],"replies":[{"embeddable":true,"href":"https:\/\/www.reefb.com\/fr\/wp-json\/wp\/v2\/comments?post=426"}],"version-history":[{"count":30,"href":"https:\/\/www.reefb.com\/fr\/wp-json\/wp\/v2\/pages\/426\/revisions"}],"predecessor-version":[{"id":3649,"href":"https:\/\/www.reefb.com\/fr\/wp-json\/wp\/v2\/pages\/426\/revisions\/3649"}],"wp:attachment":[{"href":"https:\/\/www.reefb.com\/fr\/wp-json\/wp\/v2\/media?parent=426"}],"curies":[{"name":"wp","href":"https:\/\/api.w.org\/{rel}","templated":true}]}}