{"id":454,"date":"2024-09-23T11:33:40","date_gmt":"2024-09-23T03:33:40","guid":{"rendered":"https:\/\/www.reefb.com\/?page_id=454"},"modified":"2025-07-23T12:20:27","modified_gmt":"2025-07-23T04:20:27","slug":"contact-us","status":"publish","type":"page","link":"https:\/\/www.reefb.com\/es\/contact-us\/","title":{"rendered":"Contacte con nosotros"},"content":{"rendered":"<div data-elementor-type=\"wp-page\" data-elementor-id=\"454\" class=\"elementor elementor-454\" data-elementor-post-type=\"page\">\n\t\t\t\t<div class=\"elementor-element elementor-element-20c5d46 e-con-full elementor-hidden-desktop elementor-hidden-tablet elementor-hidden-mobile e-flex e-con e-parent\" data-id=\"20c5d46\" data-element_type=\"container\">\n\t\t\t\t<div class=\"elementor-element elementor-element-9eec91d elementor-widget elementor-widget-heading\" data-id=\"9eec91d\" data-element_type=\"widget\" data-widget_type=\"heading.default\">\n\t\t\t\t<div class=\"elementor-widget-container\">\n\t\t\t<h2 class=\"elementor-heading-title elementor-size-default\">P\u00f3ngase en contacto<\/h2>\t\t<\/div>\n\t\t\t\t<\/div>\n\t\t\t\t<div class=\"elementor-element elementor-element-829684d elementor-widget-divider--view-line elementor-widget elementor-widget-divider\" data-id=\"829684d\" data-element_type=\"widget\" data-widget_type=\"divider.default\">\n\t\t\t\t<div class=\"elementor-widget-container\">\n\t\t\t\t\t<div class=\"elementor-divider\">\n\t\t\t<span class=\"elementor-divider-separator\">\n\t\t\t\t\t\t<\/span>\n\t\t<\/div>\n\t\t\t\t<\/div>\n\t\t\t\t<\/div>\n\t\t\t\t<div class=\"elementor-element elementor-element-166ac41 elementor-button-align-start Page_ContactForm elementor-widget elementor-widget-form\" data-id=\"166ac41\" data-element_type=\"widget\" data-settings=\"{&quot;step_next_label&quot;:&quot;Next&quot;,&quot;step_previous_label&quot;:&quot;Previous&quot;,&quot;button_width&quot;:&quot;100&quot;,&quot;step_type&quot;:&quot;number_text&quot;,&quot;step_icon_shape&quot;:&quot;circle&quot;}\" data-widget_type=\"form.default\">\n\t\t\t\t<div class=\"elementor-widget-container\">\n\t\t\t\t\t<form class=\"elementor-form\" method=\"post\" name=\"New Form\" action=\"\">\n\t\t\t<input type=\"hidden\" name=\"post_id\" value=\"454\"\/>\n\t\t\t<input type=\"hidden\" name=\"form_id\" value=\"166ac41\"\/>\n\t\t\t<input type=\"hidden\" name=\"referer_title\" value=\"REEFB\" \/>\n\n\t\t\t\n\t\t\t<div class=\"elementor-form-fields-wrapper elementor-labels-above\">\n\t\t\t\t\t\t\t\t<div class=\"elementor-field-type-text elementor-field-group elementor-column elementor-field-group-field_c976ea2 elementor-col-100 elementor-field-required elementor-mark-required\">\n\t\t\t\t\t\t\t\t\t\t\t\t<label for=\"form-field-field_c976ea2\" class=\"elementor-field-label\">\n\t\t\t\t\t\t\t\tApellido\t\t\t\t\t\t\t<\/label>\n\t\t\t\t\t\t\t\t\t\t\t\t\t\t<input size=\"1\" type=\"text\" name=\"form_fields[field_c976ea2]\" id=\"form-field-field_c976ea2\" class=\"elementor-field elementor-size-sm  elementor-field-textual\" required=\"required\" aria-required=\"true\">\n\t\t\t\t\t\t\t\t\t\t\t<\/div>\n\t\t\t\t\t\t\t\t<div class=\"elementor-field-type-text elementor-field-group elementor-column elementor-field-group-field_a4bcc6d elementor-col-100 elementor-field-required elementor-mark-required\">\n\t\t\t\t\t\t\t\t\t\t\t\t<label for=\"form-field-field_a4bcc6d\" class=\"elementor-field-label\">\n\t\t\t\t\t\t\t\tNombre\t\t\t\t\t\t\t<\/label>\n\t\t\t\t\t\t\t\t\t\t\t\t\t\t<input size=\"1\" type=\"text\" name=\"form_fields[field_a4bcc6d]\" id=\"form-field-field_a4bcc6d\" class=\"elementor-field elementor-size-sm  elementor-field-textual\" required=\"required\" aria-required=\"true\">\n\t\t\t\t\t\t\t\t\t\t\t<\/div>\n\t\t\t\t\t\t\t\t<div class=\"elementor-field-type-select elementor-field-group elementor-column elementor-field-group-name elementor-col-100 elementor-field-required elementor-mark-required\">\n\t\t\t\t\t\t\t\t\t\t\t\t<label for=\"form-field-name\" class=\"elementor-field-label\">\n\t\t\t\t\t\t\t\tPa\u00eds o ubicaci\u00f3n\t\t\t\t\t\t\t<\/label>\n\t\t\t\t\t\t\t\t<div class=\"elementor-field elementor-select-wrapper remove-before\">\n\t\t\t<div class=\"select-caret-down-wrapper\">\n\t\t\t\t<svg aria-hidden=\"true\" class=\"e-font-icon-svg e-eicon-caret-down\" viewbox=\"0 0 571.4 571.4\" xmlns=\"http:\/\/www.w3.org\/2000\/svg\"><path d=\"M571 393Q571 407 561 418L311 668Q300 679 286 679T261 668L11 418Q0 407 0 393T11 368 36 357H536Q550 357 561 368T571 393Z\"><\/path><\/svg>\t\t\t<\/div>\n\t\t\t<select name=\"form_fields[name]\" id=\"form-field-name\" class=\"elementor-field-textual elementor-size-sm\" required=\"required\" aria-required=\"true\">\n\t\t\t\t\t\t\t\t\t<option value=\"Afghanistan\">Afganist\u00e1n<\/option>\n\t\t\t\t\t\t\t\t\t<option value=\"Albania\">Albania<\/option>\n\t\t\t\t\t\t\t\t\t<option value=\"Algeria\">Argelia<\/option>\n\t\t\t\t\t\t\t\t\t<option value=\"Andorra\">Andorra<\/option>\n\t\t\t\t\t\t\t\t\t<option value=\"Angola\">Angola<\/option>\n\t\t\t\t\t\t\t\t\t<option value=\"Antigua and Barbuda\">Antigua y Barbuda<\/option>\n\t\t\t\t\t\t\t\t\t<option value=\"Argentina\">Argentina<\/option>\n\t\t\t\t\t\t\t\t\t<option value=\"Armenia\">Armenia<\/option>\n\t\t\t\t\t\t\t\t\t<option value=\"Australia\">Australia<\/option>\n\t\t\t\t\t\t\t\t\t<option value=\"Austria\">Austria<\/option>\n\t\t\t\t\t\t\t\t\t<option value=\"Azerbaijan\">Azerbaiy\u00e1n<\/option>\n\t\t\t\t\t\t\t\t\t<option value=\"Bahamas\">Bahamas<\/option>\n\t\t\t\t\t\t\t\t\t<option value=\"Bahrain\">Bahrein<\/option>\n\t\t\t\t\t\t\t\t\t<option value=\"Bangladesh\">Bangladesh<\/option>\n\t\t\t\t\t\t\t\t\t<option value=\"Barbados\">Barbados<\/option>\n\t\t\t\t\t\t\t\t\t<option value=\"Belarus\">Bielorrusia<\/option>\n\t\t\t\t\t\t\t\t\t<option value=\"Belgium\">B\u00e9lgica<\/option>\n\t\t\t\t\t\t\t\t\t<option value=\"Belize\">Belice<\/option>\n\t\t\t\t\t\t\t\t\t<option value=\"Benin\">Ben\u00edn<\/option>\n\t\t\t\t\t\t\t\t\t<option value=\"Bhutan\">But\u00e1n<\/option>\n\t\t\t\t\t\t\t\t\t<option value=\"Bolivia\">Bolivia<\/option>\n\t\t\t\t\t\t\t\t\t<option value=\"Bosnia and Herzegovina\">Bosnia y Herzegovina<\/option>\n\t\t\t\t\t\t\t\t\t<option value=\"Botswana\">Botsuana<\/option>\n\t\t\t\t\t\t\t\t\t<option value=\"Brazil\">Brasil<\/option>\n\t\t\t\t\t\t\t\t\t<option value=\"Brunei\">Brunei<\/option>\n\t\t\t\t\t\t\t\t\t<option value=\"Bulgaria\">Bulgaria<\/option>\n\t\t\t\t\t\t\t\t\t<option value=\"Burkina Faso\">Burkina Faso<\/option>\n\t\t\t\t\t\t\t\t\t<option value=\"Burundi\">Burundi<\/option>\n\t\t\t\t\t\t\t\t\t<option value=\"Cabo Verde\">Cabo Verde<\/option>\n\t\t\t\t\t\t\t\t\t<option value=\"Cambodia\">Camboya<\/option>\n\t\t\t\t\t\t\t\t\t<option value=\"Cameroon\">Camer\u00fan<\/option>\n\t\t\t\t\t\t\t\t\t<option value=\"Canada\">Canad\u00e1<\/option>\n\t\t\t\t\t\t\t\t\t<option value=\"Central African Republic\">Rep\u00fablica Centroafricana<\/option>\n\t\t\t\t\t\t\t\t\t<option value=\"Chad\">Chad<\/option>\n\t\t\t\t\t\t\t\t\t<option value=\"Chile\">Chile<\/option>\n\t\t\t\t\t\t\t\t\t<option value=\"China\">China<\/option>\n\t\t\t\t\t\t\t\t\t<option value=\"Colombia\">Colombia<\/option>\n\t\t\t\t\t\t\t\t\t<option value=\"Comoros\">Comoras<\/option>\n\t\t\t\t\t\t\t\t\t<option value=\"Congo (Congo-Brazzaville)\">Congo (Congo-Brazzaville)<\/option>\n\t\t\t\t\t\t\t\t\t<option value=\"Costa Rica\">Costa Rica<\/option>\n\t\t\t\t\t\t\t\t\t<option value=\"Croatia\">Croacia<\/option>\n\t\t\t\t\t\t\t\t\t<option value=\"Cuba\">Cuba<\/option>\n\t\t\t\t\t\t\t\t\t<option value=\"Cyprus\">Chipre<\/option>\n\t\t\t\t\t\t\t\t\t<option value=\"Czechia\">Chequia<\/option>\n\t\t\t\t\t\t\t\t\t<option value=\"Denmark\">Dinamarca<\/option>\n\t\t\t\t\t\t\t\t\t<option value=\"Djibouti\">Yibuti<\/option>\n\t\t\t\t\t\t\t\t\t<option value=\"Dominica\">Dominica<\/option>\n\t\t\t\t\t\t\t\t\t<option value=\"Dominican Republic\">Rep\u00fablica Dominicana<\/option>\n\t\t\t\t\t\t\t\t\t<option value=\"Ecuador\">Ecuador<\/option>\n\t\t\t\t\t\t\t\t\t<option value=\"Egypt\">Egipto<\/option>\n\t\t\t\t\t\t\t\t\t<option value=\"El Salvador\">El Salvador<\/option>\n\t\t\t\t\t\t\t\t\t<option value=\"Equatorial Guinea\">Guinea Ecuatorial<\/option>\n\t\t\t\t\t\t\t\t\t<option value=\"Eritrea\">Eritrea<\/option>\n\t\t\t\t\t\t\t\t\t<option value=\"Estonia\">Estonia<\/option>\n\t\t\t\t\t\t\t\t\t<option value=\"Eswatini\">Eswatini<\/option>\n\t\t\t\t\t\t\t\t\t<option value=\"Ethiopia\">Etiop\u00eda<\/option>\n\t\t\t\t\t\t\t\t\t<option value=\"Fiji\">Fiyi<\/option>\n\t\t\t\t\t\t\t\t\t<option value=\"Finland\">Finlandia<\/option>\n\t\t\t\t\t\t\t\t\t<option value=\"France\">Francia<\/option>\n\t\t\t\t\t\t\t\t\t<option value=\"Gabon\">Gab\u00f3n<\/option>\n\t\t\t\t\t\t\t\t\t<option value=\"Gambia\">Gambia<\/option>\n\t\t\t\t\t\t\t\t\t<option value=\"Georgia\">Georgia<\/option>\n\t\t\t\t\t\t\t\t\t<option value=\"Germany\">Alemania<\/option>\n\t\t\t\t\t\t\t\t\t<option value=\"Ghana\">Ghana<\/option>\n\t\t\t\t\t\t\t\t\t<option value=\"Greece\">Grecia<\/option>\n\t\t\t\t\t\t\t\t\t<option value=\"Grenada\">Granada<\/option>\n\t\t\t\t\t\t\t\t\t<option value=\"Guatemala\">Guatemala<\/option>\n\t\t\t\t\t\t\t\t\t<option value=\"Guinea\">Guinea<\/option>\n\t\t\t\t\t\t\t\t\t<option value=\"Guinea-Bissau\">Guinea-Bissau<\/option>\n\t\t\t\t\t\t\t\t\t<option value=\"Guyana\">Guyana<\/option>\n\t\t\t\t\t\t\t\t\t<option value=\"Haiti\">Hait\u00ed<\/option>\n\t\t\t\t\t\t\t\t\t<option value=\"Honduras\">Honduras<\/option>\n\t\t\t\t\t\t\t\t\t<option value=\"Hungary\">Hungr\u00eda<\/option>\n\t\t\t\t\t\t\t\t\t<option value=\"Iceland\">Islandia<\/option>\n\t\t\t\t\t\t\t\t\t<option value=\"India\">India<\/option>\n\t\t\t\t\t\t\t\t\t<option value=\"Indonesia\">Indonesia<\/option>\n\t\t\t\t\t\t\t\t\t<option value=\"Iran\">Ir\u00e1n<\/option>\n\t\t\t\t\t\t\t\t\t<option value=\"Iraq\">Iraq<\/option>\n\t\t\t\t\t\t\t\t\t<option value=\"Ireland\">Irlanda<\/option>\n\t\t\t\t\t\t\t\t\t<option value=\"Israel\">Israel<\/option>\n\t\t\t\t\t\t\t\t\t<option value=\"Italy\">Italia<\/option>\n\t\t\t\t\t\t\t\t\t<option value=\"Jamaica\">Jamaica<\/option>\n\t\t\t\t\t\t\t\t\t<option value=\"Japan\">Jap\u00f3n<\/option>\n\t\t\t\t\t\t\t\t\t<option value=\"Jordan\">Jordan<\/option>\n\t\t\t\t\t\t\t\t\t<option value=\"Kazakhstan\">Kazajst\u00e1n<\/option>\n\t\t\t\t\t\t\t\t\t<option value=\"Kenya\">Kenia<\/option>\n\t\t\t\t\t\t\t\t\t<option value=\"Kiribati\">Kiribati<\/option>\n\t\t\t\t\t\t\t\t\t<option value=\"Korea (North)\">Corea del Norte<\/option>\n\t\t\t\t\t\t\t\t\t<option value=\"Korea (South)\">Corea del Sur<\/option>\n\t\t\t\t\t\t\t\t\t<option value=\"Kuwait\">Kuwait<\/option>\n\t\t\t\t\t\t\t\t\t<option value=\"Kyrgyzstan\">Kirguist\u00e1n<\/option>\n\t\t\t\t\t\t\t\t\t<option value=\"Laos\">Laos<\/option>\n\t\t\t\t\t\t\t\t\t<option value=\"Latvia\">Letonia<\/option>\n\t\t\t\t\t\t\t\t\t<option value=\"Lebanon\">L\u00edbano<\/option>\n\t\t\t\t\t\t\t\t\t<option value=\"Lesotho\">Lesotho<\/option>\n\t\t\t\t\t\t\t\t\t<option value=\"Liberia\">Liberia<\/option>\n\t\t\t\t\t\t\t\t\t<option value=\"Libya\">Libia<\/option>\n\t\t\t\t\t\t\t\t\t<option value=\"Liechtenstein\">Liechtenstein<\/option>\n\t\t\t\t\t\t\t\t\t<option value=\"Lithuania\">Lituania<\/option>\n\t\t\t\t\t\t\t\t\t<option value=\"Luxembourg\">Luxemburgo<\/option>\n\t\t\t\t\t\t\t\t\t<option value=\"Madagascar\">Madagascar<\/option>\n\t\t\t\t\t\t\t\t\t<option value=\"Malawi\">Malawi<\/option>\n\t\t\t\t\t\t\t\t\t<option value=\"Malaysia\">Malasia<\/option>\n\t\t\t\t\t\t\t\t\t<option value=\"Maldives\">Maldivas<\/option>\n\t\t\t\t\t\t\t\t\t<option value=\"Mali\">Mali<\/option>\n\t\t\t\t\t\t\t\t\t<option value=\"Malta\">Malta<\/option>\n\t\t\t\t\t\t\t\t\t<option value=\"Marshall Islands\">Islas Marshall<\/option>\n\t\t\t\t\t\t\t\t\t<option value=\"Mauritania\">Mauritania<\/option>\n\t\t\t\t\t\t\t\t\t<option value=\"Mauritius\">Mauricio<\/option>\n\t\t\t\t\t\t\t\t\t<option value=\"Mexico\">M\u00e9xico<\/option>\n\t\t\t\t\t\t\t\t\t<option value=\"Micronesia\">Micronesia<\/option>\n\t\t\t\t\t\t\t\t\t<option value=\"Moldova\">Moldavia<\/option>\n\t\t\t\t\t\t\t\t\t<option value=\"Monaco\">M\u00f3naco<\/option>\n\t\t\t\t\t\t\t\t\t<option value=\"Mongolia\">Mongolia<\/option>\n\t\t\t\t\t\t\t\t\t<option value=\"Montenegro\">Montenegro<\/option>\n\t\t\t\t\t\t\t\t\t<option value=\"Morocco\">Marruecos<\/option>\n\t\t\t\t\t\t\t\t\t<option value=\"Mozambique\">Mozambique<\/option>\n\t\t\t\t\t\t\t\t\t<option value=\"Myanmar\">Myanmar<\/option>\n\t\t\t\t\t\t\t\t\t<option value=\"Namibia\">Namibia<\/option>\n\t\t\t\t\t\t\t\t\t<option value=\"Nauru\">Nauru<\/option>\n\t\t\t\t\t\t\t\t\t<option value=\"Nepal\">Nepal<\/option>\n\t\t\t\t\t\t\t\t\t<option value=\"Netherlands\">Pa\u00edses Bajos<\/option>\n\t\t\t\t\t\t\t\t\t<option value=\"New Zealand\">Nueva Zelanda<\/option>\n\t\t\t\t\t\t\t\t\t<option value=\"Nicaragua\">Nicaragua<\/option>\n\t\t\t\t\t\t\t\t\t<option value=\"Niger\">N\u00edger<\/option>\n\t\t\t\t\t\t\t\t\t<option value=\"Nigeria\">Nigeria<\/option>\n\t\t\t\t\t\t\t\t\t<option value=\"North Macedonia\">Macedonia del Norte<\/option>\n\t\t\t\t\t\t\t\t\t<option value=\"Norway\">Noruega<\/option>\n\t\t\t\t\t\t\t\t\t<option value=\"Oman\">Om\u00e1n<\/option>\n\t\t\t\t\t\t\t\t\t<option value=\"Pakistan\">Pakist\u00e1n<\/option>\n\t\t\t\t\t\t\t\t\t<option value=\"Palau\">Palau<\/option>\n\t\t\t\t\t\t\t\t\t<option value=\"Palestine State\">Estado Palestino<\/option>\n\t\t\t\t\t\t\t\t\t<option value=\"Panama\">Panam\u00e1<\/option>\n\t\t\t\t\t\t\t\t\t<option value=\"Papua New Guinea\">Pap\u00faa Nueva Guinea<\/option>\n\t\t\t\t\t\t\t\t\t<option value=\"Paraguay\">Paraguay<\/option>\n\t\t\t\t\t\t\t\t\t<option value=\"Peru\">Per\u00fa<\/option>\n\t\t\t\t\t\t\t\t\t<option value=\"Philippines\">Filipinas<\/option>\n\t\t\t\t\t\t\t\t\t<option value=\"Poland\">Polonia<\/option>\n\t\t\t\t\t\t\t\t\t<option value=\"Portugal\">Portugal<\/option>\n\t\t\t\t\t\t\t\t\t<option value=\"Qatar\">Qatar<\/option>\n\t\t\t\t\t\t\t\t\t<option value=\"Romania\">Ruman\u00eda<\/option>\n\t\t\t\t\t\t\t\t\t<option value=\"Russia\">Rusia<\/option>\n\t\t\t\t\t\t\t\t\t<option value=\"Rwanda\">Ruanda<\/option>\n\t\t\t\t\t\t\t\t\t<option value=\"Saint Kitts and Nevis\">San Crist\u00f3bal y Nieves<\/option>\n\t\t\t\t\t\t\t\t\t<option value=\"Saint Lucia\">Santa Luc\u00eda<\/option>\n\t\t\t\t\t\t\t\t\t<option value=\"Saint Vincent and the Grenadines\">San Vicente y las Granadinas<\/option>\n\t\t\t\t\t\t\t\t\t<option value=\"Samoa\">Samoa<\/option>\n\t\t\t\t\t\t\t\t\t<option value=\"San Marino\">San Marino<\/option>\n\t\t\t\t\t\t\t\t\t<option value=\"Sao Tome and Principe\">Santo Tom\u00e9 y Pr\u00edncipe<\/option>\n\t\t\t\t\t\t\t\t\t<option value=\"Saudi Arabia\">Arabia Saud\u00ed<\/option>\n\t\t\t\t\t\t\t\t\t<option value=\"Senegal\">Senegal<\/option>\n\t\t\t\t\t\t\t\t\t<option value=\"Serbia\">Serbia<\/option>\n\t\t\t\t\t\t\t\t\t<option value=\"Seychelles\">Seychelles<\/option>\n\t\t\t\t\t\t\t\t\t<option value=\"Sierra Leone\">Sierra Leona<\/option>\n\t\t\t\t\t\t\t\t\t<option value=\"Singapore\">Singapur<\/option>\n\t\t\t\t\t\t\t\t\t<option value=\"Slovakia\">Eslovaquia<\/option>\n\t\t\t\t\t\t\t\t\t<option value=\"Slovenia\">Eslovenia<\/option>\n\t\t\t\t\t\t\t\t\t<option value=\"Solomon Islands\">Islas Salom\u00f3n<\/option>\n\t\t\t\t\t\t\t\t\t<option value=\"Somalia\">Somalia<\/option>\n\t\t\t\t\t\t\t\t\t<option value=\"South Africa\">Sud\u00e1frica<\/option>\n\t\t\t\t\t\t\t\t\t<option value=\"South Sudan\">Sud\u00e1n del Sur<\/option>\n\t\t\t\t\t\t\t\t\t<option value=\"Spain\">Espa\u00f1a<\/option>\n\t\t\t\t\t\t\t\t\t<option value=\"Sri Lanka\">Sri Lanka<\/option>\n\t\t\t\t\t\t\t\t\t<option value=\"Sudan\">Sud\u00e1n<\/option>\n\t\t\t\t\t\t\t\t\t<option value=\"Suriname\">Surinam<\/option>\n\t\t\t\t\t\t\t\t\t<option value=\"Sweden\">Suecia<\/option>\n\t\t\t\t\t\t\t\t\t<option value=\"Switzerland\">Suiza<\/option>\n\t\t\t\t\t\t\t\t\t<option value=\"Syria\">Siria<\/option>\n\t\t\t\t\t\t\t\t\t<option value=\"Taiwan\">Taiw\u00e1n<\/option>\n\t\t\t\t\t\t\t\t\t<option value=\"Tajikistan\">Tayikist\u00e1n<\/option>\n\t\t\t\t\t\t\t\t\t<option value=\"Tanzania\">Tanzania<\/option>\n\t\t\t\t\t\t\t\t\t<option value=\"Thailand\">Tailandia<\/option>\n\t\t\t\t\t\t\t\t\t<option value=\"Timor-Leste\">Timor Oriental<\/option>\n\t\t\t\t\t\t\t\t\t<option value=\"Togo\">Togo<\/option>\n\t\t\t\t\t\t\t\t\t<option value=\"Tonga\">Tonga<\/option>\n\t\t\t\t\t\t\t\t\t<option value=\"Trinidad and Tobago\">Trinidad y Tobago<\/option>\n\t\t\t\t\t\t\t\t\t<option value=\"Tunisia\">T\u00fanez<\/option>\n\t\t\t\t\t\t\t\t\t<option value=\"Turkey\">Turqu\u00eda<\/option>\n\t\t\t\t\t\t\t\t\t<option value=\"Turkmenistan\">Turkmenist\u00e1n<\/option>\n\t\t\t\t\t\t\t\t\t<option value=\"Tuvalu\">Tuvalu<\/option>\n\t\t\t\t\t\t\t\t\t<option value=\"Uganda\">Uganda<\/option>\n\t\t\t\t\t\t\t\t\t<option value=\"Ukraine\">Ucrania<\/option>\n\t\t\t\t\t\t\t\t\t<option value=\"United Arab Emirates\">Emiratos \u00c1rabes Unidos<\/option>\n\t\t\t\t\t\t\t\t\t<option value=\"United Kingdom\">Reino Unido<\/option>\n\t\t\t\t\t\t\t\t\t<option value=\"United States\">Estados Unidos<\/option>\n\t\t\t\t\t\t\t\t\t<option value=\"Uruguay\">Uruguay<\/option>\n\t\t\t\t\t\t\t\t\t<option value=\"Uzbekistan\">Uzbekist\u00e1n<\/option>\n\t\t\t\t\t\t\t\t\t<option value=\"Vanuatu\">Vanuatu<\/option>\n\t\t\t\t\t\t\t\t\t<option value=\"Vatican City\">Ciudad del Vaticano<\/option>\n\t\t\t\t\t\t\t\t\t<option value=\"Venezuela\">Venezuela<\/option>\n\t\t\t\t\t\t\t\t\t<option value=\"Vietnam\">Vietnam<\/option>\n\t\t\t\t\t\t\t\t\t<option value=\"Yemen\">Yemen<\/option>\n\t\t\t\t\t\t\t\t\t<option value=\"Zambia\">Zambia<\/option>\n\t\t\t\t\t\t\t\t\t<option value=\"Zimbabwe\">Zimbabue<\/option>\n\t\t\t\t\t\t\t<\/select>\n\t\t<\/div>\n\t\t\t\t\t\t<\/div>\n\t\t\t\t\t\t\t\t<div class=\"elementor-field-type-email elementor-field-group elementor-column elementor-field-group-email elementor-col-100 elementor-field-required elementor-mark-required\">\n\t\t\t\t\t\t\t\t\t\t\t\t<label for=\"form-field-email\" class=\"elementor-field-label\">\n\t\t\t\t\t\t\t\tCorreo electr\u00f3nico\t\t\t\t\t\t\t<\/label>\n\t\t\t\t\t\t\t\t\t\t\t\t\t\t<input size=\"1\" type=\"email\" name=\"form_fields[email]\" id=\"form-field-email\" class=\"elementor-field elementor-size-sm  elementor-field-textual\" required=\"required\" aria-required=\"true\">\n\t\t\t\t\t\t\t\t\t\t\t<\/div>\n\t\t\t\t\t\t\t\t<div class=\"elementor-field-type-textarea elementor-field-group elementor-column elementor-field-group-message elementor-col-100 elementor-field-required elementor-mark-required\">\n\t\t\t\t\t\t\t\t\t\t\t\t<label for=\"form-field-message\" class=\"elementor-field-label\">\n\t\t\t\t\t\t\t\tMensaje\t\t\t\t\t\t\t<\/label>\n\t\t\t\t\t\t<textarea class=\"elementor-field-textual elementor-field  elementor-size-sm\" name=\"form_fields[message]\" id=\"form-field-message\" rows=\"4\" required=\"required\" aria-required=\"true\"><\/textarea>\t\t\t\t<\/div>\n\t\t\t\t\t\t\t\t<div class=\"elementor-field-type-text\">\n\t\t\t\t\t<input size=\"1\" type=\"text\" name=\"form_fields[field_d2fe486]\" id=\"form-field-field_d2fe486\" class=\"elementor-field elementor-size-sm\" style=\"display:none !important;\">\t\t\t\t<\/div>\n\t\t\t\t\t\t\t\t<div class=\"elementor-field-group elementor-column elementor-field-type-submit elementor-col-100 e-form__buttons\">\n\t\t\t\t\t<button class=\"elementor-button elementor-size-sm\" type=\"submit\">\n\t\t\t\t\t\t<span class=\"elementor-button-content-wrapper\">\n\t\t\t\t\t\t\t\t\t\t\t\t\t\t\t\t\t\t\t\t\t\t<span class=\"elementor-button-text\">ENVIAR CORREO<\/span>\n\t\t\t\t\t\t\t\t\t\t\t\t\t<\/span>\n\t\t\t\t\t<\/button>\n\t\t\t\t<\/div>\n\t\t\t<\/div>\n\t\t<input type=\"hidden\" name=\"trp-form-language\" value=\"es\"\/><\/form>\n\t\t\t\t<\/div>\n\t\t\t\t<\/div>\n\t\t\t\t<\/div>\n\t\t<div class=\"elementor-element elementor-element-527cfa9 e-flex e-con-boxed e-con e-parent\" data-id=\"527cfa9\" data-element_type=\"container\">\n\t\t\t\t\t<div class=\"e-con-inner\">\n\t\t\t\t<div class=\"elementor-element elementor-element-46ab8ae elementor-widget elementor-widget-heading\" data-id=\"46ab8ae\" data-element_type=\"widget\" data-widget_type=\"heading.default\">\n\t\t\t\t<div class=\"elementor-widget-container\">\n\t\t\t<h2 class=\"elementor-heading-title elementor-size-default\"><h2 data-elementor-setting-key=\"title\" data-pen-placeholder=\"\u5728\u6b64\u8f93\u5165...\" style=\"font-style: normal;font-weight: 600;font-family: Roboto, sans-serif;font-size: 30px;text-transform: uppercase\">P\u00f3ngase en contacto<span style=\"font-family: Roboto, sans-serif;font-size: 24px;font-style: normal;font-weight: 600;text-transform: none\"><\/span><\/h2><\/h2>\t\t<\/div>\n\t\t\t\t<\/div>\n\t\t\t\t<div class=\"elementor-element elementor-element-b40cdf9 color-scheme-inherit text-left elementor-widget elementor-widget-text-editor\" data-id=\"b40cdf9\" data-element_type=\"widget\" data-widget_type=\"text-editor.default\">\n\t\t\t\t<div class=\"elementor-widget-container\">\n\t\t\t\t\t\t\t<p>Gracias por su inter\u00e9s en REEF B.<br \/>Si tiene alguna pregunta sobre productos o desea asociarse con nosotros, no dude en ponerse en contacto por correo electr\u00f3nico.<\/p>\t\t\t\t\t\t<\/div>\n\t\t\t\t<\/div>\n\t\t\t\t<div class=\"elementor-element elementor-element-35df055 elementor-widget elementor-widget-html\" data-id=\"35df055\" data-element_type=\"widget\" data-widget_type=\"html.default\">\n\t\t\t\t<div class=\"elementor-widget-container\">\n\t\t\t<p style=\"font-size: 16px;\">\n  <strong>Correo electr\u00f3nico:<\/strong>\n  <span id=\"email\"><\/span>\n<\/p>\n\n<script>\n  const u = 'support';\n  const d = 'reefb.com';\n  document.getElementById('email').innerHTML =\n    `<a href=\"mailto:${u}@${d}\">${u}@${d}<\/a>`;\n<\/script>\n\t\t<\/div>\n\t\t\t\t<\/div>\n\t\t\t\t\t<\/div>\n\t\t\t\t<\/div>\n\t\t\t\t<\/div>","protected":false},"excerpt":{"rendered":"<p>P\u00f3ngase en contacto P\u00f3ngase en contacto Gracias por su inter\u00e9s en REEF B. Si desea realizar alguna consulta sobre productos o<\/p>","protected":false},"author":1,"featured_media":0,"parent":0,"menu_order":0,"comment_status":"closed","ping_status":"closed","template":"","meta":{"_acf_changed":false,"footnotes":""},"class_list":["post-454","page","type-page","status-publish","hentry"],"acf":[],"yoast_head":"<!-- This site is optimized with the Yoast SEO plugin v20.11 - https:\/\/yoast.com\/wordpress\/plugins\/seo\/ -->\n<title>Contact Us - REEFB<\/title>\n<meta name=\"robots\" content=\"index, follow, max-snippet:-1, max-image-preview:large, max-video-preview:-1\" \/>\n<link rel=\"canonical\" href=\"https:\/\/www.reefb.com\/es\/contact-us\/\" \/>\n<meta property=\"og:locale\" content=\"es_ES\" \/>\n<meta property=\"og:type\" content=\"article\" \/>\n<meta property=\"og:title\" content=\"Contact Us - REEFB\" \/>\n<meta property=\"og:description\" content=\"Get In Touch Get In Touch Thank you for your interest in REEF B.If you have any product inquiries or\" \/>\n<meta property=\"og:url\" content=\"https:\/\/www.reefb.com\/es\/contact-us\/\" \/>\n<meta property=\"og:site_name\" content=\"REEFB\" \/>\n<meta property=\"article:modified_time\" content=\"2025-07-23T04:20:27+00:00\" \/>\n<meta name=\"twitter:card\" content=\"summary_large_image\" \/>\n<meta name=\"twitter:label1\" content=\"Tiempo de lectura\" \/>\n\t<meta name=\"twitter:data1\" content=\"2 minutos\" \/>\n<script type=\"application\/ld+json\" class=\"yoast-schema-graph\">{\"@context\":\"https:\/\/schema.org\",\"@graph\":[{\"@type\":\"WebPage\",\"@id\":\"https:\/\/www.reefb.com\/contact-us\/\",\"url\":\"https:\/\/www.reefb.com\/contact-us\/\",\"name\":\"Contact Us - REEFB\",\"isPartOf\":{\"@id\":\"https:\/\/www.reefb.com\/#website\"},\"datePublished\":\"2024-09-23T03:33:40+00:00\",\"dateModified\":\"2025-07-23T04:20:27+00:00\",\"breadcrumb\":{\"@id\":\"https:\/\/www.reefb.com\/contact-us\/#breadcrumb\"},\"inLanguage\":\"es\",\"potentialAction\":[{\"@type\":\"ReadAction\",\"target\":[\"https:\/\/www.reefb.com\/contact-us\/\"]}]},{\"@type\":\"BreadcrumbList\",\"@id\":\"https:\/\/www.reefb.com\/contact-us\/#breadcrumb\",\"itemListElement\":[{\"@type\":\"ListItem\",\"position\":1,\"name\":\"\u9996\u9875\",\"item\":\"https:\/\/www.reefb.com\/\"},{\"@type\":\"ListItem\",\"position\":2,\"name\":\"Contact Us\"}]},{\"@type\":\"WebSite\",\"@id\":\"https:\/\/www.reefb.com\/#website\",\"url\":\"https:\/\/www.reefb.com\/\",\"name\":\"REEFB\",\"description\":\"\",\"potentialAction\":[{\"@type\":\"SearchAction\",\"target\":{\"@type\":\"EntryPoint\",\"urlTemplate\":\"https:\/\/www.reefb.com\/?s={search_term_string}\"},\"query-input\":\"required name=search_term_string\"}],\"inLanguage\":\"es\"}]}<\/script>\n<!-- \/ Yoast SEO plugin. -->","yoast_head_json":{"title":"Contact Us - REEFB","robots":{"index":"index","follow":"follow","max-snippet":"max-snippet:-1","max-image-preview":"max-image-preview:large","max-video-preview":"max-video-preview:-1"},"canonical":"https:\/\/www.reefb.com\/es\/contact-us\/","og_locale":"es_ES","og_type":"article","og_title":"Contact Us - REEFB","og_description":"Get In Touch Get In Touch Thank you for your interest in REEF B.If you have any product inquiries or","og_url":"https:\/\/www.reefb.com\/es\/contact-us\/","og_site_name":"REEFB","article_modified_time":"2025-07-23T04:20:27+00:00","twitter_card":"summary_large_image","twitter_misc":{"Tiempo de lectura":"2 minutos"},"schema":{"@context":"https:\/\/schema.org","@graph":[{"@type":"WebPage","@id":"https:\/\/www.reefb.com\/contact-us\/","url":"https:\/\/www.reefb.com\/contact-us\/","name":"Contact Us - REEFB","isPartOf":{"@id":"https:\/\/www.reefb.com\/#website"},"datePublished":"2024-09-23T03:33:40+00:00","dateModified":"2025-07-23T04:20:27+00:00","breadcrumb":{"@id":"https:\/\/www.reefb.com\/contact-us\/#breadcrumb"},"inLanguage":"es","potentialAction":[{"@type":"ReadAction","target":["https:\/\/www.reefb.com\/contact-us\/"]}]},{"@type":"BreadcrumbList","@id":"https:\/\/www.reefb.com\/contact-us\/#breadcrumb","itemListElement":[{"@type":"ListItem","position":1,"name":"\u9996\u9875","item":"https:\/\/www.reefb.com\/"},{"@type":"ListItem","position":2,"name":"Contact Us"}]},{"@type":"WebSite","@id":"https:\/\/www.reefb.com\/#website","url":"https:\/\/www.reefb.com\/","name":"REEFB","description":"","potentialAction":[{"@type":"SearchAction","target":{"@type":"EntryPoint","urlTemplate":"https:\/\/www.reefb.com\/?s={search_term_string}"},"query-input":"required name=search_term_string"}],"inLanguage":"es"}]}},"_links":{"self":[{"href":"https:\/\/www.reefb.com\/es\/wp-json\/wp\/v2\/pages\/454","targetHints":{"allow":["GET"]}}],"collection":[{"href":"https:\/\/www.reefb.com\/es\/wp-json\/wp\/v2\/pages"}],"about":[{"href":"https:\/\/www.reefb.com\/es\/wp-json\/wp\/v2\/types\/page"}],"author":[{"embeddable":true,"href":"https:\/\/www.reefb.com\/es\/wp-json\/wp\/v2\/users\/1"}],"replies":[{"embeddable":true,"href":"https:\/\/www.reefb.com\/es\/wp-json\/wp\/v2\/comments?post=454"}],"version-history":[{"count":48,"href":"https:\/\/www.reefb.com\/es\/wp-json\/wp\/v2\/pages\/454\/revisions"}],"predecessor-version":[{"id":3753,"href":"https:\/\/www.reefb.com\/es\/wp-json\/wp\/v2\/pages\/454\/revisions\/3753"}],"wp:attachment":[{"href":"https:\/\/www.reefb.com\/es\/wp-json\/wp\/v2\/media?parent=454"}],"curies":[{"name":"wp","href":"https:\/\/api.w.org\/{rel}","templated":true}]}}